{"id":4059,"date":"2023-03-03T09:18:13","date_gmt":"2023-03-03T08:18:13","guid":{"rendered":"http:\/\/nordrest.juliet.utvecklingswebb.se\/?page_id=4059"},"modified":"2025-02-25T13:14:03","modified_gmt":"2025-02-25T12:14:03","slug":"hallbarhet","status":"publish","type":"page","link":"https:\/\/nordrest.fi\/sv\/hallbarhet\/","title":{"rendered":"H\u00e5llbarhet"},"content":{"rendered":"\t\t<div data-elementor-type=\"wp-page\" data-elementor-id=\"4059\" class=\"elementor elementor-4059\" data-elementor-post-type=\"page\">\n\t\t\t\t<div class=\"elementor-element elementor-element-687f3e5 e-ecs-flex e-flex e-con-boxed e-con e-parent\" data-id=\"687f3e5\" data-element_type=\"container\" data-e-type=\"container\" data-settings=\"{&quot;background_background&quot;:&quot;classic&quot;,&quot;ecs_container_type&quot;:&quot;flex&quot;}\">\n\t\t\t\t\t<div class=\"e-con-inner\">\n\t\t<div class=\"elementor-element elementor-element-9c60167 e-con-full e-ecs-flex e-flex e-con e-child\" data-id=\"9c60167\" data-element_type=\"container\" data-e-type=\"container\" data-settings=\"{&quot;ecs_container_type&quot;:&quot;flex&quot;}\">\n\t\t\t\t<div class=\"elementor-element elementor-element-1584cfc elementor-widget elementor-widget-heading\" data-id=\"1584cfc\" data-element_type=\"widget\" data-e-type=\"widget\" data-widget_type=\"heading.default\">\n\t\t\t\t\t<h1 class=\"elementor-heading-title elementor-size-default\">H\u00e5llbarhet hos Nordrest<\/h1>\t\t\t\t<\/div>\n\t\t\t\t<div class=\"elementor-element elementor-element-99ad6a2 elementor-widget__width-initial elementor-widget-tablet__width-inherit elementor-widget-mobile__width-inherit elementor-widget elementor-widget-text-editor\" data-id=\"99ad6a2\" data-element_type=\"widget\" data-e-type=\"widget\" data-widget_type=\"text-editor.default\">\n\t\t\t\t\t\t\t\t\t<p>H\u00e5llbarhet \u00e4r en sj\u00e4lvklar del av v\u00e5r verksamhet. Vi arbetar aktivt f\u00f6r att minska v\u00e5r milj\u00f6p\u00e5verkan och skapa en mer inkluderande och ansvarsfull bransch.<\/p>\t\t\t\t\t\t\t\t<\/div>\n\t\t\t\t<\/div>\n\t\t<div data-dce-background-image-url=\"https:\/\/nordrest.fi\/wp-content\/uploads\/2023\/08\/Nordrest-01-scaled.webp\" class=\"elementor-element elementor-element-f8dfe5a e-con-full e-ecs-flex e-flex e-con e-child\" data-id=\"f8dfe5a\" data-element_type=\"container\" data-e-type=\"container\" data-settings=\"{&quot;background_background&quot;:&quot;classic&quot;,&quot;ecs_container_type&quot;:&quot;flex&quot;}\">\n\t\t\t\t<\/div>\n\t\t\t\t\t<\/div>\n\t\t\t\t<\/div>\n\t\t<div class=\"elementor-element elementor-element-bd85e76 e-ecs-flex e-flex e-con-boxed e-con e-parent\" data-id=\"bd85e76\" data-element_type=\"container\" data-e-type=\"container\" data-settings=\"{&quot;background_background&quot;:&quot;classic&quot;,&quot;ecs_container_type&quot;:&quot;flex&quot;}\">\n\t\t\t\t\t<div class=\"e-con-inner\">\n\t\t\t\t<div class=\"elementor-element elementor-element-6c50311 elementor-widget__width-initial elementor-widget elementor-widget-heading\" data-id=\"6c50311\" data-element_type=\"widget\" data-e-type=\"widget\" data-widget_type=\"heading.default\">\n\t\t\t\t\t<h3 class=\"elementor-heading-title elementor-size-default\">V\u00e5r h\u00e5llbarhetsstrategi bygger p\u00e5 tre huvudomr\u00e5den:<\/h3>\t\t\t\t<\/div>\n\t\t<div class=\"elementor-element elementor-element-df751e5 e-con-full elementor-hidden-desktop elementor-hidden-tablet elementor-hidden-mobile e-ecs-flex e-flex e-con e-child\" data-id=\"df751e5\" data-element_type=\"container\" data-e-type=\"container\" data-settings=\"{&quot;ecs_container_type&quot;:&quot;flex&quot;}\">\n\t\t<div data-dce-background-overlay-color=\"#080808\" data-dce-background-image-url=\"https:\/\/nordrest.fi\/wp-content\/uploads\/2023\/03\/Nordrest-Policy-for-social-hallbarhet.webp\" class=\"elementor-element elementor-element-3e26486 e-con-full e-ecs-flex e-flex e-con e-child\" data-id=\"3e26486\" data-element_type=\"container\" data-e-type=\"container\" data-settings=\"{&quot;background_background&quot;:&quot;classic&quot;,&quot;ecs_container_type&quot;:&quot;flex&quot;}\">\n\t\t\t\t<div class=\"elementor-element elementor-element-d68ad72 elementor-widget elementor-widget-heading\" data-id=\"d68ad72\" data-element_type=\"widget\" data-e-type=\"widget\" data-widget_type=\"heading.default\">\n\t\t\t\t\t<h3 class=\"elementor-heading-title elementor-size-default\">Ekologisk h\u00e5llbarhet<\/h3>\t\t\t\t<\/div>\n\t\t\t\t<div class=\"elementor-element elementor-element-937abb2 elementor-widget elementor-widget-text-editor\" data-id=\"937abb2\" data-element_type=\"widget\" data-e-type=\"widget\" data-widget_type=\"text-editor.default\">\n\t\t\t\t\t\t\t\t\t<p>\u00a0\u2013 Vi arbetar f\u00f6r att minska matsvinn, v\u00e4lja ansvarsfullt producerade r\u00e5varor och optimera transporter f\u00f6r en l\u00e4gre klimatp\u00e5verkan.<\/p>\t\t\t\t\t\t\t\t<\/div>\n\t\t\t\t<\/div>\n\t\t<div data-dce-background-image-url=\"https:\/\/nordrest.fi\/wp-content\/uploads\/2023\/03\/Nordrest-Karma-app.webp\" class=\"elementor-element elementor-element-0d5675d e-con-full e-ecs-flex e-flex e-con e-child\" data-id=\"0d5675d\" data-element_type=\"container\" data-e-type=\"container\" data-settings=\"{&quot;background_background&quot;:&quot;classic&quot;,&quot;ecs_container_type&quot;:&quot;flex&quot;}\">\n\t\t\t\t<div class=\"elementor-element elementor-element-96ca4bd elementor-widget elementor-widget-heading\" data-id=\"96ca4bd\" data-element_type=\"widget\" data-e-type=\"widget\" data-widget_type=\"heading.default\">\n\t\t\t\t\t<h3 class=\"elementor-heading-title elementor-size-default\">Ekonomisk h\u00e5llbarhet<\/h3>\t\t\t\t<\/div>\n\t\t\t\t<div class=\"elementor-element elementor-element-0f59612 elementor-widget elementor-widget-text-editor\" data-id=\"0f59612\" data-element_type=\"widget\" data-e-type=\"widget\" data-widget_type=\"text-editor.default\">\n\t\t\t\t\t\t\t\t\t<p>\u2013 En l\u00f6nsam och stabil verksamhet \u00e4r nyckeln till att kunna forts\u00e4tta investera i h\u00e5llbara l\u00f6sningar och skapa trygghet f\u00f6r v\u00e5ra medarbetare och kunder.<\/p>\t\t\t\t\t\t\t\t<\/div>\n\t\t\t\t<\/div>\n\t\t<div data-dce-background-image-url=\"https:\/\/nordrest.fi\/wp-content\/uploads\/2023\/09\/Nordrest-1.webp\" class=\"elementor-element elementor-element-bd42880 e-con-full e-ecs-flex e-flex e-con e-child\" data-id=\"bd42880\" data-element_type=\"container\" data-e-type=\"container\" data-settings=\"{&quot;background_background&quot;:&quot;classic&quot;,&quot;ecs_container_type&quot;:&quot;flex&quot;}\">\n\t\t\t\t<div class=\"elementor-element elementor-element-71cd7cf elementor-widget elementor-widget-heading\" data-id=\"71cd7cf\" data-element_type=\"widget\" data-e-type=\"widget\" data-widget_type=\"heading.default\">\n\t\t\t\t\t<h3 class=\"elementor-heading-title elementor-size-default\">Social h\u00e5llbarhet<\/h3>\t\t\t\t<\/div>\n\t\t\t\t<div class=\"elementor-element elementor-element-ef66904 elementor-widget elementor-widget-text-editor\" data-id=\"ef66904\" data-element_type=\"widget\" data-e-type=\"widget\" data-widget_type=\"text-editor.default\">\n\t\t\t\t\t\t\t\t\t<p>\u2013 Vi str\u00e4var efter en inkluderande arbetsplats och samh\u00e4lle, d\u00e4r alla behandlas lika oavsett k\u00f6n, etnicitet, \u00e5lder, funktionsneds\u00e4ttning, sexuell l\u00e4ggning eller trosuppfattning.<\/p>\t\t\t\t\t\t\t\t<\/div>\n\t\t\t\t<\/div>\n\t\t\t\t<\/div>\n\t\t<div class=\"elementor-element elementor-element-782c7d6 e-con-full e-ecs-flex e-flex e-con e-child\" data-id=\"782c7d6\" data-element_type=\"container\" data-e-type=\"container\" data-settings=\"{&quot;ecs_container_type&quot;:&quot;flex&quot;}\">\n\t\t<div class=\"elementor-element elementor-element-3008876 e-con-full e-ecs-flex e-flex e-con e-child\" data-id=\"3008876\" data-element_type=\"container\" data-e-type=\"container\" data-settings=\"{&quot;background_background&quot;:&quot;classic&quot;,&quot;ecs_container_type&quot;:&quot;flex&quot;}\">\n\t\t<div data-dce-background-image-url=\"https:\/\/nordrest.fi\/wp-content\/uploads\/2023\/03\/Nordrest-Policy-for-social-hallbarhet.webp\" class=\"elementor-element elementor-element-668001f e-con-full e-ecs-flex e-flex e-con e-child\" data-id=\"668001f\" data-element_type=\"container\" data-e-type=\"container\" data-settings=\"{&quot;background_background&quot;:&quot;classic&quot;,&quot;ecs_container_type&quot;:&quot;flex&quot;}\">\n\t\t\t\t<\/div>\n\t\t<div class=\"elementor-element elementor-element-fd888fe e-con-full e-ecs-flex e-flex e-con e-child\" data-id=\"fd888fe\" data-element_type=\"container\" data-e-type=\"container\" data-settings=\"{&quot;ecs_container_type&quot;:&quot;flex&quot;}\">\n\t\t\t\t<div class=\"elementor-element elementor-element-d20f133 elementor-widget elementor-widget-heading\" data-id=\"d20f133\" data-element_type=\"widget\" data-e-type=\"widget\" data-widget_type=\"heading.default\">\n\t\t\t\t\t<h3 class=\"elementor-heading-title elementor-size-default\">Ekologisk h\u00e5llbarhet<\/h3>\t\t\t\t<\/div>\n\t\t\t\t<div class=\"elementor-element elementor-element-ea4de01 elementor-widget elementor-widget-text-editor\" data-id=\"ea4de01\" data-element_type=\"widget\" data-e-type=\"widget\" data-widget_type=\"text-editor.default\">\n\t\t\t\t\t\t\t\t\t<p>\u00a0\u2013 Vi arbetar f\u00f6r att minska matsvinn, v\u00e4lja ansvarsfullt producerade r\u00e5varor och optimera transporter f\u00f6r en l\u00e4gre klimatp\u00e5verkan.<\/p>\t\t\t\t\t\t\t\t<\/div>\n\t\t\t\t<\/div>\n\t\t\t\t<\/div>\n\t\t<div class=\"elementor-element elementor-element-a9dce20 e-con-full e-ecs-flex e-flex e-con e-child\" data-id=\"a9dce20\" data-element_type=\"container\" data-e-type=\"container\" data-settings=\"{&quot;background_background&quot;:&quot;classic&quot;,&quot;ecs_container_type&quot;:&quot;flex&quot;}\">\n\t\t<div data-dce-background-image-url=\"https:\/\/nordrest.fi\/wp-content\/uploads\/2023\/03\/Nordrest-Karma-app.webp\" class=\"elementor-element elementor-element-d9c604c e-con-full e-ecs-flex e-flex e-con e-child\" data-id=\"d9c604c\" data-element_type=\"container\" data-e-type=\"container\" data-settings=\"{&quot;background_background&quot;:&quot;classic&quot;,&quot;ecs_container_type&quot;:&quot;flex&quot;}\">\n\t\t\t\t<\/div>\n\t\t<div class=\"elementor-element elementor-element-42593a1 e-con-full e-ecs-flex e-flex e-con e-child\" data-id=\"42593a1\" data-element_type=\"container\" data-e-type=\"container\" data-settings=\"{&quot;ecs_container_type&quot;:&quot;flex&quot;}\">\n\t\t\t\t<div class=\"elementor-element elementor-element-b8e6544 elementor-widget elementor-widget-heading\" data-id=\"b8e6544\" data-element_type=\"widget\" data-e-type=\"widget\" data-widget_type=\"heading.default\">\n\t\t\t\t\t<h3 class=\"elementor-heading-title elementor-size-default\">Ekonomisk h\u00e5llbarhet<\/h3>\t\t\t\t<\/div>\n\t\t\t\t<div class=\"elementor-element elementor-element-4b18136 elementor-widget elementor-widget-text-editor\" data-id=\"4b18136\" data-element_type=\"widget\" data-e-type=\"widget\" data-widget_type=\"text-editor.default\">\n\t\t\t\t\t\t\t\t\t<p>\u2013 En l\u00f6nsam och stabil verksamhet \u00e4r nyckeln till att kunna forts\u00e4tta investera i h\u00e5llbara l\u00f6sningar och skapa trygghet f\u00f6r v\u00e5ra medarbetare och kunder.<\/p>\t\t\t\t\t\t\t\t<\/div>\n\t\t\t\t<\/div>\n\t\t\t\t<\/div>\n\t\t<div class=\"elementor-element elementor-element-da9fdd9 e-con-full e-ecs-flex e-flex e-con e-child\" data-id=\"da9fdd9\" data-element_type=\"container\" data-e-type=\"container\" data-settings=\"{&quot;background_background&quot;:&quot;classic&quot;,&quot;ecs_container_type&quot;:&quot;flex&quot;}\">\n\t\t<div data-dce-background-image-url=\"https:\/\/nordrest.fi\/wp-content\/uploads\/2023\/09\/Nordrest-1.webp\" class=\"elementor-element elementor-element-6a89fd5 e-con-full e-ecs-flex e-flex e-con e-child\" data-id=\"6a89fd5\" data-element_type=\"container\" data-e-type=\"container\" data-settings=\"{&quot;background_background&quot;:&quot;classic&quot;,&quot;ecs_container_type&quot;:&quot;flex&quot;}\">\n\t\t\t\t<\/div>\n\t\t<div class=\"elementor-element elementor-element-2d3db73 e-con-full e-ecs-flex e-flex e-con e-child\" data-id=\"2d3db73\" data-element_type=\"container\" data-e-type=\"container\" data-settings=\"{&quot;ecs_container_type&quot;:&quot;flex&quot;}\">\n\t\t\t\t<div class=\"elementor-element elementor-element-2f93b8d elementor-widget elementor-widget-heading\" data-id=\"2f93b8d\" data-element_type=\"widget\" data-e-type=\"widget\" data-widget_type=\"heading.default\">\n\t\t\t\t\t<h3 class=\"elementor-heading-title elementor-size-default\">Social h\u00e5llbarhet<\/h3>\t\t\t\t<\/div>\n\t\t\t\t<div class=\"elementor-element elementor-element-4d02ca9 elementor-widget elementor-widget-text-editor\" data-id=\"4d02ca9\" data-element_type=\"widget\" data-e-type=\"widget\" data-widget_type=\"text-editor.default\">\n\t\t\t\t\t\t\t\t\t<p>\u2013 Vi str\u00e4var efter en inkluderande arbetsplats och samh\u00e4lle, d\u00e4r alla behandlas lika oavsett k\u00f6n, etnicitet, \u00e5lder, funktionsneds\u00e4ttning, sexuell l\u00e4ggning eller trosuppfattning.<\/p>\t\t\t\t\t\t\t\t<\/div>\n\t\t\t\t<\/div>\n\t\t\t\t<\/div>\n\t\t\t\t<\/div>\n\t\t\t\t\t<\/div>\n\t\t\t\t<\/div>\n\t\t<div class=\"elementor-element elementor-element-381d894 e-ecs-flex e-flex e-con-boxed e-con e-parent\" data-id=\"381d894\" data-element_type=\"container\" data-e-type=\"container\" data-settings=\"{&quot;background_background&quot;:&quot;classic&quot;,&quot;ecs_container_type&quot;:&quot;flex&quot;}\">\n\t\t\t\t\t<div class=\"e-con-inner\">\n\t\t<div class=\"elementor-element elementor-element-991a7a8 e-con-full e-ecs-flex e-flex e-con e-child\" data-id=\"991a7a8\" data-element_type=\"container\" data-e-type=\"container\" data-settings=\"{&quot;ecs_container_type&quot;:&quot;flex&quot;}\">\n\t\t\t\t<div class=\"elementor-element elementor-element-2cf5b61 elementor-widget elementor-widget-text-editor\" data-id=\"2cf5b61\" data-element_type=\"widget\" data-e-type=\"widget\" data-widget_type=\"text-editor.default\">\n\t\t\t\t\t\t\t\t\t<p>F\u00f6r att s\u00e4kerst\u00e4lla att vi lever upp till v\u00e5rt l\u00f6fte om en schysst verksamhet st\u00e4ller vi h\u00f6ga krav p\u00e5 v\u00e5ra leverant\u00f6rer och samarbetspartners. Genom v\u00e5r uppf\u00f6randekod ser vi till att alla delar v\u00e5ra v\u00e4rderingar och bidrar till en mer h\u00e5llbar framtid.<\/p><p>Vi p\u00e5 Nordrest \u00e4r \u00f6vertygade om att god mat kan g\u00f6ra skillnad \u2013 b\u00e5de f\u00f6r m\u00e4nniskor och f\u00f6r planeten.<\/p>\t\t\t\t\t\t\t\t<\/div>\n\t\t\t\t<\/div>\n\t\t<div class=\"elementor-element elementor-element-4facb5d e-con-full e-ecs-flex e-flex e-con e-child\" data-id=\"4facb5d\" data-element_type=\"container\" data-e-type=\"container\" data-settings=\"{&quot;ecs_container_type&quot;:&quot;flex&quot;}\">\n\t\t\t\t<div class=\"elementor-element elementor-element-f74caa5 elementor-widget elementor-widget-image\" data-id=\"f74caa5\" data-element_type=\"widget\" data-e-type=\"widget\" data-widget_type=\"image.default\">\n\t\t\t\t\t\t\t\t\t\t\t\t\t\t\t<img fetchpriority=\"high\" decoding=\"async\" width=\"800\" height=\"488\" src=\"https:\/\/nordrest.fi\/wp-content\/uploads\/2019\/12\/Nordrest-Core-HQ-Logotyp-Staende-Sekundar-Original.svg\" class=\"attachment-large size-large wp-image-6386\" alt=\"Nordrest Logotyp\" \/>\t\t\t\t\t\t\t\t\t\t\t\t\t\t\t<\/div>\n\t\t\t\t<\/div>\n\t\t\t\t\t<\/div>\n\t\t\t\t<\/div>\n\t\t\t\t<\/div>\n\t\t","protected":false},"excerpt":{"rendered":"<p>H\u00e5llbarhet hos Nordrest H\u00e5llbarhet \u00e4r en sj\u00e4lvklar del av v\u00e5r verksamhet. Vi arbetar aktivt f\u00f6r att minska v\u00e5r milj\u00f6p\u00e5verkan och skapa en mer inkluderande och ansvarsfull bransch. V\u00e5r h\u00e5llbarhetsstrategi bygger p\u00e5 tre huvudomr\u00e5den: Ekologisk h\u00e5llbarhet \u00a0\u2013 Vi arbetar f\u00f6r att minska matsvinn, v\u00e4lja ansvarsfullt producerade r\u00e5varor och optimera transporter f\u00f6r en l\u00e4gre klimatp\u00e5verkan. Ekonomisk h\u00e5llbarhet [&hellip;]<\/p>\n","protected":false},"author":5,"featured_media":0,"parent":0,"menu_order":20,"comment_status":"closed","ping_status":"closed","template":"","meta":{"_acf_changed":false,"footnotes":""},"class_list":["post-4059","page","type-page","status-publish","hentry"],"acf":[],"_links":{"self":[{"href":"https:\/\/nordrest.fi\/sv\/wp-json\/wp\/v2\/pages\/4059","targetHints":{"allow":["GET"]}}],"collection":[{"href":"https:\/\/nordrest.fi\/sv\/wp-json\/wp\/v2\/pages"}],"about":[{"href":"https:\/\/nordrest.fi\/sv\/wp-json\/wp\/v2\/types\/page"}],"author":[{"embeddable":true,"href":"https:\/\/nordrest.fi\/sv\/wp-json\/wp\/v2\/users\/5"}],"replies":[{"embeddable":true,"href":"https:\/\/nordrest.fi\/sv\/wp-json\/wp\/v2\/comments?post=4059"}],"version-history":[{"count":0,"href":"https:\/\/nordrest.fi\/sv\/wp-json\/wp\/v2\/pages\/4059\/revisions"}],"wp:attachment":[{"href":"https:\/\/nordrest.fi\/sv\/wp-json\/wp\/v2\/media?parent=4059"}],"curies":[{"name":"wp","href":"https:\/\/api.w.org\/{rel}","templated":true}]}}