{"id":4053,"date":"2023-03-03T09:17:37","date_gmt":"2023-03-03T08:17:37","guid":{"rendered":"http:\/\/nordrest.juliet.utvecklingswebb.se\/?page_id=4053"},"modified":"2025-10-08T19:47:01","modified_gmt":"2025-10-08T17:47:01","slug":"om-oss","status":"publish","type":"page","link":"https:\/\/nordrest.fi\/sv\/om-oss\/","title":{"rendered":"Om oss"},"content":{"rendered":"\t\t<div data-elementor-type=\"wp-page\" data-elementor-id=\"4053\" class=\"elementor elementor-4053\" data-elementor-post-type=\"page\">\n\t\t\t\t<div class=\"elementor-element elementor-element-cfa5e8f e-ecs-flex e-flex e-con-boxed e-con e-parent\" data-id=\"cfa5e8f\" data-element_type=\"container\" data-e-type=\"container\" data-settings=\"{&quot;background_background&quot;:&quot;classic&quot;,&quot;ecs_container_type&quot;:&quot;flex&quot;}\">\n\t\t\t\t\t<div class=\"e-con-inner\">\n\t\t<div class=\"elementor-element elementor-element-d383efd e-con-full e-ecs-flex e-flex e-con e-child\" data-id=\"d383efd\" data-element_type=\"container\" data-e-type=\"container\" data-settings=\"{&quot;ecs_container_type&quot;:&quot;flex&quot;}\">\n\t\t\t\t<div class=\"elementor-element elementor-element-cb6ee9b elementor-widget elementor-widget-heading\" data-id=\"cb6ee9b\" data-element_type=\"widget\" data-e-type=\"widget\" data-widget_type=\"heading.default\">\n\t\t\t\t\t<h1 class=\"elementor-heading-title elementor-size-default\">Om oss p\u00e5 Nordrest<\/h1>\t\t\t\t<\/div>\n\t\t\t\t<div class=\"elementor-element elementor-element-071c60b elementor-widget__width-initial elementor-widget-tablet__width-inherit elementor-widget-mobile__width-inherit elementor-widget elementor-widget-text-editor\" data-id=\"071c60b\" data-element_type=\"widget\" data-e-type=\"widget\" data-widget_type=\"text-editor.default\">\n\t\t\t\t\t\t\t\t\t<p>Vi p\u00e5 Nordrest tror att en god m\u00e5ltid handlar om mer \u00e4n bara maten p\u00e5 tallriken. Det handlar om smak, kvalitet och omtanke \u2013 f\u00f6r g\u00e4sten, f\u00f6r medarbetaren och f\u00f6r v\u00e5r planet.<\/p><p>Med r\u00f6tter i Sverige och en passion f\u00f6r nordiska smaker har vi vuxit till en ledande restaurangkoncern. V\u00e5ra \u00f6ver 200 restauranger i Sverige och Finland erbjuder h\u00e5llbara och v\u00e4lsmakande r\u00e4tter, lagade p\u00e5 noggrant utvalda r\u00e5varor med passion och omsorg.<\/p>\t\t\t\t\t\t\t\t<\/div>\n\t\t\t\t<div class=\"elementor-element elementor-element-a399f6d elementor-widget__width-initial elementor-widget-tablet__width-inherit elementor-widget-mobile__width-inherit elementor-widget elementor-widget-toggle\" data-id=\"a399f6d\" data-element_type=\"widget\" data-e-type=\"widget\" data-widget_type=\"toggle.default\">\n\t\t\t\t\t\t\t<div class=\"elementor-toggle\">\n\t\t\t\t\t\t\t<div class=\"elementor-toggle-item\">\n\t\t\t\t\t<div id=\"elementor-tab-title-1711\" class=\"elementor-tab-title\" data-tab=\"1\" role=\"button\" aria-controls=\"elementor-tab-content-1711\" aria-expanded=\"false\">\n\t\t\t\t\t\t\t\t\t\t\t\t<span class=\"elementor-toggle-icon elementor-toggle-icon-left\" aria-hidden=\"true\">\n\t\t\t\t\t\t\t\t\t\t\t\t\t\t\t<span class=\"elementor-toggle-icon-closed\"><i class=\"fas fa-caret-right\"><\/i><\/span>\n\t\t\t\t\t\t\t\t<span class=\"elementor-toggle-icon-opened\"><i class=\"elementor-toggle-icon-opened fas fa-caret-up\"><\/i><\/span>\n\t\t\t\t\t\t\t\t\t\t\t\t\t<\/span>\n\t\t\t\t\t\t\t\t\t\t\t\t<a class=\"elementor-toggle-title\" tabindex=\"0\">L\u00e4s mer<\/a>\n\t\t\t\t\t<\/div>\n\n\t\t\t\t\t<div id=\"elementor-tab-content-1711\" class=\"elementor-tab-content elementor-clearfix\" data-tab=\"1\" role=\"region\" aria-labelledby=\"elementor-tab-title-1711\"><p>Vi kombinerar lokal styrning med nordiska v\u00e4rderingar och h\u00e5llbarhet i fokus. Genom att samarbeta med lokala akt\u00f6rer skapar vi r\u00e4tter d\u00e4r kvalitet och smak st\u00e5r i centrum. Oavsett om du bes\u00f6ker oss f\u00f6r en snabb bit mat eller en l\u00e4ngre m\u00e5ltid, vill vi att du ska k\u00e4nna skillnaden.<\/p><p>Nordrest grundades 2014 av Thomas Dahlstedt och har sedan dess vuxit stadigt och l\u00f6nsamt. Idag driver vi \u00f6ver 200 restauranger i Sverige och Finland och \u00e4r en av de ledande akt\u00f6rerna inom food service. V\u00e5ra restauranger finns inom allt fr\u00e5n f\u00f6retag och skolor till v\u00e5rd och trafikmilj\u00f6er. Under 2024 blev Nordrest b\u00f6rsnoterat, ett steg som st\u00e4rker v\u00e5r ambition att forts\u00e4tta utvecklas och driva framtidens restaurangl\u00f6sningar med hj\u00e4rta och ansvar.<\/p><p>F\u00f6rutom v\u00e5ra framg\u00e5ngsrika restaurangkoncept erbjuder vi restaurangl\u00f6sningar som \u00e4r helt skr\u00e4ddarsydda. Vi anpassar koncepten utifr\u00e5n ert behov, matg\u00e4ster och platsens f\u00f6ruts\u00e4ttningar. Meny, service och drift utformas med precision f\u00f6r att m\u00f6ta just era krav. Genom att kombinera expertis inom mat och g\u00e4stupplevelser skapar Nordrest unika restaurangl\u00f6sningar som \u00e4r helt anpassade efter er verksamhet.<br \/>V\u00e4lkommen att uppleva en schysstare m\u00e5ltidsupplevelse \u2013 p\u00e5 riktigt.<\/p><\/div>\n\t\t\t\t<\/div>\n\t\t\t\t\t\t\t\t<\/div>\n\t\t\t\t\t\t<\/div>\n\t\t\t\t<\/div>\n\t\t<div data-dce-background-overlay-color=\"#080808\" class=\"elementor-element elementor-element-f54e511 e-con-full e-ecs-flex e-flex e-con e-child\" data-id=\"f54e511\" data-element_type=\"container\" data-e-type=\"container\" data-settings=\"{&quot;background_background&quot;:&quot;video&quot;,&quot;background_video_link&quot;:&quot;https:\\\/\\\/nordrest.fi\\\/wp-content\\\/uploads\\\/2023\\\/09\\\/Nordrest-Webbfilm-2023.mp4&quot;,&quot;background_play_on_mobile&quot;:&quot;yes&quot;,&quot;ecs_container_type&quot;:&quot;flex&quot;}\">\n\t\t<div class=\"elementor-background-video-container\">\n\t\t\t\t\t\t\t<video class=\"elementor-background-video-hosted\" role=\"presentation\" autoplay muted playsinline loop><\/video>\n\t\t\t\t\t<\/div>\t\t<div data-dce-title-color=\"#FFFFFF99\" class=\"elementor-element elementor-element-d69aa9b elementor-view-default elementor-position-block-start elementor-mobile-position-block-start elementor-widget elementor-widget-icon-box\" data-id=\"d69aa9b\" data-element_type=\"widget\" data-e-type=\"widget\" data-widget_type=\"icon-box.default\">\n\t\t\t\t\t\t\t<div class=\"elementor-icon-box-wrapper\">\n\n\t\t\t\t\t\t<div class=\"elementor-icon-box-icon\">\n\t\t\t\t<a href=\"#elementor-action%3Aaction%3Dlightbox%26settings%3DeyJ0eXBlIjoidmlkZW8iLCJ2aWRlb1R5cGUiOiJ5b3V0dWJlIiwidXJsIjoiaHR0cHM6XC9cL3d3dy55b3V0dWJlLmNvbVwvZW1iZWRcL2F6RENQQm9HRmJjP2ZlYXR1cmU9b2VtYmVkIn0%3D\" class=\"elementor-icon\" tabindex=\"-1\" aria-label=\"Spela video\">\n\t\t\t\t<i aria-hidden=\"true\" class=\"fas fa-play\"><\/i>\t\t\t\t<\/a>\n\t\t\t<\/div>\n\t\t\t\n\t\t\t\t\t\t<div class=\"elementor-icon-box-content\">\n\n\t\t\t\t\t\t\t\t\t<h3 class=\"elementor-icon-box-title\">\n\t\t\t\t\t\t<a href=\"#elementor-action%3Aaction%3Dlightbox%26settings%3DeyJ0eXBlIjoidmlkZW8iLCJ2aWRlb1R5cGUiOiJ5b3V0dWJlIiwidXJsIjoiaHR0cHM6XC9cL3d3dy55b3V0dWJlLmNvbVwvZW1iZWRcL2F6RENQQm9HRmJjP2ZlYXR1cmU9b2VtYmVkIn0%3D\" >\n\t\t\t\t\t\t\tSpela video\t\t\t\t\t\t<\/a>\n\t\t\t\t\t<\/h3>\n\t\t\t\t\n\t\t\t\t\n\t\t\t<\/div>\n\t\t\t\n\t\t<\/div>\n\t\t\t\t\t\t<\/div>\n\t\t\t\t<\/div>\n\t\t\t\t\t<\/div>\n\t\t\t\t<\/div>\n\t\t<div class=\"elementor-element elementor-element-1a069a3 e-con-full e-ecs-flex e-flex e-con e-parent\" data-id=\"1a069a3\" data-element_type=\"container\" data-e-type=\"container\" id=\"kontakta-oss\" data-settings=\"{&quot;background_background&quot;:&quot;classic&quot;,&quot;ecs_container_type&quot;:&quot;flex&quot;}\">\n\t\t<div class=\"elementor-element elementor-element-1670629 e-con-full e-ecs-flex e-flex e-con e-child\" data-id=\"1670629\" data-element_type=\"container\" data-e-type=\"container\" data-settings=\"{&quot;ecs_container_type&quot;:&quot;flex&quot;}\">\n\t\t<div class=\"elementor-element elementor-element-5af96d2 e-con-full e-ecs-flex e-flex e-con e-child\" data-id=\"5af96d2\" data-element_type=\"container\" data-e-type=\"container\" data-settings=\"{&quot;background_background&quot;:&quot;classic&quot;,&quot;ecs_container_type&quot;:&quot;flex&quot;}\">\n\t\t\t\t<div class=\"elementor-element elementor-element-5cdf47b elementor-widget elementor-widget-heading\" data-id=\"5cdf47b\" data-element_type=\"widget\" data-e-type=\"widget\" data-widget_type=\"heading.default\">\n\t\t\t\t\t<h2 class=\"elementor-heading-title elementor-size-default\">Kontakta oss<\/h2>\t\t\t\t<\/div>\n\t\t\t\t<div class=\"elementor-element elementor-element-3941267 elementor-widget elementor-widget-text-editor\" data-id=\"3941267\" data-element_type=\"widget\" data-e-type=\"widget\" data-widget_type=\"text-editor.default\">\n\t\t\t\t\t\t\t\t\t<p>Undrar du n\u00e5got? Skicka g\u00e4rna in din fr\u00e5ga eller fundering, s\u00e5 \u00e5terkommer vi snarast m\u00f6jligt f\u00f6r att hj\u00e4lpa dig.<\/p>\t\t\t\t\t\t\t\t<\/div>\n\t\t\t\t<div class=\"elementor-element elementor-element-20fb448 elementor-icon-list--layout-traditional elementor-list-item-link-full_width elementor-widget elementor-widget-icon-list\" data-id=\"20fb448\" data-element_type=\"widget\" data-e-type=\"widget\" data-widget_type=\"icon-list.default\">\n\t\t\t\t\t\t\t<ul class=\"elementor-icon-list-items\">\n\t\t\t\t\t\t\t<li class=\"elementor-icon-list-item\">\n\t\t\t\t\t\t\t\t\t\t\t<a href=\"https:\/\/www.google.com\/maps\/place\/Nordrest\/@59.3702463,17.9996421,15z\/data=!4m2!3m1!1s0x0:0x9d7b33f2f2971459?sa=X&#038;ved=2ahUKEwjcrtjKmfCBAxUoQfEDHVejDRoQ_BJ6BAhEEAA&#038;ved=2ahUKEwjcrtjKmfCBAxUoQfEDHVejDRoQ_BJ6BAhPEAc\" target=\"_blank\" rel=\"noopener\">\n\n\t\t\t\t\t\t\t\t\t\t\t\t<span class=\"elementor-icon-list-icon\">\n\t\t\t\t\t\t\t<i aria-hidden=\"true\" class=\"fas fa-map-marker-alt\"><\/i>\t\t\t\t\t\t<\/span>\n\t\t\t\t\t\t\t\t\t\t<span class=\"elementor-icon-list-text\">Nordrest, Evenemangsgatan 31, 169 79 Solna<\/span>\n\t\t\t\t\t\t\t\t\t\t\t<\/a>\n\t\t\t\t\t\t\t\t\t<\/li>\n\t\t\t\t\t\t\t\t<li class=\"elementor-icon-list-item\">\n\t\t\t\t\t\t\t\t\t\t\t<a href=\"tel:+4686270060\">\n\n\t\t\t\t\t\t\t\t\t\t\t\t<span class=\"elementor-icon-list-icon\">\n\t\t\t\t\t\t\t<i aria-hidden=\"true\" class=\"fas fa-phone-alt\"><\/i>\t\t\t\t\t\t<\/span>\n\t\t\t\t\t\t\t\t\t\t<span class=\"elementor-icon-list-text\">(+46) 08-6270060<\/span>\n\t\t\t\t\t\t\t\t\t\t\t<\/a>\n\t\t\t\t\t\t\t\t\t<\/li>\n\t\t\t\t\t\t<\/ul>\n\t\t\t\t\t\t<\/div>\n\t\t\t\t<div class=\"elementor-element elementor-element-53e9379 elementor-button-align-stretch elementor-widget elementor-widget-form\" data-id=\"53e9379\" data-element_type=\"widget\" data-e-type=\"widget\" data-settings=\"{&quot;step_next_label&quot;:&quot;N\\u00e4sta&quot;,&quot;step_previous_label&quot;:&quot;F\\u00f6reg\\u00e5ende&quot;,&quot;button_width&quot;:&quot;100&quot;,&quot;step_type&quot;:&quot;number_text&quot;,&quot;step_icon_shape&quot;:&quot;circle&quot;}\" data-widget_type=\"form.default\">\n\t\t\t\t\t\t\t<form class=\"elementor-form\" method=\"post\" name=\"Nytt formul\u00e4r\" aria-label=\"Nytt formul\u00e4r\">\n\t\t\t<input type=\"hidden\" name=\"post_id\" value=\"4053\"\/>\n\t\t\t<input type=\"hidden\" name=\"form_id\" value=\"53e9379\"\/>\n\t\t\t<input type=\"hidden\" name=\"referer_title\" value=\"Om Nordrest \u2013 H\u00e5llbara, skr\u00e4ddarsydda restaurangl\u00f6sningar med nordisk kvalitet\" \/>\n\n\t\t\t\t\t\t\t<input type=\"hidden\" name=\"queried_id\" value=\"4053\"\/>\n\t\t\t\n\t\t\t<div class=\"elementor-form-fields-wrapper elementor-labels-above\">\n\t\t\t\t\t\t\t\t<div class=\"elementor-field-type-text elementor-field-group elementor-column elementor-field-group-name elementor-col-100\">\n\t\t\t\t\t\t\t\t\t\t\t\t<label for=\"form-field-name\" class=\"elementor-field-label\">\n\t\t\t\t\t\t\t\tNamn\t\t\t\t\t\t\t<\/label>\n\t\t\t\t\t\t\t\t\t\t\t\t\t\t<input size=\"1\" type=\"text\" name=\"form_fields[name]\" id=\"form-field-name\" class=\"elementor-field elementor-size-sm  elementor-field-textual\" placeholder=\"Namn\">\n\t\t\t\t\t\t\t\t\t\t\t<\/div>\n\t\t\t\t\t\t\t\t<div class=\"elementor-field-type-email elementor-field-group elementor-column elementor-field-group-email elementor-col-100 elementor-field-required\">\n\t\t\t\t\t\t\t\t\t\t\t\t<label for=\"form-field-email\" class=\"elementor-field-label\">\n\t\t\t\t\t\t\t\tE-post\t\t\t\t\t\t\t<\/label>\n\t\t\t\t\t\t\t\t\t\t\t\t\t\t<input size=\"1\" type=\"email\" name=\"form_fields[email]\" id=\"form-field-email\" class=\"elementor-field elementor-size-sm  elementor-field-textual\" placeholder=\"E-post\" required=\"required\">\n\t\t\t\t\t\t\t\t\t\t\t<\/div>\n\t\t\t\t\t\t\t\t<div class=\"elementor-field-type-tel elementor-field-group elementor-column elementor-field-group-field_b9f01bb elementor-col-100 elementor-field-required\">\n\t\t\t\t\t\t\t\t\t\t\t\t<label for=\"form-field-field_b9f01bb\" class=\"elementor-field-label\">\n\t\t\t\t\t\t\t\tTelefonnummer\t\t\t\t\t\t\t<\/label>\n\t\t\t\t\t\t\t\t<input size=\"1\" type=\"tel\" name=\"form_fields[field_b9f01bb]\" id=\"form-field-field_b9f01bb\" class=\"elementor-field elementor-size-sm  elementor-field-textual\" placeholder=\"Telefonnummer\" required=\"required\" pattern=\"[0-9()#&amp;+*-=.]+\" title=\"Endast siffror och telefontecken (#, -, *, etc) accepteras.\">\n\n\t\t\t\t\t\t<\/div>\n\t\t\t\t\t\t\t\t<div class=\"elementor-field-type-textarea elementor-field-group elementor-column elementor-field-group-message elementor-col-100\">\n\t\t\t\t\t\t\t\t\t\t\t\t<label for=\"form-field-message\" class=\"elementor-field-label\">\n\t\t\t\t\t\t\t\tMeddelande\t\t\t\t\t\t\t<\/label>\n\t\t\t\t\t\t<textarea class=\"elementor-field-textual elementor-field  elementor-size-sm\" name=\"form_fields[message]\" id=\"form-field-message\" rows=\"4\" placeholder=\"Meddelande\"><\/textarea>\t\t\t\t<\/div>\n\t\t\t\t\t\t\t\t<div class=\"elementor-field-group elementor-column elementor-field-type-submit elementor-col-100 e-form__buttons\">\n\t\t\t\t\t<button class=\"elementor-button elementor-size-sm\" type=\"submit\">\n\t\t\t\t\t\t<span class=\"elementor-button-content-wrapper\">\n\t\t\t\t\t\t\t\t\t\t\t\t\t\t\t\t\t\t\t\t\t\t<span class=\"elementor-button-text\">Skicka<\/span>\n\t\t\t\t\t\t\t\t\t\t\t\t\t<\/span>\n\t\t\t\t\t<\/button>\n\t\t\t\t<\/div>\n\t\t\t<\/div>\n\t\t<\/form>\n\t\t\t\t\t\t<\/div>\n\t\t\t\t<\/div>\n\t\t\t\t<\/div>\n\t\t<div class=\"elementor-element elementor-element-8409d23 e-con-full e-ecs-flex e-flex e-con e-child\" data-id=\"8409d23\" data-element_type=\"container\" data-e-type=\"container\" data-settings=\"{&quot;ecs_container_type&quot;:&quot;flex&quot;}\">\n\t\t\t\t<div class=\"elementor-element elementor-element-5b58af1 elementor-widget elementor-widget-dyncontel-acf-google-maps\" data-id=\"5b58af1\" data-element_type=\"widget\" data-e-type=\"widget\" data-settings=\"{&quot;style_select&quot;:&quot;custom&quot;,&quot;imageMarker&quot;:{&quot;url&quot;:&quot;https:\\\/\\\/nordrest.fi\\\/wp-content\\\/uploads\\\/2023\\\/03\\\/Nordrest-map-marker-alt-2.svg&quot;,&quot;id&quot;:4939,&quot;size&quot;:&quot;&quot;,&quot;alt&quot;:&quot;&quot;,&quot;source&quot;:&quot;library&quot;},&quot;marker_width&quot;:27,&quot;marker_height&quot;:36,&quot;map_data_type&quot;:&quot;address&quot;,&quot;new_api&quot;:&quot;yes&quot;,&quot;map_type&quot;:&quot;roadmap&quot;,&quot;zoomcontrol&quot;:&quot;yes&quot;,&quot;markerclustererControl&quot;:&quot;yes&quot;,&quot;infoWindow_panel_maxwidth&quot;:{&quot;unit&quot;:&quot;px&quot;,&quot;size&quot;:&quot;&quot;,&quot;sizes&quot;:[]},&quot;infoWindow_panel_maxwidth_tablet&quot;:{&quot;unit&quot;:&quot;px&quot;,&quot;size&quot;:&quot;&quot;,&quot;sizes&quot;:[]},&quot;infoWindow_panel_maxwidth_mobile&quot;:{&quot;unit&quot;:&quot;px&quot;,&quot;size&quot;:&quot;&quot;,&quot;sizes&quot;:[]}}\" data-widget_type=\"dyncontel-acf-google-maps.default\">\n\t\t\t\t<div class=\"elementor-widget-container\">\n\t\t\t\t\t<div data-zoom=\"13\" class=\"map\" style=\"width: 100%;\" data-positions=\"[{&quot;address&quot;:&quot;Nordrest, Evenemangsgatan 31, 169 79 Solna&quot;,&quot;lat&quot;:0,&quot;lng&quot;:0,&quot;custom_marker_image&quot;:&quot;https:\\\/\\\/nordrest.fi\\\/wp-content\\\/uploads\\\/2023\\\/03\\\/Nordrest-map-marker-alt-2.svg&quot;,&quot;link&quot;:null}]\"><\/div>\t\t\t\t<\/div>\n\t\t\t\t<\/div>\n\t\t\t\t<\/div>\n\t\t\t\t<\/div>\n\t\t\t\t<\/div>\n\t\t","protected":false},"excerpt":{"rendered":"<p>Om oss p\u00e5 Nordrest Vi p\u00e5 Nordrest tror att en god m\u00e5ltid handlar om mer \u00e4n bara maten p\u00e5 tallriken. Det handlar om smak, kvalitet och omtanke \u2013 f\u00f6r g\u00e4sten, f\u00f6r medarbetaren och f\u00f6r v\u00e5r planet. Med r\u00f6tter i Sverige och en passion f\u00f6r nordiska smaker har vi vuxit till en ledande restaurangkoncern. V\u00e5ra \u00f6ver [&hellip;]<\/p>\n","protected":false},"author":5,"featured_media":0,"parent":0,"menu_order":40,"comment_status":"closed","ping_status":"closed","template":"","meta":{"_acf_changed":false,"footnotes":""},"class_list":["post-4053","page","type-page","status-publish","hentry"],"acf":[],"_links":{"self":[{"href":"https:\/\/nordrest.fi\/sv\/wp-json\/wp\/v2\/pages\/4053","targetHints":{"allow":["GET"]}}],"collection":[{"href":"https:\/\/nordrest.fi\/sv\/wp-json\/wp\/v2\/pages"}],"about":[{"href":"https:\/\/nordrest.fi\/sv\/wp-json\/wp\/v2\/types\/page"}],"author":[{"embeddable":true,"href":"https:\/\/nordrest.fi\/sv\/wp-json\/wp\/v2\/users\/5"}],"replies":[{"embeddable":true,"href":"https:\/\/nordrest.fi\/sv\/wp-json\/wp\/v2\/comments?post=4053"}],"version-history":[{"count":0,"href":"https:\/\/nordrest.fi\/sv\/wp-json\/wp\/v2\/pages\/4053\/revisions"}],"wp:attachment":[{"href":"https:\/\/nordrest.fi\/sv\/wp-json\/wp\/v2\/media?parent=4053"}],"curies":[{"name":"wp","href":"https:\/\/api.w.org\/{rel}","templated":true}]}}