{"id":16849,"date":"2025-02-20T12:44:15","date_gmt":"2025-02-20T11:44:15","guid":{"rendered":"http:\/\/nordrestfin.juliet2.utvecklingswebb.se\/?page_id=16849"},"modified":"2025-02-27T10:55:29","modified_gmt":"2025-02-27T09:55:29","slug":"kundanpassade-restauranglosningar","status":"publish","type":"page","link":"https:\/\/nordrest.fi\/sv\/tjanster\/kundanpassade-restauranglosningar\/","title":{"rendered":"Kundanpassade Restaurangl\u00f6sningar"},"content":{"rendered":"\t\t<div data-elementor-type=\"wp-page\" data-elementor-id=\"16849\" class=\"elementor elementor-16849\" data-elementor-post-type=\"page\">\n\t\t\t\t<div data-dce-background-overlay-color=\"#080808\" data-dce-background-image-url=\"https:\/\/nordrest.fi\/wp-content\/uploads\/2023\/03\/Nordrest-Balansen.webp\" class=\"elementor-element elementor-element-ee6bd73 e-ecs-flex e-flex e-con-boxed e-con e-parent\" data-id=\"ee6bd73\" data-element_type=\"container\" data-e-type=\"container\" data-settings=\"{&quot;background_background&quot;:&quot;classic&quot;,&quot;ecs_container_type&quot;:&quot;flex&quot;}\">\n\t\t\t\t\t<div class=\"e-con-inner\">\n\t\t\t\t<div class=\"elementor-element elementor-element-1861232 elementor-widget elementor-widget-heading\" data-id=\"1861232\" data-element_type=\"widget\" data-e-type=\"widget\" data-widget_type=\"heading.default\">\n\t\t\t\t\t<h1 class=\"elementor-heading-title elementor-size-default\">Kundanpassade Restaurangkoncept<\/h1>\t\t\t\t<\/div>\n\t\t\t\t<div data-dce-text-color=\"#FFFFFF\" class=\"elementor-element elementor-element-567a925 elementor-widget__width-initial elementor-widget-tablet__width-inherit elementor-widget elementor-widget-text-editor\" data-id=\"567a925\" data-element_type=\"widget\" data-e-type=\"widget\" data-widget_type=\"text-editor.default\">\n\t\t\t\t\t\t\t\t\t<p>Nordrest skapar kundanpassade restaurangl\u00f6sningar f\u00f6r f\u00f6retag, skolor och offentliga verksamheter. Med fokus p\u00e5 kvalitet, smak och service erbjuder vi unika matupplevelser anpassade efter era behov.<\/p>\t\t\t\t\t\t\t\t<\/div>\n\t\t\t\t<div class=\"elementor-element elementor-element-6ea6e04 elementor-mobile-align-justify elementor-tablet-align-justify elementor-widget elementor-widget-button\" data-id=\"6ea6e04\" data-element_type=\"widget\" data-e-type=\"widget\" data-widget_type=\"button.default\">\n\t\t\t\t\t\t\t\t\t\t<a class=\"elementor-button elementor-button-link elementor-size-sm\" href=\"https:\/\/nordrest.fi\/sv\/om-oss\/kontakt\/\">\n\t\t\t\t\t\t<span class=\"elementor-button-content-wrapper\">\n\t\t\t\t\t\t<span class=\"elementor-button-icon\">\n\t\t\t\t<i aria-hidden=\"true\" class=\"fas fa-arrow-right\"><\/i>\t\t\t<\/span>\n\t\t\t\t\t\t\t\t\t<span class=\"elementor-button-text\">Boka ett m\u00f6te<\/span>\n\t\t\t\t\t<\/span>\n\t\t\t\t\t<\/a>\n\t\t\t\t\t\t\t\t<\/div>\n\t\t\t\t\t<\/div>\n\t\t\t\t<\/div>\n\t\t<div class=\"elementor-element elementor-element-a803d83 e-ecs-flex e-flex e-con-boxed e-con e-parent\" data-id=\"a803d83\" data-element_type=\"container\" data-e-type=\"container\" data-settings=\"{&quot;background_background&quot;:&quot;classic&quot;,&quot;ecs_container_type&quot;:&quot;flex&quot;}\">\n\t\t\t\t\t<div class=\"e-con-inner\">\n\t\t<div class=\"elementor-element elementor-element-ed84937 e-con-full e-ecs-flex e-flex e-con e-child\" data-id=\"ed84937\" data-element_type=\"container\" data-e-type=\"container\" data-settings=\"{&quot;ecs_container_type&quot;:&quot;flex&quot;}\">\n\t\t<div data-dce-background-image-url=\"https:\/\/nordrest.fi\/wp-content\/uploads\/2023\/03\/Nordrest-Restuarang-Mersmak-Molndal-1.webp\" class=\"elementor-element elementor-element-81b09b8 e-con-full e-ecs-flex e-flex e-con e-child\" data-id=\"81b09b8\" data-element_type=\"container\" data-e-type=\"container\" data-settings=\"{&quot;background_background&quot;:&quot;classic&quot;,&quot;ecs_container_type&quot;:&quot;flex&quot;}\">\n\t\t\t\t<\/div>\n\t\t<div data-dce-background-image-url=\"https:\/\/nordrest.fi\/wp-content\/uploads\/2023\/03\/Nordrest-TastebyNordrest-KTH.webp\" class=\"elementor-element elementor-element-fb5f492 e-con-full e-ecs-flex e-flex e-con e-child\" data-id=\"fb5f492\" data-element_type=\"container\" data-e-type=\"container\" data-settings=\"{&quot;background_background&quot;:&quot;classic&quot;,&quot;ecs_container_type&quot;:&quot;flex&quot;}\">\n\t\t\t\t<\/div>\n\t\t\t\t<\/div>\n\t\t<div class=\"elementor-element elementor-element-15cb89d e-con-full e-ecs-flex e-flex e-con e-child\" data-id=\"15cb89d\" data-element_type=\"container\" data-e-type=\"container\" data-settings=\"{&quot;ecs_container_type&quot;:&quot;flex&quot;}\">\n\t\t\t\t<div class=\"elementor-element elementor-element-92e84d0 elementor-widget elementor-widget-heading\" data-id=\"92e84d0\" data-element_type=\"widget\" data-e-type=\"widget\" data-widget_type=\"heading.default\">\n\t\t\t\t\t<h2 class=\"elementor-heading-title elementor-size-default\">Kundanpassade<\/h2>\t\t\t\t<\/div>\n\t\t\t\t<div class=\"elementor-element elementor-element-92c2642 elementor-widget-tablet__width-inherit elementor-widget elementor-widget-heading\" data-id=\"92c2642\" data-element_type=\"widget\" data-e-type=\"widget\" data-widget_type=\"heading.default\">\n\t\t\t\t\t<h2 class=\"elementor-heading-title elementor-size-default\">\u2013 Restaurangl\u00f6sningar efter era behov<\/h2>\t\t\t\t<\/div>\n\t\t<div class=\"elementor-element elementor-element-8964351 e-con-full e-ecs-flex e-flex e-con e-child\" data-id=\"8964351\" data-element_type=\"container\" data-e-type=\"container\" data-settings=\"{&quot;ecs_container_type&quot;:&quot;flex&quot;}\">\n\t\t<div data-dce-background-image-url=\"https:\/\/nordrest.fi\/wp-content\/uploads\/2023\/03\/Nordrest-MerSmak-Kungalv.webp\" class=\"elementor-element elementor-element-8d07972 e-con-full elementor-hidden-tablet elementor-hidden-mobile e-ecs-flex e-flex e-con e-child\" data-id=\"8d07972\" data-element_type=\"container\" data-e-type=\"container\" data-settings=\"{&quot;background_background&quot;:&quot;classic&quot;,&quot;ecs_container_type&quot;:&quot;flex&quot;}\">\n\t\t\t\t<\/div>\n\t\t<div class=\"elementor-element elementor-element-3b0a4e7 e-con-full e-ecs-flex e-flex e-con e-child\" data-id=\"3b0a4e7\" data-element_type=\"container\" data-e-type=\"container\" data-settings=\"{&quot;ecs_container_type&quot;:&quot;flex&quot;}\">\n\t\t\t\t<div class=\"elementor-element elementor-element-d52cb8c elementor-widget elementor-widget-text-editor\" data-id=\"d52cb8c\" data-element_type=\"widget\" data-e-type=\"widget\" data-widget_type=\"text-editor.default\">\n\t\t\t\t\t\t\t\t\t<p>Nordrest erbjuder anpassade och flexibla restaurangkoncept f\u00f6r f\u00f6retag, skolor, sjukhus och offentliga verksamheter i Finland. Vi f\u00f6rst\u00e5r att varje verksamhet har sina egna behov \u2013 d\u00e4rf\u00f6r skapar vi mer \u00e4n bara en m\u00e5ltidsl\u00f6sning. V\u00e5ra koncept \u00e4r utformade f\u00f6r att ge era g\u00e4ster en b\u00e4ttre matupplevelse, d\u00e4r kvalitet, smak och service alltid st\u00e5r i fokus.<\/p><p><strong>Skr\u00e4ddarsydda koncept f\u00f6r varje verksamhet<\/strong><\/p><p>Vi designar och driver restaurangl\u00f6sningar som \u00e4r skr\u00e4ddarsydda f\u00f6r just era behov, m\u00e5lgrupper och verksamhetens f\u00f6ruts\u00e4ttningar. Oavsett om ni s\u00f6ker en smidig lunchl\u00f6sning, ett v\u00e4lkomnande caf\u00e9 eller en helhetsl\u00f6sning f\u00f6r er verksamhet, ser vi till att skapa en restaurangupplevelse som lever upp till era f\u00f6rv\u00e4ntningar. Genom n\u00e4ra samarbete och en djup f\u00f6rst\u00e5else f\u00f6r era \u00f6nskem\u00e5l utvecklar vi unika koncept d\u00e4r b\u00e5de best\u00e4llaren och g\u00e4sten st\u00e5r i centrum.<\/p>\t\t\t\t\t\t\t\t<\/div>\n\t\t\t\t<div class=\"elementor-element elementor-element-1960a5e elementor-mobile-align-justify elementor-tablet-align-justify elementor-widget elementor-widget-button\" data-id=\"1960a5e\" data-element_type=\"widget\" data-e-type=\"widget\" data-widget_type=\"button.default\">\n\t\t\t\t\t\t\t\t\t\t<a class=\"elementor-button elementor-button-link elementor-size-sm\" href=\"https:\/\/nordrest.fi\/sv\/om-oss\/kontakt\/\">\n\t\t\t\t\t\t<span class=\"elementor-button-content-wrapper\">\n\t\t\t\t\t\t<span class=\"elementor-button-icon\">\n\t\t\t\t<i aria-hidden=\"true\" class=\"fas fa-arrow-right\"><\/i>\t\t\t<\/span>\n\t\t\t\t\t\t\t\t\t<span class=\"elementor-button-text\">Boka ett f\u00f6rsta m\u00f6te<\/span>\n\t\t\t\t\t<\/span>\n\t\t\t\t\t<\/a>\n\t\t\t\t\t\t\t\t<\/div>\n\t\t\t\t<\/div>\n\t\t\t\t<\/div>\n\t\t\t\t<\/div>\n\t\t\t\t\t<\/div>\n\t\t\t\t<\/div>\n\t\t<div class=\"elementor-element elementor-element-bd6bbfc e-ecs-flex e-flex e-con-boxed e-con e-parent\" data-id=\"bd6bbfc\" data-element_type=\"container\" data-e-type=\"container\" data-settings=\"{&quot;background_background&quot;:&quot;classic&quot;,&quot;ecs_container_type&quot;:&quot;flex&quot;}\">\n\t\t\t\t\t<div class=\"e-con-inner\">\n\t\t\t\t<div class=\"elementor-element elementor-element-6db66bf elementor-widget elementor-widget-heading\" data-id=\"6db66bf\" data-element_type=\"widget\" data-e-type=\"widget\" data-widget_type=\"heading.default\">\n\t\t\t\t\t<h2 class=\"elementor-heading-title elementor-size-default\">Varf\u00f6r Nordrest?<\/h2>\t\t\t\t<\/div>\n\t\t<div class=\"elementor-element elementor-element-9ab89c9 e-con-full e-ecs-flex e-flex e-con e-child\" data-id=\"9ab89c9\" data-element_type=\"container\" data-e-type=\"container\" data-settings=\"{&quot;ecs_container_type&quot;:&quot;flex&quot;}\">\n\t\t<div class=\"elementor-element elementor-element-b6c5ea8 e-con-full e-ecs-flex e-flex e-con e-child\" data-id=\"b6c5ea8\" data-element_type=\"container\" data-e-type=\"container\" data-settings=\"{&quot;background_background&quot;:&quot;classic&quot;,&quot;ecs_container_type&quot;:&quot;flex&quot;}\">\n\t\t\t\t<div class=\"elementor-element elementor-element-43161ad elementor-widget elementor-widget-heading\" data-id=\"43161ad\" data-element_type=\"widget\" data-e-type=\"widget\" data-widget_type=\"heading.default\">\n\t\t\t\t\t<h3 class=\"elementor-heading-title elementor-size-default\">Skr\u00e4ddarsydda restaurangl\u00f6sningar<\/h3>\t\t\t\t<\/div>\n\t\t\t\t<div class=\"elementor-element elementor-element-c9eebc7 elementor-widget elementor-widget-text-editor\" data-id=\"c9eebc7\" data-element_type=\"widget\" data-e-type=\"widget\" data-widget_type=\"text-editor.default\">\n\t\t\t\t\t\t\t\t\t<p>Vi anpassar varje koncept efter verksamhetens behov, oavsett om det \u00e4r en f\u00f6retagsrestaurang, ett caf\u00e9 eller en helhetsl\u00f6sning.<\/p>\t\t\t\t\t\t\t\t<\/div>\n\t\t\t\t<\/div>\n\t\t<div class=\"elementor-element elementor-element-aeac824 e-con-full e-ecs-flex e-flex e-con e-child\" data-id=\"aeac824\" data-element_type=\"container\" data-e-type=\"container\" data-settings=\"{&quot;background_background&quot;:&quot;classic&quot;,&quot;ecs_container_type&quot;:&quot;flex&quot;}\">\n\t\t\t\t<div class=\"elementor-element elementor-element-6f07241 elementor-widget elementor-widget-heading\" data-id=\"6f07241\" data-element_type=\"widget\" data-e-type=\"widget\" data-widget_type=\"heading.default\">\n\t\t\t\t\t<h3 class=\"elementor-heading-title elementor-size-default\">H\u00e5llbarhet i varje detalj<\/h3>\t\t\t\t<\/div>\n\t\t\t\t<div class=\"elementor-element elementor-element-8b0f6dc elementor-widget elementor-widget-text-editor\" data-id=\"8b0f6dc\" data-element_type=\"widget\" data-e-type=\"widget\" data-widget_type=\"text-editor.default\">\n\t\t\t\t\t\t\t\t\t<p>Vi arbetar med lokala leverant\u00f6rer, minimerar matsvinn och skapar m\u00e5ltider som \u00e4r b\u00e5de smakrika och ansvarsfullt producerade.<\/p>\t\t\t\t\t\t\t\t<\/div>\n\t\t\t\t<\/div>\n\t\t<div class=\"elementor-element elementor-element-3581a8c e-con-full e-ecs-flex e-flex e-con e-child\" data-id=\"3581a8c\" data-element_type=\"container\" data-e-type=\"container\" data-settings=\"{&quot;background_background&quot;:&quot;classic&quot;,&quot;ecs_container_type&quot;:&quot;flex&quot;}\">\n\t\t\t\t<div class=\"elementor-element elementor-element-53b7b1d elementor-widget elementor-widget-heading\" data-id=\"53b7b1d\" data-element_type=\"widget\" data-e-type=\"widget\" data-widget_type=\"heading.default\">\n\t\t\t\t\t<h3 class=\"elementor-heading-title elementor-size-default\">Flexibilitet och gedigen erfarenhet<\/h3>\t\t\t\t<\/div>\n\t\t\t\t<div class=\"elementor-element elementor-element-2b151e9 elementor-widget elementor-widget-text-editor\" data-id=\"2b151e9\" data-element_type=\"widget\" data-e-type=\"widget\" data-widget_type=\"text-editor.default\">\n\t\t\t\t\t\t\t\t\t<p>Med v\u00e5r breda erfarenhet skapar vi h\u00f6gkvalitativa matupplevelser. Fr\u00e5n noggrant utvalda r\u00e5varor till f\u00f6rstklassig service \u2013 vi har expertisen inom smak, g\u00e4stn\u00f6jdhet och framg\u00e5ngsrika restaurangkoncept.<\/p>\t\t\t\t\t\t\t\t<\/div>\n\t\t\t\t<\/div>\n\t\t<div class=\"elementor-element elementor-element-e2f4693 e-con-full e-ecs-flex e-flex e-con e-child\" data-id=\"e2f4693\" data-element_type=\"container\" data-e-type=\"container\" data-settings=\"{&quot;background_background&quot;:&quot;classic&quot;,&quot;ecs_container_type&quot;:&quot;flex&quot;}\">\n\t\t\t\t<div class=\"elementor-element elementor-element-6289495 elementor-widget elementor-widget-heading\" data-id=\"6289495\" data-element_type=\"widget\" data-e-type=\"widget\" data-widget_type=\"heading.default\">\n\t\t\t\t\t<h3 class=\"elementor-heading-title elementor-size-default\">Redo att ta \u2028n\u00e4sta steg?<\/h3>\t\t\t\t<\/div>\n\t\t\t\t<div class=\"elementor-element elementor-element-b54cb86 elementor-widget elementor-widget-text-editor\" data-id=\"b54cb86\" data-element_type=\"widget\" data-e-type=\"widget\" data-widget_type=\"text-editor.default\">\n\t\t\t\t\t\t\t\t\t<p>Vi hj\u00e4lper dig hela v\u00e4gen fr\u00e5n id\u00e9 till drift.<\/p>\t\t\t\t\t\t\t\t<\/div>\n\t\t\t\t<div class=\"elementor-element elementor-element-425ef32 elementor-align-center elementor-widget elementor-widget-button\" data-id=\"425ef32\" data-element_type=\"widget\" data-e-type=\"widget\" data-widget_type=\"button.default\">\n\t\t\t\t\t\t\t\t\t\t<a class=\"elementor-button elementor-button-link elementor-size-sm\" href=\"https:\/\/nordrest.fi\/sv\/om-oss\/kontakt\/\">\n\t\t\t\t\t\t<span class=\"elementor-button-content-wrapper\">\n\t\t\t\t\t\t<span class=\"elementor-button-icon\">\n\t\t\t\t<i aria-hidden=\"true\" class=\"fas fa-arrow-right\"><\/i>\t\t\t<\/span>\n\t\t\t\t\t\t\t\t\t<span class=\"elementor-button-text\">Kontakta oss<\/span>\n\t\t\t\t\t<\/span>\n\t\t\t\t\t<\/a>\n\t\t\t\t\t\t\t\t<\/div>\n\t\t\t\t<\/div>\n\t\t\t\t<\/div>\n\t\t\t\t\t<\/div>\n\t\t\t\t<\/div>\n\t\t<div class=\"elementor-element elementor-element-b71b6de e-ecs-flex e-flex e-con-boxed e-con e-parent\" data-id=\"b71b6de\" data-element_type=\"container\" data-e-type=\"container\" data-settings=\"{&quot;background_background&quot;:&quot;classic&quot;,&quot;ecs_container_type&quot;:&quot;flex&quot;}\">\n\t\t\t\t\t<div class=\"e-con-inner\">\n\t\t<div class=\"elementor-element elementor-element-610505b e-con-full e-ecs-flex e-flex e-con e-child\" data-id=\"610505b\" data-element_type=\"container\" data-e-type=\"container\" data-settings=\"{&quot;ecs_container_type&quot;:&quot;flex&quot;}\">\n\t\t\t\t<div class=\"elementor-element elementor-element-3659e1c elementor-widget elementor-widget-heading\" data-id=\"3659e1c\" data-element_type=\"widget\" data-e-type=\"widget\" data-widget_type=\"heading.default\">\n\t\t\t\t\t<h3 class=\"elementor-heading-title elementor-size-default\">\"Vi skapar restaurangl\u00f6sningar anpassade efter varje verksamhets unika behov, d\u00e4r kvalitet, smak och service alltid st\u00e5r i fokus. Oavsett om det g\u00e4ller en f\u00f6retagsrestaurang, ett caf\u00e9 eller en skolmatsal, levererar vi mer \u00e4n bara m\u00e5ltider. V\u00e5r ambition \u00e4r att skapa helhetsupplevelser som b\u00e5de g\u00e4ster och best\u00e4llare uppskattar.\" <\/h3>\t\t\t\t<\/div>\n\t\t\t\t<div class=\"elementor-element elementor-element-f4b5eb4 elementor-widget elementor-widget-heading\" data-id=\"f4b5eb4\" data-element_type=\"widget\" data-e-type=\"widget\" data-widget_type=\"heading.default\">\n\t\t\t\t\t<h4 class=\"elementor-heading-title elementor-size-default\">Michael B\u00fchring, VD<\/h4>\t\t\t\t<\/div>\n\t\t\t\t<\/div>\n\t\t<div class=\"elementor-element elementor-element-1762e3a e-con-full e-ecs-flex e-flex e-con e-child\" data-id=\"1762e3a\" data-element_type=\"container\" data-e-type=\"container\" data-settings=\"{&quot;ecs_container_type&quot;:&quot;flex&quot;}\">\n\t\t\t\t<div class=\"elementor-element elementor-element-72f3092 elementor-widget elementor-widget-image\" data-id=\"72f3092\" data-element_type=\"widget\" data-e-type=\"widget\" data-widget_type=\"image.default\">\n\t\t\t\t\t\t\t\t\t\t\t\t\t\t\t<img fetchpriority=\"high\" decoding=\"async\" width=\"1500\" height=\"2000\" src=\"https:\/\/nordrest.fi\/wp-content\/uploads\/2023\/08\/Nordrest-Michael-1.webp\" class=\"attachment-full size-full wp-image-6426\" alt=\"Nordrest - Michael B\u00fchring\" srcset=\"https:\/\/nordrest.fi\/wp-content\/uploads\/2023\/08\/Nordrest-Michael-1.webp 1500w, https:\/\/nordrest.fi\/wp-content\/uploads\/2023\/08\/Nordrest-Michael-1-750x1000.webp 750w, https:\/\/nordrest.fi\/wp-content\/uploads\/2023\/08\/Nordrest-Michael-1-1000x1333.webp 1000w, https:\/\/nordrest.fi\/wp-content\/uploads\/2023\/08\/Nordrest-Michael-1-768x1024.webp 768w, https:\/\/nordrest.fi\/wp-content\/uploads\/2023\/08\/Nordrest-Michael-1-1152x1536.webp 1152w, https:\/\/nordrest.fi\/wp-content\/uploads\/2023\/08\/elementor\/thumbs\/Nordrest-Michael-1-qbmg1vardkc9b9uuq2k37641t1060mpzlflpsrklkw.webp 600w\" sizes=\"(max-width: 1500px) 100vw, 1500px\" \/>\t\t\t\t\t\t\t\t\t\t\t\t\t\t\t<\/div>\n\t\t\t\t<\/div>\n\t\t\t\t\t<\/div>\n\t\t\t\t<\/div>\n\t\t<div class=\"elementor-element elementor-element-008f025 e-ecs-flex e-flex e-con-boxed e-con e-parent\" data-id=\"008f025\" data-element_type=\"container\" data-e-type=\"container\" data-settings=\"{&quot;background_background&quot;:&quot;classic&quot;,&quot;ecs_container_type&quot;:&quot;flex&quot;}\">\n\t\t\t\t\t<div class=\"e-con-inner\">\n\t\t<div data-dce-background-image-url=\"https:\/\/nordrest.fi\/wp-content\/uploads\/2025\/02\/Lunchbox-by-Nordrest-Volvo.webp\" class=\"elementor-element elementor-element-ff77cd4 e-con-full e-ecs-flex e-flex e-con e-child\" data-id=\"ff77cd4\" data-element_type=\"container\" data-e-type=\"container\" data-settings=\"{&quot;background_background&quot;:&quot;classic&quot;,&quot;ecs_container_type&quot;:&quot;flex&quot;}\">\n\t\t\t\t<\/div>\n\t\t<div class=\"elementor-element elementor-element-f645421 e-con-full e-ecs-flex e-flex e-con e-child\" data-id=\"f645421\" data-element_type=\"container\" data-e-type=\"container\" data-settings=\"{&quot;ecs_container_type&quot;:&quot;flex&quot;}\">\n\t\t\t\t<div class=\"elementor-element elementor-element-29cf5a4 elementor-widget elementor-widget-heading\" data-id=\"29cf5a4\" data-element_type=\"widget\" data-e-type=\"widget\" data-widget_type=\"heading.default\">\n\t\t\t\t\t<h2 class=\"elementor-heading-title elementor-size-default\">Kundanpassat restaurangkoncept: <strong>Volvo<\/strong><\/h2>\t\t\t\t<\/div>\n\t\t\t\t<div class=\"elementor-element elementor-element-b71ad8d elementor-widget elementor-widget-heading\" data-id=\"b71ad8d\" data-element_type=\"widget\" data-e-type=\"widget\" data-widget_type=\"heading.default\">\n\t\t\t\t\t<h2 class=\"elementor-heading-title elementor-size-default\">Lunchbox by Nordrest<\/h2>\t\t\t\t<\/div>\n\t\t\t\t<div class=\"elementor-element elementor-element-7f811dc elementor-widget elementor-widget-text-editor\" data-id=\"7f811dc\" data-element_type=\"widget\" data-e-type=\"widget\" data-widget_type=\"text-editor.default\">\n\t\t\t\t\t\t\t\t\t<p>Ett nytt matleveranskoncept tar nu plats p\u00e5 Volvo Cars Torslandafabriken. Genom ett samarbete mellan Nordrest, Volvo Cars och Ancon Kassasystem lanseras Lunchbox by Nordrest, en modern l\u00f6sning f\u00f6r att leverera f\u00e4rska, varma m\u00e5ltider direkt till fabrikens medarbetare.<\/p><p>Lunchbox \u00e4r uppv\u00e4rmda matsk\u00e5p d\u00e4r anst\u00e4llda enkelt kan best\u00e4lla mat via mobilen och h\u00e4mta den f\u00e4rdiglagad, varm och redo att avnjutas under rasten.<\/p>\t\t\t\t\t\t\t\t<\/div>\n\t\t\t\t<div class=\"elementor-element elementor-element-0d89a6b elementor-widget elementor-widget-text-editor\" data-id=\"0d89a6b\" data-element_type=\"widget\" data-e-type=\"widget\" data-widget_type=\"text-editor.default\">\n\t\t\t\t\t\t\t\t\t<p>L\u00e4s mer om Volvo Lunchbox by Nordrest<\/p>\t\t\t\t\t\t\t\t<\/div>\n\t\t\t\t<div class=\"elementor-element elementor-element-086d465 elementor-widget elementor-widget-button\" data-id=\"086d465\" data-element_type=\"widget\" data-e-type=\"widget\" data-widget_type=\"button.default\">\n\t\t\t\t\t\t\t\t\t\t<a class=\"elementor-button elementor-button-link elementor-size-sm\" href=\"https:\/\/www.nordrest.se\/lunchbox-by-nordrest-framtidens-matleveranslosning-pa-volvo-torslandafabriken\/\" target=\"_blank\" rel=\"noopener\">\n\t\t\t\t\t\t<span class=\"elementor-button-content-wrapper\">\n\t\t\t\t\t\t<span class=\"elementor-button-icon\">\n\t\t\t\t<i aria-hidden=\"true\" class=\"fas fa-arrow-right\"><\/i>\t\t\t<\/span>\n\t\t\t\t\t\t\t\t\t<span class=\"elementor-button-text\">nordrest.se<\/span>\n\t\t\t\t\t<\/span>\n\t\t\t\t\t<\/a>\n\t\t\t\t\t\t\t\t<\/div>\n\t\t\t\t<\/div>\n\t\t\t\t\t<\/div>\n\t\t\t\t<\/div>\n\t\t\t\t<\/div>\n\t\t","protected":false},"excerpt":{"rendered":"<p>Kundanpassade Restaurangkoncept Nordrest skapar kundanpassade restaurangl\u00f6sningar f\u00f6r f\u00f6retag, skolor och offentliga verksamheter. Med fokus p\u00e5 kvalitet, smak och service erbjuder vi unika matupplevelser anpassade efter era behov. Boka ett m\u00f6te Kundanpassade \u2013 Restaurangl\u00f6sningar efter era behov Nordrest erbjuder anpassade och flexibla restaurangkoncept f\u00f6r f\u00f6retag, skolor, sjukhus och offentliga verksamheter i Finland. Vi f\u00f6rst\u00e5r att varje [&hellip;]<\/p>\n","protected":false},"author":5,"featured_media":0,"parent":4047,"menu_order":60,"comment_status":"closed","ping_status":"closed","template":"","meta":{"_acf_changed":false,"footnotes":""},"class_list":["post-16849","page","type-page","status-publish","hentry"],"acf":[],"_links":{"self":[{"href":"https:\/\/nordrest.fi\/sv\/wp-json\/wp\/v2\/pages\/16849","targetHints":{"allow":["GET"]}}],"collection":[{"href":"https:\/\/nordrest.fi\/sv\/wp-json\/wp\/v2\/pages"}],"about":[{"href":"https:\/\/nordrest.fi\/sv\/wp-json\/wp\/v2\/types\/page"}],"author":[{"embeddable":true,"href":"https:\/\/nordrest.fi\/sv\/wp-json\/wp\/v2\/users\/5"}],"replies":[{"embeddable":true,"href":"https:\/\/nordrest.fi\/sv\/wp-json\/wp\/v2\/comments?post=16849"}],"version-history":[{"count":0,"href":"https:\/\/nordrest.fi\/sv\/wp-json\/wp\/v2\/pages\/16849\/revisions"}],"up":[{"embeddable":true,"href":"https:\/\/nordrest.fi\/sv\/wp-json\/wp\/v2\/pages\/4047"}],"wp:attachment":[{"href":"https:\/\/nordrest.fi\/sv\/wp-json\/wp\/v2\/media?parent=16849"}],"curies":[{"name":"wp","href":"https:\/\/api.w.org\/{rel}","templated":true}]}}