{"id":16846,"date":"2025-02-20T12:43:42","date_gmt":"2025-02-20T11:43:42","guid":{"rendered":"http:\/\/nordrestfin.juliet2.utvecklingswebb.se\/?page_id=16846"},"modified":"2025-02-27T10:55:07","modified_gmt":"2025-02-27T09:55:07","slug":"cafe","status":"publish","type":"page","link":"https:\/\/nordrest.fi\/sv\/tjanster\/cafe\/","title":{"rendered":"Caf\u00e9"},"content":{"rendered":"\t\t<div data-elementor-type=\"wp-page\" data-elementor-id=\"16846\" class=\"elementor elementor-16846\" data-elementor-post-type=\"page\">\n\t\t\t\t<div data-dce-background-overlay-color=\"#080808\" data-dce-background-image-url=\"https:\/\/nordrest.fi\/wp-content\/uploads\/2023\/08\/Nordrest-03.webp\" class=\"elementor-element elementor-element-980080e e-ecs-flex e-flex e-con-boxed e-con e-parent\" data-id=\"980080e\" data-element_type=\"container\" data-e-type=\"container\" data-settings=\"{&quot;background_background&quot;:&quot;classic&quot;,&quot;ecs_container_type&quot;:&quot;flex&quot;}\">\n\t\t\t\t\t<div class=\"e-con-inner\">\n\t\t\t\t<div class=\"elementor-element elementor-element-a7b4a5f elementor-widget elementor-widget-heading\" data-id=\"a7b4a5f\" data-element_type=\"widget\" data-e-type=\"widget\" data-widget_type=\"heading.default\">\n\t\t\t\t\t<h1 class=\"elementor-heading-title elementor-size-default\">Caf\u00e9<\/h1>\t\t\t\t<\/div>\n\t\t\t\t<div data-dce-text-color=\"#FFFFFF\" class=\"elementor-element elementor-element-6b96881 elementor-widget__width-initial elementor-widget-tablet__width-inherit elementor-widget elementor-widget-text-editor\" data-id=\"6b96881\" data-element_type=\"widget\" data-e-type=\"widget\" data-widget_type=\"text-editor.default\">\n\t\t\t\t\t\t\t\t\t<p>Caf\u00e9-konceptet \u00e4r en naturlig m\u00f6tesplats d\u00e4r kaffe av h\u00f6g kvalitet st\u00e5r i centrum. H\u00e4r serveras nybryggt kaffe, f\u00e4rska bakverk, fr\u00e4scha sm\u00f6rg\u00e5sar och l\u00e4ttare m\u00e5ltider i en avslappnad milj\u00f6.<\/p>\t\t\t\t\t\t\t\t<\/div>\n\t\t\t\t<div class=\"elementor-element elementor-element-bb19f6e elementor-mobile-align-justify elementor-tablet-align-justify elementor-widget elementor-widget-button\" data-id=\"bb19f6e\" data-element_type=\"widget\" data-e-type=\"widget\" data-widget_type=\"button.default\">\n\t\t\t\t\t\t\t\t\t\t<a class=\"elementor-button elementor-button-link elementor-size-sm\" href=\"https:\/\/nordrest.fi\/sv\/om-oss\/kontakt\/\">\n\t\t\t\t\t\t<span class=\"elementor-button-content-wrapper\">\n\t\t\t\t\t\t<span class=\"elementor-button-icon\">\n\t\t\t\t<i aria-hidden=\"true\" class=\"fas fa-arrow-right\"><\/i>\t\t\t<\/span>\n\t\t\t\t\t\t\t\t\t<span class=\"elementor-button-text\">Boka ett m\u00f6te<\/span>\n\t\t\t\t\t<\/span>\n\t\t\t\t\t<\/a>\n\t\t\t\t\t\t\t\t<\/div>\n\t\t\t\t\t<\/div>\n\t\t\t\t<\/div>\n\t\t<div class=\"elementor-element elementor-element-bc3d007 e-ecs-flex e-flex e-con-boxed e-con e-parent\" data-id=\"bc3d007\" data-element_type=\"container\" data-e-type=\"container\" data-settings=\"{&quot;background_background&quot;:&quot;classic&quot;,&quot;ecs_container_type&quot;:&quot;flex&quot;}\">\n\t\t\t\t\t<div class=\"e-con-inner\">\n\t\t<div class=\"elementor-element elementor-element-b7fb953 e-con-full e-ecs-flex e-flex e-con e-child\" data-id=\"b7fb953\" data-element_type=\"container\" data-e-type=\"container\" data-settings=\"{&quot;ecs_container_type&quot;:&quot;flex&quot;}\">\n\t\t<div data-dce-background-image-url=\"https:\/\/nordrest.fi\/wp-content\/uploads\/2025\/02\/Nordrest-Smedens-Mathall4.webp\" class=\"elementor-element elementor-element-7c4ed4e e-con-full e-ecs-flex e-flex e-con e-child\" data-id=\"7c4ed4e\" data-element_type=\"container\" data-e-type=\"container\" data-settings=\"{&quot;background_background&quot;:&quot;classic&quot;,&quot;ecs_container_type&quot;:&quot;flex&quot;}\">\n\t\t\t\t<\/div>\n\t\t<div class=\"elementor-element elementor-element-7b2c816 e-con-full e-ecs-flex e-flex e-con e-child\" data-id=\"7b2c816\" data-element_type=\"container\" data-e-type=\"container\" data-settings=\"{&quot;background_background&quot;:&quot;classic&quot;,&quot;ecs_container_type&quot;:&quot;flex&quot;}\">\n\t\t\t\t<div class=\"elementor-element elementor-element-b50f2f6 elementor-widget elementor-widget-image\" data-id=\"b50f2f6\" data-element_type=\"widget\" data-e-type=\"widget\" data-widget_type=\"image.default\">\n\t\t\t\t\t\t\t\t\t\t\t\t\t\t\t<img fetchpriority=\"high\" decoding=\"async\" width=\"425\" height=\"425\" src=\"https:\/\/nordrest.fi\/wp-content\/uploads\/2025\/02\/waycup_vit_text_RGB.svg\" class=\"attachment-large size-large wp-image-18132\" alt=\"WayCup-logo\" \/>\t\t\t\t\t\t\t\t\t\t\t\t\t\t\t<\/div>\n\t\t\t\t<\/div>\n\t\t\t\t<\/div>\n\t\t<div class=\"elementor-element elementor-element-941ffeb e-con-full e-ecs-flex e-flex e-con e-child\" data-id=\"941ffeb\" data-element_type=\"container\" data-e-type=\"container\" data-settings=\"{&quot;ecs_container_type&quot;:&quot;flex&quot;}\">\n\t\t\t\t<div class=\"elementor-element elementor-element-a819ef1 elementor-widget elementor-widget-heading\" data-id=\"a819ef1\" data-element_type=\"widget\" data-e-type=\"widget\" data-widget_type=\"heading.default\">\n\t\t\t\t\t<h2 class=\"elementor-heading-title elementor-size-default\">Caf\u00e9<\/h2>\t\t\t\t<\/div>\n\t\t\t\t<div class=\"elementor-element elementor-element-1693885 elementor-widget__width-initial elementor-widget-tablet__width-inherit elementor-widget elementor-widget-heading\" data-id=\"1693885\" data-element_type=\"widget\" data-e-type=\"widget\" data-widget_type=\"heading.default\">\n\t\t\t\t\t<h2 class=\"elementor-heading-title elementor-size-default\">\u2013 En kopp kvalit\u00e9, en stund av ro<\/h2>\t\t\t\t<\/div>\n\t\t<div class=\"elementor-element elementor-element-12e5a15 e-con-full e-ecs-flex e-flex e-con e-child\" data-id=\"12e5a15\" data-element_type=\"container\" data-e-type=\"container\" data-settings=\"{&quot;ecs_container_type&quot;:&quot;flex&quot;}\">\n\t\t<div data-dce-background-image-url=\"https:\/\/nordrest.fi\/wp-content\/uploads\/2025\/02\/WayCup-Nordrest-scaled.webp\" class=\"elementor-element elementor-element-81410d0 e-con-full elementor-hidden-tablet elementor-hidden-mobile e-ecs-flex e-flex e-con e-child\" data-id=\"81410d0\" data-element_type=\"container\" data-e-type=\"container\" data-settings=\"{&quot;background_background&quot;:&quot;classic&quot;,&quot;ecs_container_type&quot;:&quot;flex&quot;}\">\n\t\t\t\t<\/div>\n\t\t<div class=\"elementor-element elementor-element-3282534 e-con-full e-ecs-flex e-flex e-con e-child\" data-id=\"3282534\" data-element_type=\"container\" data-e-type=\"container\" data-settings=\"{&quot;ecs_container_type&quot;:&quot;flex&quot;}\">\n\t\t\t\t<div class=\"elementor-element elementor-element-981f345 elementor-widget elementor-widget-text-editor\" data-id=\"981f345\" data-element_type=\"widget\" data-e-type=\"widget\" data-widget_type=\"text-editor.default\">\n\t\t\t\t\t\t\t\t\t<p>Oavsett om g\u00e4sterna \u00e4r p\u00e5 spr\u00e5ng eller vill sl\u00e5 sig ner f\u00f6r en stunds avkoppling, erbjuder caf\u00e9et en inbjudande atmosf\u00e4r d\u00e4r smakerna f\u00e5r tala f\u00f6r sig sj\u00e4lva.<\/p>\t\t\t\t\t\t\t\t<\/div>\n\t\t\t\t<div class=\"elementor-element elementor-element-f41f0eb elementor-mobile-align-justify elementor-tablet-align-justify elementor-widget elementor-widget-button\" data-id=\"f41f0eb\" data-element_type=\"widget\" data-e-type=\"widget\" data-widget_type=\"button.default\">\n\t\t\t\t\t\t\t\t\t\t<a class=\"elementor-button elementor-button-link elementor-size-sm\" href=\"https:\/\/nordrest.fi\/sv\/om-oss\/kontakt\/\">\n\t\t\t\t\t\t<span class=\"elementor-button-content-wrapper\">\n\t\t\t\t\t\t<span class=\"elementor-button-icon\">\n\t\t\t\t<i aria-hidden=\"true\" class=\"fas fa-arrow-right\"><\/i>\t\t\t<\/span>\n\t\t\t\t\t\t\t\t\t<span class=\"elementor-button-text\">Boka ett f\u00f6rsta m\u00f6te<\/span>\n\t\t\t\t\t<\/span>\n\t\t\t\t\t<\/a>\n\t\t\t\t\t\t\t\t<\/div>\n\t\t\t\t<\/div>\n\t\t\t\t<\/div>\n\t\t\t\t<\/div>\n\t\t\t\t\t<\/div>\n\t\t\t\t<\/div>\n\t\t<div class=\"elementor-element elementor-element-83fe466 e-ecs-flex e-flex e-con-boxed e-con e-parent\" data-id=\"83fe466\" data-element_type=\"container\" data-e-type=\"container\" data-settings=\"{&quot;background_background&quot;:&quot;classic&quot;,&quot;ecs_container_type&quot;:&quot;flex&quot;}\">\n\t\t\t\t\t<div class=\"e-con-inner\">\n\t\t\t\t<div class=\"elementor-element elementor-element-b669b40 elementor-widget elementor-widget-heading\" data-id=\"b669b40\" data-element_type=\"widget\" data-e-type=\"widget\" data-widget_type=\"heading.default\">\n\t\t\t\t\t<h2 class=\"elementor-heading-title elementor-size-default\">Varf\u00f6r caf\u00e9?<\/h2>\t\t\t\t<\/div>\n\t\t<div class=\"elementor-element elementor-element-62721ea e-con-full e-ecs-flex e-flex e-con e-child\" data-id=\"62721ea\" data-element_type=\"container\" data-e-type=\"container\" data-settings=\"{&quot;ecs_container_type&quot;:&quot;flex&quot;}\">\n\t\t<div class=\"elementor-element elementor-element-d8c10c1 e-con-full e-ecs-flex e-flex e-con e-child\" data-id=\"d8c10c1\" data-element_type=\"container\" data-e-type=\"container\" data-settings=\"{&quot;background_background&quot;:&quot;classic&quot;,&quot;ecs_container_type&quot;:&quot;flex&quot;}\">\n\t\t\t\t<div class=\"elementor-element elementor-element-eb41a2a elementor-widget elementor-widget-heading\" data-id=\"eb41a2a\" data-element_type=\"widget\" data-e-type=\"widget\" data-widget_type=\"heading.default\">\n\t\t\t\t\t<h3 class=\"elementor-heading-title elementor-size-default\">Kaffe med omsorg<\/h3>\t\t\t\t<\/div>\n\t\t\t\t<div class=\"elementor-element elementor-element-4e6ab2f elementor-widget elementor-widget-text-editor\" data-id=\"4e6ab2f\" data-element_type=\"widget\" data-e-type=\"widget\" data-widget_type=\"text-editor.default\">\n\t\t\t\t\t\t\t\t\t<p>Noggrant utvalda b\u00f6nor och perfekt bryggda smaker.<\/p>\t\t\t\t\t\t\t\t<\/div>\n\t\t\t\t<\/div>\n\t\t<div class=\"elementor-element elementor-element-44508bc e-con-full e-ecs-flex e-flex e-con e-child\" data-id=\"44508bc\" data-element_type=\"container\" data-e-type=\"container\" data-settings=\"{&quot;background_background&quot;:&quot;classic&quot;,&quot;ecs_container_type&quot;:&quot;flex&quot;}\">\n\t\t\t\t<div class=\"elementor-element elementor-element-5a4caca elementor-widget elementor-widget-heading\" data-id=\"5a4caca\" data-element_type=\"widget\" data-e-type=\"widget\" data-widget_type=\"heading.default\">\n\t\t\t\t\t<h3 class=\"elementor-heading-title elementor-size-default\">Nybakat och fr\u00e4scht<\/h3>\t\t\t\t<\/div>\n\t\t\t\t<div class=\"elementor-element elementor-element-e780455 elementor-widget elementor-widget-text-editor\" data-id=\"e780455\" data-element_type=\"widget\" data-e-type=\"widget\" data-widget_type=\"text-editor.default\">\n\t\t\t\t\t\t\t\t\t<p>Sm\u00f6rg\u00e5sar, bakverk och l\u00e4ttare m\u00e5ltider f\u00f6r alla tillf\u00e4llen.<\/p>\t\t\t\t\t\t\t\t<\/div>\n\t\t\t\t<\/div>\n\t\t<div class=\"elementor-element elementor-element-6ae927a e-con-full e-ecs-flex e-flex e-con e-child\" data-id=\"6ae927a\" data-element_type=\"container\" data-e-type=\"container\" data-settings=\"{&quot;background_background&quot;:&quot;classic&quot;,&quot;ecs_container_type&quot;:&quot;flex&quot;}\">\n\t\t\t\t<div class=\"elementor-element elementor-element-e8d540c elementor-widget elementor-widget-heading\" data-id=\"e8d540c\" data-element_type=\"widget\" data-e-type=\"widget\" data-widget_type=\"heading.default\">\n\t\t\t\t\t<h3 class=\"elementor-heading-title elementor-size-default\">Vakna till n\u00e5got gott<\/h3>\t\t\t\t<\/div>\n\t\t\t\t<div class=\"elementor-element elementor-element-24f8df4 elementor-widget elementor-widget-text-editor\" data-id=\"24f8df4\" data-element_type=\"widget\" data-e-type=\"widget\" data-widget_type=\"text-editor.default\">\n\t\t\t\t\t\t\t\t\t<p>Kaffet, smaken och energin som kickstartar din morgon.<\/p>\t\t\t\t\t\t\t\t<\/div>\n\t\t\t\t<\/div>\n\t\t<div class=\"elementor-element elementor-element-1e79d9a e-con-full e-ecs-flex e-flex e-con e-child\" data-id=\"1e79d9a\" data-element_type=\"container\" data-e-type=\"container\" data-settings=\"{&quot;background_background&quot;:&quot;classic&quot;,&quot;ecs_container_type&quot;:&quot;flex&quot;}\">\n\t\t\t\t<div class=\"elementor-element elementor-element-2c60122 elementor-widget elementor-widget-heading\" data-id=\"2c60122\" data-element_type=\"widget\" data-e-type=\"widget\" data-widget_type=\"heading.default\">\n\t\t\t\t\t<h3 class=\"elementor-heading-title elementor-size-default\">Redo att ta \u2028n\u00e4sta steg?<\/h3>\t\t\t\t<\/div>\n\t\t\t\t<div class=\"elementor-element elementor-element-5bdf9ad elementor-widget elementor-widget-text-editor\" data-id=\"5bdf9ad\" data-element_type=\"widget\" data-e-type=\"widget\" data-widget_type=\"text-editor.default\">\n\t\t\t\t\t\t\t\t\t<p>Vi hj\u00e4lper dig hela v\u00e4gen fr\u00e5n id\u00e9 till drift.<\/p>\t\t\t\t\t\t\t\t<\/div>\n\t\t\t\t<div class=\"elementor-element elementor-element-425b0c6 elementor-align-center elementor-widget elementor-widget-button\" data-id=\"425b0c6\" data-element_type=\"widget\" data-e-type=\"widget\" data-widget_type=\"button.default\">\n\t\t\t\t\t\t\t\t\t\t<a class=\"elementor-button elementor-button-link elementor-size-sm\" href=\"https:\/\/nordrest.fi\/sv\/om-oss\/kontakt\/\">\n\t\t\t\t\t\t<span class=\"elementor-button-content-wrapper\">\n\t\t\t\t\t\t<span class=\"elementor-button-icon\">\n\t\t\t\t<i aria-hidden=\"true\" class=\"fas fa-arrow-right\"><\/i>\t\t\t<\/span>\n\t\t\t\t\t\t\t\t\t<span class=\"elementor-button-text\">Kontakta oss<\/span>\n\t\t\t\t\t<\/span>\n\t\t\t\t\t<\/a>\n\t\t\t\t\t\t\t\t<\/div>\n\t\t\t\t<\/div>\n\t\t\t\t<\/div>\n\t\t\t\t\t<\/div>\n\t\t\t\t<\/div>\n\t\t<div class=\"elementor-element elementor-element-a73bfed e-ecs-flex e-flex e-con-boxed e-con e-parent\" data-id=\"a73bfed\" data-element_type=\"container\" data-e-type=\"container\" data-settings=\"{&quot;background_background&quot;:&quot;classic&quot;,&quot;ecs_container_type&quot;:&quot;flex&quot;}\">\n\t\t\t\t\t<div class=\"e-con-inner\">\n\t\t<div class=\"elementor-element elementor-element-14f5648 e-con-full e-ecs-flex e-flex e-con e-child\" data-id=\"14f5648\" data-element_type=\"container\" data-e-type=\"container\" data-settings=\"{&quot;ecs_container_type&quot;:&quot;flex&quot;}\">\n\t\t\t\t<div class=\"elementor-element elementor-element-f7eebc8 elementor-widget elementor-widget-heading\" data-id=\"f7eebc8\" data-element_type=\"widget\" data-e-type=\"widget\" data-widget_type=\"heading.default\">\n\t\t\t\t\t<h3 class=\"elementor-heading-title elementor-size-default\">\"V\u00e5rt caf\u00e9 \u00e4r mer \u00e4n bara en kaffepaus \u2013 det \u00e4r en smakupplevelse d\u00e4r noggrant utvalt kaffe och nybakat m\u00f6ts i en inbjudande milj\u00f6\"<\/h3>\t\t\t\t<\/div>\n\t\t\t\t<div class=\"elementor-element elementor-element-ee17461 elementor-widget elementor-widget-heading\" data-id=\"ee17461\" data-element_type=\"widget\" data-e-type=\"widget\" data-widget_type=\"heading.default\">\n\t\t\t\t\t<h4 class=\"elementor-heading-title elementor-size-default\">Michael B\u00fchring, VD Nordrest<\/h4>\t\t\t\t<\/div>\n\t\t\t\t<\/div>\n\t\t<div class=\"elementor-element elementor-element-bd4cdb4 e-con-full e-ecs-flex e-flex e-con e-child\" data-id=\"bd4cdb4\" data-element_type=\"container\" data-e-type=\"container\" data-settings=\"{&quot;ecs_container_type&quot;:&quot;flex&quot;}\">\n\t\t\t\t<div class=\"elementor-element elementor-element-eda1d97 elementor-widget elementor-widget-image\" data-id=\"eda1d97\" data-element_type=\"widget\" data-e-type=\"widget\" data-widget_type=\"image.default\">\n\t\t\t\t\t\t\t\t\t\t\t\t\t\t\t<img decoding=\"async\" width=\"1500\" height=\"2000\" src=\"https:\/\/nordrest.fi\/wp-content\/uploads\/2023\/08\/Nordrest-Michael-1.webp\" class=\"attachment-full size-full wp-image-6426\" alt=\"Nordrest - Michael B\u00fchring\" srcset=\"https:\/\/nordrest.fi\/wp-content\/uploads\/2023\/08\/Nordrest-Michael-1.webp 1500w, https:\/\/nordrest.fi\/wp-content\/uploads\/2023\/08\/Nordrest-Michael-1-750x1000.webp 750w, https:\/\/nordrest.fi\/wp-content\/uploads\/2023\/08\/Nordrest-Michael-1-1000x1333.webp 1000w, https:\/\/nordrest.fi\/wp-content\/uploads\/2023\/08\/Nordrest-Michael-1-768x1024.webp 768w, https:\/\/nordrest.fi\/wp-content\/uploads\/2023\/08\/Nordrest-Michael-1-1152x1536.webp 1152w, https:\/\/nordrest.fi\/wp-content\/uploads\/2023\/08\/elementor\/thumbs\/Nordrest-Michael-1-qbmg1vardkc9b9uuq2k37641t1060mpzlflpsrklkw.webp 600w\" sizes=\"(max-width: 1500px) 100vw, 1500px\" \/>\t\t\t\t\t\t\t\t\t\t\t\t\t\t\t<\/div>\n\t\t\t\t<\/div>\n\t\t\t\t\t<\/div>\n\t\t\t\t<\/div>\n\t\t<div class=\"elementor-element elementor-element-e125b90 e-ecs-flex e-flex e-con-boxed e-con e-parent\" data-id=\"e125b90\" data-element_type=\"container\" data-e-type=\"container\" data-settings=\"{&quot;background_background&quot;:&quot;classic&quot;,&quot;ecs_container_type&quot;:&quot;flex&quot;}\">\n\t\t\t\t\t<div class=\"e-con-inner\">\n\t\t<div data-dce-background-image-url=\"https:\/\/nordrest.fi\/wp-content\/uploads\/2025\/02\/WayCup-Nordrest-2-scaled.webp\" class=\"elementor-element elementor-element-7442723 e-con-full e-ecs-flex e-flex e-con e-child\" data-id=\"7442723\" data-element_type=\"container\" data-e-type=\"container\" data-settings=\"{&quot;background_background&quot;:&quot;classic&quot;,&quot;ecs_container_type&quot;:&quot;flex&quot;}\">\n\t\t\t\t<\/div>\n\t\t<div class=\"elementor-element elementor-element-52da458 e-con-full e-ecs-flex e-flex e-con e-child\" data-id=\"52da458\" data-element_type=\"container\" data-e-type=\"container\" data-settings=\"{&quot;ecs_container_type&quot;:&quot;flex&quot;}\">\n\t\t\t\t<div class=\"elementor-element elementor-element-b78a232 elementor-widget elementor-widget-heading\" data-id=\"b78a232\" data-element_type=\"widget\" data-e-type=\"widget\" data-widget_type=\"heading.default\">\n\t\t\t\t\t<h2 class=\"elementor-heading-title elementor-size-default\">Caf\u00e9 i praktiken: <strong>WayCup<\/strong><\/h2>\t\t\t\t<\/div>\n\t\t\t\t<div class=\"elementor-element elementor-element-3cbd99b elementor-widget elementor-widget-heading\" data-id=\"3cbd99b\" data-element_type=\"widget\" data-e-type=\"widget\" data-widget_type=\"heading.default\">\n\t\t\t\t\t<h2 class=\"elementor-heading-title elementor-size-default\">Vakna till en b\u00e4ttre kaffestund<\/h2>\t\t\t\t<\/div>\n\t\t\t\t<div class=\"elementor-element elementor-element-1a94c72 elementor-widget elementor-widget-text-editor\" data-id=\"1a94c72\" data-element_type=\"widget\" data-e-type=\"widget\" data-widget_type=\"text-editor.default\">\n\t\t\t\t\t\t\t\t\t<div class=\"\" data-block=\"true\" data-editor=\"115so\" data-offset-key=\"735v7-0-0\"><div class=\"public-DraftStyleDefault-block public-DraftStyleDefault-ltr\" data-offset-key=\"735v7-0-0\"><strong>WayCup \u00e4r caf\u00e9et d\u00e4r varje kopp \u00e4r en ny start. H\u00e4r vaknar smakerna till liv med noggrant utvalda kaffeb\u00f6nor, omsorgsfullt bryggda f\u00f6r att ge dig den perfekta energikicken \u2013 oavsett om du \u00e4r p\u00e5 spr\u00e5ng eller vill njuta av en lugn stund.<\/strong><\/div><div data-offset-key=\"735v7-0-0\">\u00a0<\/div><\/div><div class=\"\" data-block=\"true\" data-editor=\"115so\" data-offset-key=\"8h8tu-0-0\"><div class=\"public-DraftStyleDefault-block public-DraftStyleDefault-ltr\" data-offset-key=\"8h8tu-0-0\"><span data-offset-key=\"8h8tu-0-0\">Men WayCup \u00e4r mer \u00e4n bara kaffe. H\u00e4r hittar du nybakade bakverk, fr\u00e4scha sm\u00f6rg\u00e5sar och l\u00e4ttare m\u00e5ltider som ger dagen en godare start. Oavsett om du beh\u00f6ver en snabb espresso f\u00f6r att kicka ig\u00e5ng morgonen eller en cappuccino att varva ner med p\u00e5 eftermiddagen, \u00e4r WayCup platsen d\u00e4r smak och kvalitet m\u00f6ts.<\/span><\/div><\/div><div class=\"\" data-block=\"true\" data-editor=\"115so\" data-offset-key=\"1pfp2-0-0\"><div class=\"public-DraftStyleDefault-block public-DraftStyleDefault-ltr\" data-offset-key=\"1pfp2-0-0\"><span data-offset-key=\"1pfp2-0-0\">WayCup \u2013 en b\u00e4ttre kaffestart p\u00e5 dagen.<\/span><\/div><\/div>\t\t\t\t\t\t\t\t<\/div>\n\t\t\t\t<div class=\"elementor-element elementor-element-b2594f6 elementor-widget elementor-widget-text-editor\" data-id=\"b2594f6\" data-element_type=\"widget\" data-e-type=\"widget\" data-widget_type=\"text-editor.default\">\n\t\t\t\t\t\t\t\t\t<p>L\u00e4s mer om WayCup<\/p>\t\t\t\t\t\t\t\t<\/div>\n\t\t\t\t<div class=\"elementor-element elementor-element-92e3307 elementor-widget elementor-widget-button\" data-id=\"92e3307\" data-element_type=\"widget\" data-e-type=\"widget\" data-widget_type=\"button.default\">\n\t\t\t\t\t\t\t\t\t\t<a class=\"elementor-button elementor-button-link elementor-size-sm\" href=\"https:\/\/www.waycup.se\/\" target=\"_blank\" rel=\"noopener\">\n\t\t\t\t\t\t<span class=\"elementor-button-content-wrapper\">\n\t\t\t\t\t\t<span class=\"elementor-button-icon\">\n\t\t\t\t<i aria-hidden=\"true\" class=\"fas fa-arrow-right\"><\/i>\t\t\t<\/span>\n\t\t\t\t\t\t\t\t\t<span class=\"elementor-button-text\">waycup.se<\/span>\n\t\t\t\t\t<\/span>\n\t\t\t\t\t<\/a>\n\t\t\t\t\t\t\t\t<\/div>\n\t\t\t\t<\/div>\n\t\t\t\t\t<\/div>\n\t\t\t\t<\/div>\n\t\t\t\t<\/div>\n\t\t","protected":false},"excerpt":{"rendered":"<p>Caf\u00e9 Caf\u00e9-konceptet \u00e4r en naturlig m\u00f6tesplats d\u00e4r kaffe av h\u00f6g kvalitet st\u00e5r i centrum. H\u00e4r serveras nybryggt kaffe, f\u00e4rska bakverk, fr\u00e4scha sm\u00f6rg\u00e5sar och l\u00e4ttare m\u00e5ltider i en avslappnad milj\u00f6. Boka ett m\u00f6te Caf\u00e9 \u2013 En kopp kvalit\u00e9, en stund av ro Oavsett om g\u00e4sterna \u00e4r p\u00e5 spr\u00e5ng eller vill sl\u00e5 sig ner f\u00f6r en stunds [&hellip;]<\/p>\n","protected":false},"author":5,"featured_media":0,"parent":4047,"menu_order":50,"comment_status":"closed","ping_status":"closed","template":"","meta":{"_acf_changed":false,"footnotes":""},"class_list":["post-16846","page","type-page","status-publish","hentry"],"acf":[],"_links":{"self":[{"href":"https:\/\/nordrest.fi\/sv\/wp-json\/wp\/v2\/pages\/16846","targetHints":{"allow":["GET"]}}],"collection":[{"href":"https:\/\/nordrest.fi\/sv\/wp-json\/wp\/v2\/pages"}],"about":[{"href":"https:\/\/nordrest.fi\/sv\/wp-json\/wp\/v2\/types\/page"}],"author":[{"embeddable":true,"href":"https:\/\/nordrest.fi\/sv\/wp-json\/wp\/v2\/users\/5"}],"replies":[{"embeddable":true,"href":"https:\/\/nordrest.fi\/sv\/wp-json\/wp\/v2\/comments?post=16846"}],"version-history":[{"count":0,"href":"https:\/\/nordrest.fi\/sv\/wp-json\/wp\/v2\/pages\/16846\/revisions"}],"up":[{"embeddable":true,"href":"https:\/\/nordrest.fi\/sv\/wp-json\/wp\/v2\/pages\/4047"}],"wp:attachment":[{"href":"https:\/\/nordrest.fi\/sv\/wp-json\/wp\/v2\/media?parent=16846"}],"curies":[{"name":"wp","href":"https:\/\/api.w.org\/{rel}","templated":true}]}}