{"id":16843,"date":"2025-02-20T12:43:14","date_gmt":"2025-02-20T11:43:14","guid":{"rendered":"http:\/\/nordrestfin.juliet2.utvecklingswebb.se\/?page_id=16843"},"modified":"2025-02-27T10:54:58","modified_gmt":"2025-02-27T09:54:58","slug":"buffelunch","status":"publish","type":"page","link":"https:\/\/nordrest.fi\/sv\/tjanster\/buffelunch\/","title":{"rendered":"Buff\u00e9lunch"},"content":{"rendered":"\t\t<div data-elementor-type=\"wp-page\" data-elementor-id=\"16843\" class=\"elementor elementor-16843\" data-elementor-post-type=\"page\">\n\t\t\t\t<div data-dce-background-overlay-color=\"#080808\" data-dce-background-image-url=\"https:\/\/nordrest.fi\/wp-content\/uploads\/2023\/09\/nordrest-hors-catering-goteborg.webp\" class=\"elementor-element elementor-element-e118b75 e-ecs-flex e-flex e-con-boxed e-con e-parent\" data-id=\"e118b75\" data-element_type=\"container\" data-e-type=\"container\" data-settings=\"{&quot;background_background&quot;:&quot;classic&quot;,&quot;ecs_container_type&quot;:&quot;flex&quot;}\">\n\t\t\t\t\t<div class=\"e-con-inner\">\n\t\t\t\t<div class=\"elementor-element elementor-element-b2b0af0 elementor-widget elementor-widget-heading\" data-id=\"b2b0af0\" data-element_type=\"widget\" data-e-type=\"widget\" data-widget_type=\"heading.default\">\n\t\t\t\t\t<h1 class=\"elementor-heading-title elementor-size-default\">Buff\u00e9lunch<\/h1>\t\t\t\t<\/div>\n\t\t\t\t<div data-dce-text-color=\"#FFFFFF\" class=\"elementor-element elementor-element-1935ecf elementor-widget__width-initial elementor-widget-tablet__width-inherit elementor-widget elementor-widget-text-editor\" data-id=\"1935ecf\" data-element_type=\"widget\" data-e-type=\"widget\" data-widget_type=\"text-editor.default\">\n\t\t\t\t\t\t\t\t\t<p>Uppt\u00e4ck Taste \u2013 buff\u00e9lunchen med gener\u00f6s variation och h\u00f6g kvalitet. Njut av v\u00e4llagade r\u00e4tter, fr\u00e4scha sallader och snabba m\u00e5ltider i en trivsam milj\u00f6.<\/p>\t\t\t\t\t\t\t\t<\/div>\n\t\t\t\t<div class=\"elementor-element elementor-element-dfe2d4e elementor-mobile-align-justify elementor-tablet-align-justify elementor-widget elementor-widget-button\" data-id=\"dfe2d4e\" data-element_type=\"widget\" data-e-type=\"widget\" data-widget_type=\"button.default\">\n\t\t\t\t\t\t\t\t\t\t<a class=\"elementor-button elementor-button-link elementor-size-sm\" href=\"https:\/\/nordrest.fi\/sv\/om-oss\/kontakt\/\">\n\t\t\t\t\t\t<span class=\"elementor-button-content-wrapper\">\n\t\t\t\t\t\t<span class=\"elementor-button-icon\">\n\t\t\t\t<i aria-hidden=\"true\" class=\"fas fa-arrow-right\"><\/i>\t\t\t<\/span>\n\t\t\t\t\t\t\t\t\t<span class=\"elementor-button-text\">Boka ett m\u00f6te<\/span>\n\t\t\t\t\t<\/span>\n\t\t\t\t\t<\/a>\n\t\t\t\t\t\t\t\t<\/div>\n\t\t\t\t\t<\/div>\n\t\t\t\t<\/div>\n\t\t<div class=\"elementor-element elementor-element-974626d e-ecs-flex e-flex e-con-boxed e-con e-parent\" data-id=\"974626d\" data-element_type=\"container\" data-e-type=\"container\" id=\"buffe\" data-settings=\"{&quot;background_background&quot;:&quot;classic&quot;,&quot;ecs_container_type&quot;:&quot;flex&quot;}\">\n\t\t\t\t\t<div class=\"e-con-inner\">\n\t\t<div class=\"elementor-element elementor-element-137937d e-con-full e-ecs-flex e-flex e-con e-child\" data-id=\"137937d\" data-element_type=\"container\" data-e-type=\"container\" data-settings=\"{&quot;ecs_container_type&quot;:&quot;flex&quot;}\">\n\t\t<div data-dce-background-image-url=\"https:\/\/nordrest.fi\/wp-content\/uploads\/2023\/09\/Skolmat-Svea-Cater.webp\" class=\"elementor-element elementor-element-08c93b1 e-con-full e-ecs-flex e-flex e-con e-child\" data-id=\"08c93b1\" data-element_type=\"container\" data-e-type=\"container\" data-settings=\"{&quot;background_background&quot;:&quot;classic&quot;,&quot;ecs_container_type&quot;:&quot;flex&quot;}\">\n\t\t\t\t<\/div>\n\t\t<div class=\"elementor-element elementor-element-8516ab3 e-con-full e-ecs-flex e-flex e-con e-child\" data-id=\"8516ab3\" data-element_type=\"container\" data-e-type=\"container\" data-settings=\"{&quot;background_background&quot;:&quot;classic&quot;,&quot;ecs_container_type&quot;:&quot;flex&quot;}\">\n\t\t\t\t<div class=\"elementor-element elementor-element-1a1a3b2 elementor-widget elementor-widget-image\" data-id=\"1a1a3b2\" data-element_type=\"widget\" data-e-type=\"widget\" data-widget_type=\"image.default\">\n\t\t\t\t\t\t\t\t\t\t\t\t\t\t\t<img decoding=\"async\" width=\"500\" height=\"87\" src=\"https:\/\/nordrest.fi\/wp-content\/uploads\/2025\/02\/taste-by-nordrest.png\" class=\"attachment-large size-large wp-image-18063\" alt=\"\" \/>\t\t\t\t\t\t\t\t\t\t\t\t\t\t\t<\/div>\n\t\t\t\t<\/div>\n\t\t\t\t<\/div>\n\t\t<div class=\"elementor-element elementor-element-55a83b9 e-con-full e-ecs-flex e-flex e-con e-child\" data-id=\"55a83b9\" data-element_type=\"container\" data-e-type=\"container\" data-settings=\"{&quot;ecs_container_type&quot;:&quot;flex&quot;}\">\n\t\t\t\t<div class=\"elementor-element elementor-element-7bbef46 elementor-widget elementor-widget-heading\" data-id=\"7bbef46\" data-element_type=\"widget\" data-e-type=\"widget\" data-widget_type=\"heading.default\">\n\t\t\t\t\t<h2 class=\"elementor-heading-title elementor-size-default\">Buff\u00e9lunch<\/h2>\t\t\t\t<\/div>\n\t\t\t\t<div class=\"elementor-element elementor-element-8a684b4 elementor-widget-tablet__width-inherit elementor-widget elementor-widget-heading\" data-id=\"8a684b4\" data-element_type=\"widget\" data-e-type=\"widget\" data-widget_type=\"heading.default\">\n\t\t\t\t\t<h2 class=\"elementor-heading-title elementor-size-default\">\u2013 Snabbt, smidigt och smakrikt<\/h2>\t\t\t\t<\/div>\n\t\t<div class=\"elementor-element elementor-element-cd3d347 e-con-full e-ecs-flex e-flex e-con e-child\" data-id=\"cd3d347\" data-element_type=\"container\" data-e-type=\"container\" data-settings=\"{&quot;ecs_container_type&quot;:&quot;flex&quot;}\">\n\t\t<div data-dce-background-image-url=\"https:\/\/nordrest.fi\/wp-content\/uploads\/2023\/09\/nordrest-hors-catering-goteborg.webp\" class=\"elementor-element elementor-element-55a4f02 e-con-full elementor-hidden-tablet elementor-hidden-mobile e-ecs-flex e-flex e-con e-child\" data-id=\"55a4f02\" data-element_type=\"container\" data-e-type=\"container\" data-settings=\"{&quot;background_background&quot;:&quot;classic&quot;,&quot;ecs_container_type&quot;:&quot;flex&quot;}\">\n\t\t\t\t<\/div>\n\t\t<div class=\"elementor-element elementor-element-a5ca487 e-con-full e-ecs-flex e-flex e-con e-child\" data-id=\"a5ca487\" data-element_type=\"container\" data-e-type=\"container\" data-settings=\"{&quot;ecs_container_type&quot;:&quot;flex&quot;}\">\n\t\t\t\t<div class=\"elementor-element elementor-element-04a9b5e elementor-widget elementor-widget-text-editor\" data-id=\"04a9b5e\" data-element_type=\"widget\" data-e-type=\"widget\" data-widget_type=\"text-editor.default\">\n\t\t\t\t\t\t\t\t\t<p>Buff\u00e9lunchen \u00e4r det perfekta valet f\u00f6r den som vill ha en snabb, smidig och m\u00e4ttande lunch utan att kompromissa med smak eller kvalitet. G\u00e4sterna kan v\u00e4lja mellan ett varierat utbud av varma r\u00e4tter, fr\u00e4scha sallader och tillbeh\u00f6r som anpassas efter s\u00e4song och kundernas preferenser. Konceptet g\u00f6r det enkelt att hitta n\u00e5got som passar b\u00e5de den som s\u00f6ker en l\u00e4tt och h\u00e4lsosam m\u00e5ltid och den som vill ha n\u00e5got mer rej\u00e4lt.<\/p>\t\t\t\t\t\t\t\t<\/div>\n\t\t\t\t<div class=\"elementor-element elementor-element-ff5026b elementor-mobile-align-justify elementor-tablet-align-justify elementor-widget elementor-widget-button\" data-id=\"ff5026b\" data-element_type=\"widget\" data-e-type=\"widget\" data-widget_type=\"button.default\">\n\t\t\t\t\t\t\t\t\t\t<a class=\"elementor-button elementor-button-link elementor-size-sm\" href=\"https:\/\/nordrest.fi\/sv\/om-oss\/kontakt\/\">\n\t\t\t\t\t\t<span class=\"elementor-button-content-wrapper\">\n\t\t\t\t\t\t<span class=\"elementor-button-icon\">\n\t\t\t\t<i aria-hidden=\"true\" class=\"fas fa-arrow-right\"><\/i>\t\t\t<\/span>\n\t\t\t\t\t\t\t\t\t<span class=\"elementor-button-text\">Boka ett f\u00f6rsta m\u00f6te<\/span>\n\t\t\t\t\t<\/span>\n\t\t\t\t\t<\/a>\n\t\t\t\t\t\t\t\t<\/div>\n\t\t\t\t<\/div>\n\t\t\t\t<\/div>\n\t\t\t\t<\/div>\n\t\t\t\t\t<\/div>\n\t\t\t\t<\/div>\n\t\t<div class=\"elementor-element elementor-element-2b7943f e-ecs-flex e-flex e-con-boxed e-con e-parent\" data-id=\"2b7943f\" data-element_type=\"container\" data-e-type=\"container\" data-settings=\"{&quot;background_background&quot;:&quot;classic&quot;,&quot;ecs_container_type&quot;:&quot;flex&quot;}\">\n\t\t\t\t\t<div class=\"e-con-inner\">\n\t\t\t\t<div class=\"elementor-element elementor-element-2425158 elementor-widget elementor-widget-heading\" data-id=\"2425158\" data-element_type=\"widget\" data-e-type=\"widget\" data-widget_type=\"heading.default\">\n\t\t\t\t\t<h2 class=\"elementor-heading-title elementor-size-default\">Varf\u00f6r Nordrest Buffelunch?<\/h2>\t\t\t\t<\/div>\n\t\t<div class=\"elementor-element elementor-element-b5fdf97 e-con-full e-ecs-flex e-flex e-con e-child\" data-id=\"b5fdf97\" data-element_type=\"container\" data-e-type=\"container\" data-settings=\"{&quot;ecs_container_type&quot;:&quot;flex&quot;}\">\n\t\t<div class=\"elementor-element elementor-element-ddd26e9 e-con-full e-ecs-flex e-flex e-con e-child\" data-id=\"ddd26e9\" data-element_type=\"container\" data-e-type=\"container\" data-settings=\"{&quot;background_background&quot;:&quot;classic&quot;,&quot;ecs_container_type&quot;:&quot;flex&quot;}\">\n\t\t\t\t<div class=\"elementor-element elementor-element-daf87f6 elementor-widget elementor-widget-heading\" data-id=\"daf87f6\" data-element_type=\"widget\" data-e-type=\"widget\" data-widget_type=\"heading.default\">\n\t\t\t\t\t<h3 class=\"elementor-heading-title elementor-size-default\">V\u00e4lfylld buff\u00e9<\/h3>\t\t\t\t<\/div>\n\t\t\t\t<div class=\"elementor-element elementor-element-1c8fdc3 elementor-widget elementor-widget-text-editor\" data-id=\"1c8fdc3\" data-element_type=\"widget\" data-e-type=\"widget\" data-widget_type=\"text-editor.default\">\n\t\t\t\t\t\t\t\t\t<p>M\u00e5ngsidiga r\u00e4tter fr\u00e5n olika k\u00f6k och matkulturer.<\/p>\t\t\t\t\t\t\t\t<\/div>\n\t\t\t\t<\/div>\n\t\t<div class=\"elementor-element elementor-element-966172a e-con-full e-ecs-flex e-flex e-con e-child\" data-id=\"966172a\" data-element_type=\"container\" data-e-type=\"container\" data-settings=\"{&quot;background_background&quot;:&quot;classic&quot;,&quot;ecs_container_type&quot;:&quot;flex&quot;}\">\n\t\t\t\t<div class=\"elementor-element elementor-element-a0e7485 elementor-widget elementor-widget-heading\" data-id=\"a0e7485\" data-element_type=\"widget\" data-e-type=\"widget\" data-widget_type=\"heading.default\">\n\t\t\t\t\t<h3 class=\"elementor-heading-title elementor-size-default\">Snabbt och smidigt<\/h3>\t\t\t\t<\/div>\n\t\t\t\t<div class=\"elementor-element elementor-element-981a77c elementor-widget elementor-widget-text-editor\" data-id=\"981a77c\" data-element_type=\"widget\" data-e-type=\"widget\" data-widget_type=\"text-editor.default\">\n\t\t\t\t\t\t\t\t\t<p>Njut av en kvalitetslunch utan l\u00e5ng v\u00e4ntetid.<\/p>\t\t\t\t\t\t\t\t<\/div>\n\t\t\t\t<\/div>\n\t\t<div class=\"elementor-element elementor-element-162b788 e-con-full e-ecs-flex e-flex e-con e-child\" data-id=\"162b788\" data-element_type=\"container\" data-e-type=\"container\" data-settings=\"{&quot;background_background&quot;:&quot;classic&quot;,&quot;ecs_container_type&quot;:&quot;flex&quot;}\">\n\t\t\t\t<div class=\"elementor-element elementor-element-e4c33ed elementor-widget elementor-widget-heading\" data-id=\"e4c33ed\" data-element_type=\"widget\" data-e-type=\"widget\" data-widget_type=\"heading.default\">\n\t\t\t\t\t<h3 class=\"elementor-heading-title elementor-size-default\">Smak f\u00f6r alla<\/h3>\t\t\t\t<\/div>\n\t\t\t\t<div class=\"elementor-element elementor-element-6737af2 elementor-widget elementor-widget-text-editor\" data-id=\"6737af2\" data-element_type=\"widget\" data-e-type=\"widget\" data-widget_type=\"text-editor.default\">\n\t\t\t\t\t\t\t\t\t<p>Varierad meny med n\u00e5got f\u00f6r varje smak och kosth\u00e5llning.<\/p>\t\t\t\t\t\t\t\t<\/div>\n\t\t\t\t<\/div>\n\t\t<div class=\"elementor-element elementor-element-9d32043 e-con-full e-ecs-flex e-flex e-con e-child\" data-id=\"9d32043\" data-element_type=\"container\" data-e-type=\"container\" data-settings=\"{&quot;background_background&quot;:&quot;classic&quot;,&quot;ecs_container_type&quot;:&quot;flex&quot;}\">\n\t\t\t\t<div class=\"elementor-element elementor-element-dd769e4 elementor-widget elementor-widget-heading\" data-id=\"dd769e4\" data-element_type=\"widget\" data-e-type=\"widget\" data-widget_type=\"heading.default\">\n\t\t\t\t\t<h3 class=\"elementor-heading-title elementor-size-default\">Redo att ta n\u00e4sta steg?<\/h3>\t\t\t\t<\/div>\n\t\t\t\t<div class=\"elementor-element elementor-element-746aac6 elementor-widget elementor-widget-text-editor\" data-id=\"746aac6\" data-element_type=\"widget\" data-e-type=\"widget\" data-widget_type=\"text-editor.default\">\n\t\t\t\t\t\t\t\t\t<p>Vi hj\u00e4lper dig hela v\u00e4gen fr\u00e5n id\u00e9 till drift.<\/p>\t\t\t\t\t\t\t\t<\/div>\n\t\t\t\t<div class=\"elementor-element elementor-element-be9b802 elementor-align-center elementor-widget elementor-widget-button\" data-id=\"be9b802\" data-element_type=\"widget\" data-e-type=\"widget\" data-widget_type=\"button.default\">\n\t\t\t\t\t\t\t\t\t\t<a class=\"elementor-button elementor-button-link elementor-size-sm\" href=\"https:\/\/nordrest.fi\/sv\/om-oss\/kontakt\/\">\n\t\t\t\t\t\t<span class=\"elementor-button-content-wrapper\">\n\t\t\t\t\t\t<span class=\"elementor-button-icon\">\n\t\t\t\t<i aria-hidden=\"true\" class=\"fas fa-arrow-right\"><\/i>\t\t\t<\/span>\n\t\t\t\t\t\t\t\t\t<span class=\"elementor-button-text\">Kontakta oss<\/span>\n\t\t\t\t\t<\/span>\n\t\t\t\t\t<\/a>\n\t\t\t\t\t\t\t\t<\/div>\n\t\t\t\t<\/div>\n\t\t\t\t<\/div>\n\t\t\t\t\t<\/div>\n\t\t\t\t<\/div>\n\t\t<div class=\"elementor-element elementor-element-c67f43d e-ecs-flex e-flex e-con-boxed e-con e-parent\" data-id=\"c67f43d\" data-element_type=\"container\" data-e-type=\"container\" data-settings=\"{&quot;background_background&quot;:&quot;classic&quot;,&quot;ecs_container_type&quot;:&quot;flex&quot;}\">\n\t\t\t\t\t<div class=\"e-con-inner\">\n\t\t<div class=\"elementor-element elementor-element-ec7df80 e-con-full e-ecs-flex e-flex e-con e-child\" data-id=\"ec7df80\" data-element_type=\"container\" data-e-type=\"container\" data-settings=\"{&quot;ecs_container_type&quot;:&quot;flex&quot;}\">\n\t\t\t\t<div class=\"elementor-element elementor-element-c2fe3fd elementor-widget elementor-widget-heading\" data-id=\"c2fe3fd\" data-element_type=\"widget\" data-e-type=\"widget\" data-widget_type=\"heading.default\">\n\t\t\t\t\t<h3 class=\"elementor-heading-title elementor-size-default\">\"Med v\u00e5r buff\u00e9lunch kombinerar vi hastighet med kvalitet \u2013 ett varierat och smakrikt utbud som g\u00f6r det enkelt att \u00e4ta gott, oavsett tid och preferenser.\"<\/h3>\t\t\t\t<\/div>\n\t\t\t\t<div class=\"elementor-element elementor-element-70a9deb elementor-widget elementor-widget-heading\" data-id=\"70a9deb\" data-element_type=\"widget\" data-e-type=\"widget\" data-widget_type=\"heading.default\">\n\t\t\t\t\t<h4 class=\"elementor-heading-title elementor-size-default\">Michael B\u00fchring, VD<\/h4>\t\t\t\t<\/div>\n\t\t\t\t<\/div>\n\t\t<div class=\"elementor-element elementor-element-af328a3 e-con-full e-ecs-flex e-flex e-con e-child\" data-id=\"af328a3\" data-element_type=\"container\" data-e-type=\"container\" data-settings=\"{&quot;ecs_container_type&quot;:&quot;flex&quot;}\">\n\t\t\t\t<div class=\"elementor-element elementor-element-ecfc4e6 elementor-widget elementor-widget-image\" data-id=\"ecfc4e6\" data-element_type=\"widget\" data-e-type=\"widget\" data-widget_type=\"image.default\">\n\t\t\t\t\t\t\t\t\t\t\t\t\t\t\t<img fetchpriority=\"high\" decoding=\"async\" width=\"1500\" height=\"2000\" src=\"https:\/\/nordrest.fi\/wp-content\/uploads\/2023\/08\/Nordrest-Michael-1.webp\" class=\"attachment-full size-full wp-image-6426\" alt=\"Nordrest - Michael B\u00fchring\" srcset=\"https:\/\/nordrest.fi\/wp-content\/uploads\/2023\/08\/Nordrest-Michael-1.webp 1500w, https:\/\/nordrest.fi\/wp-content\/uploads\/2023\/08\/Nordrest-Michael-1-750x1000.webp 750w, https:\/\/nordrest.fi\/wp-content\/uploads\/2023\/08\/Nordrest-Michael-1-1000x1333.webp 1000w, https:\/\/nordrest.fi\/wp-content\/uploads\/2023\/08\/Nordrest-Michael-1-768x1024.webp 768w, https:\/\/nordrest.fi\/wp-content\/uploads\/2023\/08\/Nordrest-Michael-1-1152x1536.webp 1152w, https:\/\/nordrest.fi\/wp-content\/uploads\/2023\/08\/elementor\/thumbs\/Nordrest-Michael-1-qbmg1vardkc9b9uuq2k37641t1060mpzlflpsrklkw.webp 600w\" sizes=\"(max-width: 1500px) 100vw, 1500px\" \/>\t\t\t\t\t\t\t\t\t\t\t\t\t\t\t<\/div>\n\t\t\t\t<\/div>\n\t\t\t\t\t<\/div>\n\t\t\t\t<\/div>\n\t\t<div class=\"elementor-element elementor-element-90b6174 e-ecs-flex e-flex e-con-boxed e-con e-parent\" data-id=\"90b6174\" data-element_type=\"container\" data-e-type=\"container\" data-settings=\"{&quot;background_background&quot;:&quot;classic&quot;,&quot;ecs_container_type&quot;:&quot;flex&quot;}\">\n\t\t\t\t\t<div class=\"e-con-inner\">\n\t\t<div data-dce-background-image-url=\"https:\/\/nordrest.fi\/wp-content\/uploads\/2023\/03\/Nordrest-TastebyNordrest.webp\" class=\"elementor-element elementor-element-1c1ba0a e-con-full e-ecs-flex e-flex e-con e-child\" data-id=\"1c1ba0a\" data-element_type=\"container\" data-e-type=\"container\" data-settings=\"{&quot;background_background&quot;:&quot;classic&quot;,&quot;ecs_container_type&quot;:&quot;flex&quot;}\">\n\t\t\t\t<\/div>\n\t\t<div class=\"elementor-element elementor-element-23b2395 e-con-full e-ecs-flex e-flex e-con e-child\" data-id=\"23b2395\" data-element_type=\"container\" data-e-type=\"container\" data-settings=\"{&quot;ecs_container_type&quot;:&quot;flex&quot;}\">\n\t\t\t\t<div class=\"elementor-element elementor-element-f53e9b9 elementor-widget elementor-widget-heading\" data-id=\"f53e9b9\" data-element_type=\"widget\" data-e-type=\"widget\" data-widget_type=\"heading.default\">\n\t\t\t\t\t<h2 class=\"elementor-heading-title elementor-size-default\">Buff\u00e9lunch i praktiken: <strong>Taste<\/strong><\/h2>\t\t\t\t<\/div>\n\t\t\t\t<div class=\"elementor-element elementor-element-1f49239 elementor-widget elementor-widget-heading\" data-id=\"1f49239\" data-element_type=\"widget\" data-e-type=\"widget\" data-widget_type=\"heading.default\">\n\t\t\t\t\t<h2 class=\"elementor-heading-title elementor-size-default\">Buff\u00e9lunch med kvalitet och variation<\/h2>\t\t\t\t<\/div>\n\t\t\t\t<div class=\"elementor-element elementor-element-d52fd07 elementor-widget elementor-widget-text-editor\" data-id=\"d52fd07\" data-element_type=\"widget\" data-e-type=\"widget\" data-widget_type=\"text-editor.default\">\n\t\t\t\t\t\t\t\t\t<p><strong>Taste \u00e4r buff\u00e9lunchen som tar vardagsm\u00e5ltiden till en ny niv\u00e5.<\/strong> H\u00e4r m\u00f6ts g\u00e4ster av en gener\u00f6s och smakrik buff\u00e9, d\u00e4r noggrant utvalda r\u00e5varor och v\u00e4llagade r\u00e4tter st\u00e5r i fokus. Med ett brett utbud av varma och kalla alternativ, fr\u00e4scha sallader och smakfulla tillbeh\u00f6r, finns n\u00e5got f\u00f6r alla \u2013 oavsett om du s\u00f6ker en l\u00e4tt och h\u00e4lsosam lunch eller en mer rej\u00e4l m\u00e5ltid.<\/p><p><strong>Konceptet bygger p\u00e5 tillg\u00e4nglighet och effektivitet utan att tumma p\u00e5 kvaliteten.<\/strong> Taste skapar en avslappnad och trivsam milj\u00f6 d\u00e4r g\u00e4sterna kan njuta av en god m\u00e5ltid, vare sig de har br\u00e5ttom eller vill sitta kvar en stund.<\/p><p><strong>V\u00e4lkommen till Taste \u2013 buff\u00e9lunchen d\u00e4r variation och smakupplevelse st\u00e5r i centrum.<\/strong><\/p>\t\t\t\t\t\t\t\t<\/div>\n\t\t\t\t<div class=\"elementor-element elementor-element-8f33026 elementor-widget elementor-widget-text-editor\" data-id=\"8f33026\" data-element_type=\"widget\" data-e-type=\"widget\" data-widget_type=\"text-editor.default\">\n\t\t\t\t\t\t\t\t\t<p>L\u00e4s mer om Taste by Nordrest<\/p>\t\t\t\t\t\t\t\t<\/div>\n\t\t\t\t<div class=\"elementor-element elementor-element-bc385ab elementor-widget elementor-widget-button\" data-id=\"bc385ab\" data-element_type=\"widget\" data-e-type=\"widget\" data-widget_type=\"button.default\">\n\t\t\t\t\t\t\t\t\t\t<a class=\"elementor-button elementor-button-link elementor-size-sm\" href=\"https:\/\/www.tastebynordrest.se\/\" target=\"_blank\" rel=\"noopener\">\n\t\t\t\t\t\t<span class=\"elementor-button-content-wrapper\">\n\t\t\t\t\t\t<span class=\"elementor-button-icon\">\n\t\t\t\t<i aria-hidden=\"true\" class=\"fas fa-arrow-right\"><\/i>\t\t\t<\/span>\n\t\t\t\t\t\t\t\t\t<span class=\"elementor-button-text\">tastebynordrest.se<\/span>\n\t\t\t\t\t<\/span>\n\t\t\t\t\t<\/a>\n\t\t\t\t\t\t\t\t<\/div>\n\t\t\t\t<\/div>\n\t\t\t\t\t<\/div>\n\t\t\t\t<\/div>\n\t\t\t\t<\/div>\n\t\t","protected":false},"excerpt":{"rendered":"<p>Buff\u00e9lunch Uppt\u00e4ck Taste \u2013 buff\u00e9lunchen med gener\u00f6s variation och h\u00f6g kvalitet. Njut av v\u00e4llagade r\u00e4tter, fr\u00e4scha sallader och snabba m\u00e5ltider i en trivsam milj\u00f6. Boka ett m\u00f6te Buff\u00e9lunch \u2013 Snabbt, smidigt och smakrikt Buff\u00e9lunchen \u00e4r det perfekta valet f\u00f6r den som vill ha en snabb, smidig och m\u00e4ttande lunch utan att kompromissa med smak eller [&hellip;]<\/p>\n","protected":false},"author":5,"featured_media":0,"parent":4047,"menu_order":30,"comment_status":"closed","ping_status":"closed","template":"","meta":{"_acf_changed":false,"footnotes":""},"class_list":["post-16843","page","type-page","status-publish","hentry"],"acf":[],"_links":{"self":[{"href":"https:\/\/nordrest.fi\/sv\/wp-json\/wp\/v2\/pages\/16843","targetHints":{"allow":["GET"]}}],"collection":[{"href":"https:\/\/nordrest.fi\/sv\/wp-json\/wp\/v2\/pages"}],"about":[{"href":"https:\/\/nordrest.fi\/sv\/wp-json\/wp\/v2\/types\/page"}],"author":[{"embeddable":true,"href":"https:\/\/nordrest.fi\/sv\/wp-json\/wp\/v2\/users\/5"}],"replies":[{"embeddable":true,"href":"https:\/\/nordrest.fi\/sv\/wp-json\/wp\/v2\/comments?post=16843"}],"version-history":[{"count":0,"href":"https:\/\/nordrest.fi\/sv\/wp-json\/wp\/v2\/pages\/16843\/revisions"}],"up":[{"embeddable":true,"href":"https:\/\/nordrest.fi\/sv\/wp-json\/wp\/v2\/pages\/4047"}],"wp:attachment":[{"href":"https:\/\/nordrest.fi\/sv\/wp-json\/wp\/v2\/media?parent=16843"}],"curies":[{"name":"wp","href":"https:\/\/api.w.org\/{rel}","templated":true}]}}