{"id":16840,"date":"2025-02-20T12:42:54","date_gmt":"2025-02-20T11:42:54","guid":{"rendered":"http:\/\/nordrestfin.juliet2.utvecklingswebb.se\/?page_id=16840"},"modified":"2025-02-27T10:54:49","modified_gmt":"2025-02-27T09:54:49","slug":"foodhall","status":"publish","type":"page","link":"https:\/\/nordrest.fi\/sv\/tjanster\/foodhall\/","title":{"rendered":"Foodhall"},"content":{"rendered":"\t\t<div data-elementor-type=\"wp-page\" data-elementor-id=\"16840\" class=\"elementor elementor-16840\" data-elementor-post-type=\"page\">\n\t\t\t\t<div data-dce-background-overlay-color=\"#080808\" class=\"elementor-element elementor-element-a7e53c9 e-ecs-flex e-flex e-con-boxed e-con e-parent\" data-id=\"a7e53c9\" data-element_type=\"container\" data-e-type=\"container\" data-settings=\"{&quot;background_background&quot;:&quot;video&quot;,&quot;background_video_link&quot;:&quot;https:\\\/\\\/nordrest.fi\\\/wp-content\\\/uploads\\\/2025\\\/02\\\/Smedens-Mathall-Solna.mp4&quot;,&quot;background_play_on_mobile&quot;:&quot;yes&quot;,&quot;ecs_container_type&quot;:&quot;flex&quot;}\">\n\t\t\t\t\t<div class=\"e-con-inner\">\n\t\t<div class=\"elementor-background-video-container\">\n\t\t\t\t\t\t\t<video class=\"elementor-background-video-hosted\" role=\"presentation\" autoplay muted playsinline loop><\/video>\n\t\t\t\t\t<\/div>\t\t<div class=\"elementor-element elementor-element-00faa64 elementor-widget elementor-widget-heading\" data-id=\"00faa64\" data-element_type=\"widget\" data-e-type=\"widget\" data-widget_type=\"heading.default\">\n\t\t\t\t\t<h1 class=\"elementor-heading-title elementor-size-default\">Foodhall<\/h1>\t\t\t\t<\/div>\n\t\t\t\t<div data-dce-text-color=\"#FFFFFF\" class=\"elementor-element elementor-element-33f1376 elementor-widget__width-initial elementor-widget-tablet__width-inherit elementor-widget elementor-widget-text-editor\" data-id=\"33f1376\" data-element_type=\"widget\" data-e-type=\"widget\" data-widget_type=\"text-editor.default\">\n\t\t\t\t\t\t\t\t\t<p>Foodhall \u00e4r konceptet som samlar flera matkoncept under ett och samma tak, vilket ger g\u00e4sterna m\u00f6jlighet att v\u00e4lja mellan olika r\u00e4tter och smakinriktningar.<\/p>\t\t\t\t\t\t\t\t<\/div>\n\t\t\t\t<div class=\"elementor-element elementor-element-1d851e5 elementor-mobile-align-justify elementor-tablet-align-justify elementor-widget elementor-widget-button\" data-id=\"1d851e5\" data-element_type=\"widget\" data-e-type=\"widget\" data-widget_type=\"button.default\">\n\t\t\t\t\t\t\t\t\t\t<a class=\"elementor-button elementor-button-link elementor-size-sm\" href=\"#\">\n\t\t\t\t\t\t<span class=\"elementor-button-content-wrapper\">\n\t\t\t\t\t\t<span class=\"elementor-button-icon\">\n\t\t\t\t<i aria-hidden=\"true\" class=\"fas fa-arrow-down\"><\/i>\t\t\t<\/span>\n\t\t\t\t\t\t\t\t\t<span class=\"elementor-button-text\">Boka ett m\u00f6te<\/span>\n\t\t\t\t\t<\/span>\n\t\t\t\t\t<\/a>\n\t\t\t\t\t\t\t\t<\/div>\n\t\t\t\t\t<\/div>\n\t\t\t\t<\/div>\n\t\t<div class=\"elementor-element elementor-element-6b48c99 e-ecs-flex e-flex e-con-boxed e-con e-parent\" data-id=\"6b48c99\" data-element_type=\"container\" data-e-type=\"container\" data-settings=\"{&quot;background_background&quot;:&quot;classic&quot;,&quot;ecs_container_type&quot;:&quot;flex&quot;}\">\n\t\t\t\t\t<div class=\"e-con-inner\">\n\t\t<div class=\"elementor-element elementor-element-82ee7f2 e-con-full e-ecs-flex e-flex e-con e-child\" data-id=\"82ee7f2\" data-element_type=\"container\" data-e-type=\"container\" data-settings=\"{&quot;ecs_container_type&quot;:&quot;flex&quot;}\">\n\t\t<div data-dce-background-image-url=\"https:\/\/nordrest.fi\/wp-content\/uploads\/2025\/02\/Nordrest-Smedens-Mathall2.webp\" class=\"elementor-element elementor-element-80cadad e-con-full e-ecs-flex e-flex e-con e-child\" data-id=\"80cadad\" data-element_type=\"container\" data-e-type=\"container\" data-settings=\"{&quot;background_background&quot;:&quot;classic&quot;,&quot;ecs_container_type&quot;:&quot;flex&quot;}\">\n\t\t\t\t<\/div>\n\t\t<div class=\"elementor-element elementor-element-8bf7131 e-con-full e-ecs-flex e-flex e-con e-child\" data-id=\"8bf7131\" data-element_type=\"container\" data-e-type=\"container\" data-settings=\"{&quot;background_background&quot;:&quot;classic&quot;,&quot;ecs_container_type&quot;:&quot;flex&quot;}\">\n\t\t\t\t<div class=\"elementor-element elementor-element-0967de0 elementor-widget elementor-widget-image\" data-id=\"0967de0\" data-element_type=\"widget\" data-e-type=\"widget\" data-widget_type=\"image.default\">\n\t\t\t\t\t\t\t\t\t\t\t\t\t\t\t<img fetchpriority=\"high\" decoding=\"async\" width=\"300\" height=\"300\" src=\"https:\/\/nordrest.fi\/wp-content\/uploads\/2025\/02\/smedens_vit.svg\" class=\"attachment-large size-large wp-image-18019\" alt=\"Smedenin logo\" \/>\t\t\t\t\t\t\t\t\t\t\t\t\t\t\t<\/div>\n\t\t\t\t<\/div>\n\t\t\t\t<\/div>\n\t\t<div class=\"elementor-element elementor-element-39d2057 e-con-full e-ecs-flex e-flex e-con e-child\" data-id=\"39d2057\" data-element_type=\"container\" data-e-type=\"container\" data-settings=\"{&quot;ecs_container_type&quot;:&quot;flex&quot;}\">\n\t\t\t\t<div class=\"elementor-element elementor-element-8927917 elementor-widget elementor-widget-heading\" data-id=\"8927917\" data-element_type=\"widget\" data-e-type=\"widget\" data-widget_type=\"heading.default\">\n\t\t\t\t\t<h2 class=\"elementor-heading-title elementor-size-default\">Foodhall<\/h2>\t\t\t\t<\/div>\n\t\t\t\t<div class=\"elementor-element elementor-element-978bb24 elementor-widget__width-initial elementor-widget-tablet__width-inherit elementor-widget elementor-widget-heading\" data-id=\"978bb24\" data-element_type=\"widget\" data-e-type=\"widget\" data-widget_type=\"heading.default\">\n\t\t\t\t\t<h2 class=\"elementor-heading-title elementor-size-default\">\u2013 En smakresa under ett tak<\/h2>\t\t\t\t<\/div>\n\t\t<div class=\"elementor-element elementor-element-fbfee5c e-con-full e-ecs-flex e-flex e-con e-child\" data-id=\"fbfee5c\" data-element_type=\"container\" data-e-type=\"container\" data-settings=\"{&quot;ecs_container_type&quot;:&quot;flex&quot;}\">\n\t\t<div data-dce-background-image-url=\"https:\/\/nordrest.fi\/wp-content\/uploads\/2025\/02\/Nordrest-Smedens-Mathall4.webp\" class=\"elementor-element elementor-element-39ab2aa e-con-full elementor-hidden-tablet elementor-hidden-mobile e-ecs-flex e-flex e-con e-child\" data-id=\"39ab2aa\" data-element_type=\"container\" data-e-type=\"container\" data-settings=\"{&quot;background_background&quot;:&quot;classic&quot;,&quot;ecs_container_type&quot;:&quot;flex&quot;}\">\n\t\t\t\t<\/div>\n\t\t<div class=\"elementor-element elementor-element-a93058d e-con-full e-ecs-flex e-flex e-con e-child\" data-id=\"a93058d\" data-element_type=\"container\" data-e-type=\"container\" data-settings=\"{&quot;ecs_container_type&quot;:&quot;flex&quot;}\">\n\t\t\t\t<div class=\"elementor-element elementor-element-980a4a1 elementor-widget elementor-widget-text-editor\" data-id=\"980a4a1\" data-element_type=\"widget\" data-e-type=\"widget\" data-widget_type=\"text-editor.default\">\n\t\t\t\t\t\t\t\t\t<p>H\u00e4r samsas traditionella och innovativa matkoncept, vilket skapar en levande och inspirerande milj\u00f6 d\u00e4r alla kan hitta n\u00e5got som passar just deras smak. Flexibilitet, kvalitet och valfrihet st\u00e5r i centrum, och varje bes\u00f6k blir en ny smakupplevelse.<\/p>\t\t\t\t\t\t\t\t<\/div>\n\t\t\t\t<div class=\"elementor-element elementor-element-7ffe9a9 elementor-mobile-align-justify elementor-tablet-align-justify elementor-widget elementor-widget-button\" data-id=\"7ffe9a9\" data-element_type=\"widget\" data-e-type=\"widget\" data-widget_type=\"button.default\">\n\t\t\t\t\t\t\t\t\t\t<a class=\"elementor-button elementor-button-link elementor-size-sm\" href=\"#\">\n\t\t\t\t\t\t<span class=\"elementor-button-content-wrapper\">\n\t\t\t\t\t\t<span class=\"elementor-button-icon\">\n\t\t\t\t<i aria-hidden=\"true\" class=\"fas fa-arrow-right\"><\/i>\t\t\t<\/span>\n\t\t\t\t\t\t\t\t\t<span class=\"elementor-button-text\">Boka ett f\u00f6rsta m\u00f6te<\/span>\n\t\t\t\t\t<\/span>\n\t\t\t\t\t<\/a>\n\t\t\t\t\t\t\t\t<\/div>\n\t\t\t\t<\/div>\n\t\t\t\t<\/div>\n\t\t\t\t<\/div>\n\t\t\t\t\t<\/div>\n\t\t\t\t<\/div>\n\t\t<div class=\"elementor-element elementor-element-e46b9bb e-ecs-flex e-flex e-con-boxed e-con e-parent\" data-id=\"e46b9bb\" data-element_type=\"container\" data-e-type=\"container\" data-settings=\"{&quot;background_background&quot;:&quot;classic&quot;,&quot;ecs_container_type&quot;:&quot;flex&quot;}\">\n\t\t\t\t\t<div class=\"e-con-inner\">\n\t\t\t\t<div class=\"elementor-element elementor-element-a4d961a elementor-widget elementor-widget-heading\" data-id=\"a4d961a\" data-element_type=\"widget\" data-e-type=\"widget\" data-widget_type=\"heading.default\">\n\t\t\t\t\t<h2 class=\"elementor-heading-title elementor-size-default\">Varf\u00f6r Foodhall?<\/h2>\t\t\t\t<\/div>\n\t\t<div class=\"elementor-element elementor-element-d9c6e13 e-con-full e-ecs-flex e-flex e-con e-child\" data-id=\"d9c6e13\" data-element_type=\"container\" data-e-type=\"container\" data-settings=\"{&quot;ecs_container_type&quot;:&quot;flex&quot;}\">\n\t\t<div class=\"elementor-element elementor-element-d8eca94 e-con-full e-ecs-flex e-flex e-con e-child\" data-id=\"d8eca94\" data-element_type=\"container\" data-e-type=\"container\" data-settings=\"{&quot;background_background&quot;:&quot;classic&quot;,&quot;ecs_container_type&quot;:&quot;flex&quot;}\">\n\t\t\t\t<div class=\"elementor-element elementor-element-a136474 elementor-widget elementor-widget-heading\" data-id=\"a136474\" data-element_type=\"widget\" data-e-type=\"widget\" data-widget_type=\"heading.default\">\n\t\t\t\t\t<h3 class=\"elementor-heading-title elementor-size-default\">Smaker f\u00f6r alla<\/h3>\t\t\t\t<\/div>\n\t\t\t\t<div class=\"elementor-element elementor-element-c984b16 elementor-widget elementor-widget-text-editor\" data-id=\"c984b16\" data-element_type=\"widget\" data-e-type=\"widget\" data-widget_type=\"text-editor.default\">\n\t\t\t\t\t\t\t\t\t<p>M\u00e5ngsidiga r\u00e4tter fr\u00e5n olika k\u00f6k och matkulturer.<\/p>\t\t\t\t\t\t\t\t<\/div>\n\t\t\t\t<\/div>\n\t\t<div class=\"elementor-element elementor-element-31d6eab e-con-full e-ecs-flex e-flex e-con e-child\" data-id=\"31d6eab\" data-element_type=\"container\" data-e-type=\"container\" data-settings=\"{&quot;background_background&quot;:&quot;classic&quot;,&quot;ecs_container_type&quot;:&quot;flex&quot;}\">\n\t\t\t\t<div class=\"elementor-element elementor-element-e1284c3 elementor-widget elementor-widget-heading\" data-id=\"e1284c3\" data-element_type=\"widget\" data-e-type=\"widget\" data-widget_type=\"heading.default\">\n\t\t\t\t\t<h3 class=\"elementor-heading-title elementor-size-default\">H\u00f6g kvalite<\/h3>\t\t\t\t<\/div>\n\t\t\t\t<div class=\"elementor-element elementor-element-0c32f5b elementor-widget elementor-widget-text-editor\" data-id=\"0c32f5b\" data-element_type=\"widget\" data-e-type=\"widget\" data-widget_type=\"text-editor.default\">\n\t\t\t\t\t\t\t\t\t<p>Noggrant utvalda r\u00e5varor och v\u00e4llagad mat.<\/p>\t\t\t\t\t\t\t\t<\/div>\n\t\t\t\t<\/div>\n\t\t<div class=\"elementor-element elementor-element-d93b472 e-con-full e-ecs-flex e-flex e-con e-child\" data-id=\"d93b472\" data-element_type=\"container\" data-e-type=\"container\" data-settings=\"{&quot;background_background&quot;:&quot;classic&quot;,&quot;ecs_container_type&quot;:&quot;flex&quot;}\">\n\t\t\t\t<div class=\"elementor-element elementor-element-9ac89a4 elementor-widget elementor-widget-heading\" data-id=\"9ac89a4\" data-element_type=\"widget\" data-e-type=\"widget\" data-widget_type=\"heading.default\">\n\t\t\t\t\t<h3 class=\"elementor-heading-title elementor-size-default\">Levande matupplevelse<\/h3>\t\t\t\t<\/div>\n\t\t\t\t<div class=\"elementor-element elementor-element-0c202c9 elementor-widget elementor-widget-text-editor\" data-id=\"0c202c9\" data-element_type=\"widget\" data-e-type=\"widget\" data-widget_type=\"text-editor.default\">\n\t\t\t\t\t\t\t\t\t<p>En inspirerande foodhall d\u00e4r mat och gemenskap st\u00e5r i centrum<\/p>\t\t\t\t\t\t\t\t<\/div>\n\t\t\t\t<\/div>\n\t\t<div class=\"elementor-element elementor-element-4929e7b e-con-full e-ecs-flex e-flex e-con e-child\" data-id=\"4929e7b\" data-element_type=\"container\" data-e-type=\"container\" data-settings=\"{&quot;background_background&quot;:&quot;classic&quot;,&quot;ecs_container_type&quot;:&quot;flex&quot;}\">\n\t\t\t\t<div class=\"elementor-element elementor-element-287b72d elementor-widget elementor-widget-heading\" data-id=\"287b72d\" data-element_type=\"widget\" data-e-type=\"widget\" data-widget_type=\"heading.default\">\n\t\t\t\t\t<h3 class=\"elementor-heading-title elementor-size-default\">Redo att ta n\u00e4sta steg?<\/h3>\t\t\t\t<\/div>\n\t\t\t\t<div class=\"elementor-element elementor-element-d15e7b6 elementor-widget elementor-widget-text-editor\" data-id=\"d15e7b6\" data-element_type=\"widget\" data-e-type=\"widget\" data-widget_type=\"text-editor.default\">\n\t\t\t\t\t\t\t\t\t<p>Vi hj\u00e4lper dig hela v\u00e4gen fr\u00e5n id\u00e9 till drift.<\/p>\t\t\t\t\t\t\t\t<\/div>\n\t\t\t\t<div class=\"elementor-element elementor-element-a63938b elementor-align-center elementor-widget elementor-widget-button\" data-id=\"a63938b\" data-element_type=\"widget\" data-e-type=\"widget\" data-widget_type=\"button.default\">\n\t\t\t\t\t\t\t\t\t\t<a class=\"elementor-button elementor-button-link elementor-size-sm\" href=\"https:\/\/nordrest.fi\/sv\/om-oss\/kontakt\/\">\n\t\t\t\t\t\t<span class=\"elementor-button-content-wrapper\">\n\t\t\t\t\t\t<span class=\"elementor-button-icon\">\n\t\t\t\t<i aria-hidden=\"true\" class=\"fas fa-arrow-right\"><\/i>\t\t\t<\/span>\n\t\t\t\t\t\t\t\t\t<span class=\"elementor-button-text\">Kontakta oss<\/span>\n\t\t\t\t\t<\/span>\n\t\t\t\t\t<\/a>\n\t\t\t\t\t\t\t\t<\/div>\n\t\t\t\t<\/div>\n\t\t\t\t<\/div>\n\t\t\t\t\t<\/div>\n\t\t\t\t<\/div>\n\t\t<div class=\"elementor-element elementor-element-82fc6c5 e-ecs-flex e-flex e-con-boxed e-con e-parent\" data-id=\"82fc6c5\" data-element_type=\"container\" data-e-type=\"container\" data-settings=\"{&quot;background_background&quot;:&quot;classic&quot;,&quot;ecs_container_type&quot;:&quot;flex&quot;}\">\n\t\t\t\t\t<div class=\"e-con-inner\">\n\t\t<div class=\"elementor-element elementor-element-fdffc81 e-con-full e-ecs-flex e-flex e-con e-child\" data-id=\"fdffc81\" data-element_type=\"container\" data-e-type=\"container\" data-settings=\"{&quot;ecs_container_type&quot;:&quot;flex&quot;}\">\n\t\t\t\t<div class=\"elementor-element elementor-element-acb227a elementor-widget elementor-widget-heading\" data-id=\"acb227a\" data-element_type=\"widget\" data-e-type=\"widget\" data-widget_type=\"heading.default\">\n\t\t\t\t\t<h3 class=\"elementor-heading-title elementor-size-default\">\"Foodhall \u00e4r en dynamisk matdestination d\u00e4r traditionella smaker m\u00f6ter nyt\u00e4nkande koncept \u2013 en plats d\u00e4r varje g\u00e4st hittar sin perfekta smakupplevelse.\"<\/h3>\t\t\t\t<\/div>\n\t\t\t\t<div class=\"elementor-element elementor-element-8f7689b elementor-widget elementor-widget-heading\" data-id=\"8f7689b\" data-element_type=\"widget\" data-e-type=\"widget\" data-widget_type=\"heading.default\">\n\t\t\t\t\t<h4 class=\"elementor-heading-title elementor-size-default\">Michael B\u00fchring, VD<\/h4>\t\t\t\t<\/div>\n\t\t\t\t<\/div>\n\t\t<div class=\"elementor-element elementor-element-6c49aa9 e-con-full e-ecs-flex e-flex e-con e-child\" data-id=\"6c49aa9\" data-element_type=\"container\" data-e-type=\"container\" data-settings=\"{&quot;ecs_container_type&quot;:&quot;flex&quot;}\">\n\t\t\t\t<div class=\"elementor-element elementor-element-051855c elementor-widget elementor-widget-image\" data-id=\"051855c\" data-element_type=\"widget\" data-e-type=\"widget\" data-widget_type=\"image.default\">\n\t\t\t\t\t\t\t\t\t\t\t\t\t\t\t<img decoding=\"async\" width=\"1500\" height=\"2000\" src=\"https:\/\/nordrest.fi\/wp-content\/uploads\/2023\/08\/Nordrest-Michael-1.webp\" class=\"attachment-full size-full wp-image-6426\" alt=\"Nordrest - Michael B\u00fchring\" srcset=\"https:\/\/nordrest.fi\/wp-content\/uploads\/2023\/08\/Nordrest-Michael-1.webp 1500w, https:\/\/nordrest.fi\/wp-content\/uploads\/2023\/08\/Nordrest-Michael-1-750x1000.webp 750w, https:\/\/nordrest.fi\/wp-content\/uploads\/2023\/08\/Nordrest-Michael-1-1000x1333.webp 1000w, https:\/\/nordrest.fi\/wp-content\/uploads\/2023\/08\/Nordrest-Michael-1-768x1024.webp 768w, https:\/\/nordrest.fi\/wp-content\/uploads\/2023\/08\/Nordrest-Michael-1-1152x1536.webp 1152w, https:\/\/nordrest.fi\/wp-content\/uploads\/2023\/08\/elementor\/thumbs\/Nordrest-Michael-1-qbmg1vardkc9b9uuq2k37641t1060mpzlflpsrklkw.webp 600w\" sizes=\"(max-width: 1500px) 100vw, 1500px\" \/>\t\t\t\t\t\t\t\t\t\t\t\t\t\t\t<\/div>\n\t\t\t\t<\/div>\n\t\t\t\t\t<\/div>\n\t\t\t\t<\/div>\n\t\t<div class=\"elementor-element elementor-element-2341394 e-ecs-flex e-flex e-con-boxed e-con e-parent\" data-id=\"2341394\" data-element_type=\"container\" data-e-type=\"container\" data-settings=\"{&quot;background_background&quot;:&quot;classic&quot;,&quot;ecs_container_type&quot;:&quot;flex&quot;}\">\n\t\t\t\t\t<div class=\"e-con-inner\">\n\t\t<div data-dce-background-image-url=\"https:\/\/nordrest.fi\/wp-content\/uploads\/2025\/02\/Nordrest-Smedens-Mathall1.webp\" class=\"elementor-element elementor-element-5fdba9f e-con-full e-ecs-flex e-flex e-con e-child\" data-id=\"5fdba9f\" data-element_type=\"container\" data-e-type=\"container\" data-settings=\"{&quot;background_background&quot;:&quot;classic&quot;,&quot;ecs_container_type&quot;:&quot;flex&quot;}\">\n\t\t\t\t<\/div>\n\t\t<div class=\"elementor-element elementor-element-e9c5cf2 e-con-full e-ecs-flex e-flex e-con e-child\" data-id=\"e9c5cf2\" data-element_type=\"container\" data-e-type=\"container\" data-settings=\"{&quot;ecs_container_type&quot;:&quot;flex&quot;}\">\n\t\t\t\t<div class=\"elementor-element elementor-element-ee33f0b elementor-widget elementor-widget-heading\" data-id=\"ee33f0b\" data-element_type=\"widget\" data-e-type=\"widget\" data-widget_type=\"heading.default\">\n\t\t\t\t\t<h2 class=\"elementor-heading-title elementor-size-default\">Foodhall i praktiken: <strong>Smedens Mathall<\/strong><\/h2>\t\t\t\t<\/div>\n\t\t\t\t<div class=\"elementor-element elementor-element-27b7f84 elementor-widget elementor-widget-heading\" data-id=\"27b7f84\" data-element_type=\"widget\" data-e-type=\"widget\" data-widget_type=\"heading.default\">\n\t\t\t\t\t<h2 class=\"elementor-heading-title elementor-size-default\">En Foodhall f\u00f6r alla smaker\n<\/h2>\t\t\t\t<\/div>\n\t\t\t\t<div class=\"elementor-element elementor-element-974b54b elementor-widget elementor-widget-text-editor\" data-id=\"974b54b\" data-element_type=\"widget\" data-e-type=\"widget\" data-widget_type=\"text-editor.default\">\n\t\t\t\t\t\t\t\t\t<p><strong>Smedens Mathall \u00e4r en levande matdestination d\u00e4r variation, kvalitet och upplevelse st\u00e5r i centrum.<\/strong> H\u00e4r m\u00f6ts g\u00e4ster av ett dynamiskt utbud av matstationer, d\u00e4r varje k\u00f6k bjuder p\u00e5 sin egen unika smakprofil. Oavsett om du \u00e4r sugen p\u00e5 en v\u00e4llagad lunch, streetfood-inspirerade r\u00e4tter eller h\u00e4lsosamma alternativ, finns n\u00e5got f\u00f6r alla.<\/p><p><strong>Atmosf\u00e4ren \u00e4r modern och inbjudande<\/strong> \u2013 en plats d\u00e4r m\u00e4nniskor kan samlas, uppt\u00e4cka nya smaker och njuta av god mat i en inspirerande milj\u00f6. Med fokus p\u00e5 n\u00e4rproducerade r\u00e5varor och nyskapande matkoncept levererar Smedens Mathall en matupplevelse som k\u00e4nns b\u00e5de personlig och varierad.<br \/>V\u00e4lkommen till Smedens Mathall \u2013 en foodhall med valfrihet och kvalitet i fokus.<\/p>\t\t\t\t\t\t\t\t<\/div>\n\t\t\t\t<div class=\"elementor-element elementor-element-7ebb83b elementor-widget elementor-widget-text-editor\" data-id=\"7ebb83b\" data-element_type=\"widget\" data-e-type=\"widget\" data-widget_type=\"text-editor.default\">\n\t\t\t\t\t\t\t\t\t<p>L\u00e4s mer om Smedens Mathall<\/p>\t\t\t\t\t\t\t\t<\/div>\n\t\t\t\t<div class=\"elementor-element elementor-element-c92b4f0 elementor-widget elementor-widget-button\" data-id=\"c92b4f0\" data-element_type=\"widget\" data-e-type=\"widget\" data-widget_type=\"button.default\">\n\t\t\t\t\t\t\t\t\t\t<a class=\"elementor-button elementor-button-link elementor-size-sm\" href=\"https:\/\/smedensmathall.se\/\" target=\"_blank\" rel=\"noopener\">\n\t\t\t\t\t\t<span class=\"elementor-button-content-wrapper\">\n\t\t\t\t\t\t<span class=\"elementor-button-icon\">\n\t\t\t\t<i aria-hidden=\"true\" class=\"fas fa-arrow-right\"><\/i>\t\t\t<\/span>\n\t\t\t\t\t\t\t\t\t<span class=\"elementor-button-text\">smedensmathall.se<\/span>\n\t\t\t\t\t<\/span>\n\t\t\t\t\t<\/a>\n\t\t\t\t\t\t\t\t<\/div>\n\t\t\t\t<\/div>\n\t\t\t\t\t<\/div>\n\t\t\t\t<\/div>\n\t\t\t\t<\/div>\n\t\t","protected":false},"excerpt":{"rendered":"<p>Foodhall Foodhall \u00e4r konceptet som samlar flera matkoncept under ett och samma tak, vilket ger g\u00e4sterna m\u00f6jlighet att v\u00e4lja mellan olika r\u00e4tter och smakinriktningar. Boka ett m\u00f6te Foodhall \u2013 En smakresa under ett tak H\u00e4r samsas traditionella och innovativa matkoncept, vilket skapar en levande och inspirerande milj\u00f6 d\u00e4r alla kan hitta n\u00e5got som passar just [&hellip;]<\/p>\n","protected":false},"author":5,"featured_media":0,"parent":4047,"menu_order":20,"comment_status":"closed","ping_status":"closed","template":"","meta":{"_acf_changed":false,"footnotes":""},"class_list":["post-16840","page","type-page","status-publish","hentry"],"acf":[],"_links":{"self":[{"href":"https:\/\/nordrest.fi\/sv\/wp-json\/wp\/v2\/pages\/16840","targetHints":{"allow":["GET"]}}],"collection":[{"href":"https:\/\/nordrest.fi\/sv\/wp-json\/wp\/v2\/pages"}],"about":[{"href":"https:\/\/nordrest.fi\/sv\/wp-json\/wp\/v2\/types\/page"}],"author":[{"embeddable":true,"href":"https:\/\/nordrest.fi\/sv\/wp-json\/wp\/v2\/users\/5"}],"replies":[{"embeddable":true,"href":"https:\/\/nordrest.fi\/sv\/wp-json\/wp\/v2\/comments?post=16840"}],"version-history":[{"count":0,"href":"https:\/\/nordrest.fi\/sv\/wp-json\/wp\/v2\/pages\/16840\/revisions"}],"up":[{"embeddable":true,"href":"https:\/\/nordrest.fi\/sv\/wp-json\/wp\/v2\/pages\/4047"}],"wp:attachment":[{"href":"https:\/\/nordrest.fi\/sv\/wp-json\/wp\/v2\/media?parent=16840"}],"curies":[{"name":"wp","href":"https:\/\/api.w.org\/{rel}","templated":true}]}}