{"id":16837,"date":"2025-02-20T12:41:48","date_gmt":"2025-02-20T11:41:48","guid":{"rendered":"http:\/\/nordrestfin.juliet2.utvecklingswebb.se\/?page_id=16837"},"modified":"2025-02-27T10:54:32","modified_gmt":"2025-02-27T09:54:32","slug":"bistro-lunch","status":"publish","type":"page","link":"https:\/\/nordrest.fi\/sv\/tjanster\/bistro-lunch\/","title":{"rendered":"Bistro lunch"},"content":{"rendered":"\t\t<div data-elementor-type=\"wp-page\" data-elementor-id=\"16837\" class=\"elementor elementor-16837\" data-elementor-post-type=\"page\">\n\t\t\t\t<div data-dce-background-overlay-color=\"#080808\" data-dce-background-image-url=\"https:\/\/nordrest.fi\/wp-content\/uploads\/2025\/02\/IMG-3625.webp\" class=\"elementor-element elementor-element-6e51855 e-ecs-flex e-flex e-con-boxed e-con e-parent\" data-id=\"6e51855\" data-element_type=\"container\" data-e-type=\"container\" data-settings=\"{&quot;background_background&quot;:&quot;classic&quot;,&quot;ecs_container_type&quot;:&quot;flex&quot;}\">\n\t\t\t\t\t<div class=\"e-con-inner\">\n\t\t\t\t<div class=\"elementor-element elementor-element-96c4b64 elementor-widget elementor-widget-heading\" data-id=\"96c4b64\" data-element_type=\"widget\" data-e-type=\"widget\" data-widget_type=\"heading.default\">\n\t\t\t\t\t<h1 class=\"elementor-heading-title elementor-size-default\">Bistro<\/h1>\t\t\t\t<\/div>\n\t\t\t\t<div data-dce-text-color=\"#FFFFFF\" class=\"elementor-element elementor-element-f2ed877 elementor-widget__width-initial elementor-widget-tablet__width-inherit elementor-widget-mobile__width-inherit elementor-widget elementor-widget-text-editor\" data-id=\"f2ed877\" data-element_type=\"widget\" data-e-type=\"widget\" data-widget_type=\"text-editor.default\">\n\t\t\t\t\t\t\t\t\t<p>Bistro-konceptet erbjuder en avslappnad men h\u00f6gkvalitativ matupplevelse d\u00e4r v\u00e4llagad mat och noggrant utvalda r\u00e5varor st\u00e5r i fokus. H\u00e4r kombineras klassiska smaker med moderna influenser i en stilren och inbjudande milj\u00f6.<\/p>\t\t\t\t\t\t\t\t<\/div>\n\t\t\t\t<div class=\"elementor-element elementor-element-8c6589d elementor-mobile-align-justify elementor-tablet-align-justify elementor-widget elementor-widget-button\" data-id=\"8c6589d\" data-element_type=\"widget\" data-e-type=\"widget\" data-widget_type=\"button.default\">\n\t\t\t\t\t\t\t\t\t\t<a class=\"elementor-button elementor-button-link elementor-size-sm\" href=\"https:\/\/nordrest.fi\/sv\/om-oss\/kontakt\/\">\n\t\t\t\t\t\t<span class=\"elementor-button-content-wrapper\">\n\t\t\t\t\t\t<span class=\"elementor-button-icon\">\n\t\t\t\t<i aria-hidden=\"true\" class=\"fas fa-arrow-right\"><\/i>\t\t\t<\/span>\n\t\t\t\t\t\t\t\t\t<span class=\"elementor-button-text\">Boka ett m\u00f6te<\/span>\n\t\t\t\t\t<\/span>\n\t\t\t\t\t<\/a>\n\t\t\t\t\t\t\t\t<\/div>\n\t\t\t\t\t<\/div>\n\t\t\t\t<\/div>\n\t\t<div class=\"elementor-element elementor-element-7a8f702 e-ecs-flex e-flex e-con-boxed e-con e-parent\" data-id=\"7a8f702\" data-element_type=\"container\" data-e-type=\"container\" id=\"bistro\" data-settings=\"{&quot;background_background&quot;:&quot;classic&quot;,&quot;ecs_container_type&quot;:&quot;flex&quot;}\">\n\t\t\t\t\t<div class=\"e-con-inner\">\n\t\t<div class=\"elementor-element elementor-element-dab9b00 e-con-full e-ecs-flex e-flex e-con e-child\" data-id=\"dab9b00\" data-element_type=\"container\" data-e-type=\"container\" data-settings=\"{&quot;ecs_container_type&quot;:&quot;flex&quot;}\">\n\t\t<div data-dce-background-image-url=\"https:\/\/nordrest.fi\/wp-content\/uploads\/2025\/02\/IMG-3702.webp\" class=\"elementor-element elementor-element-327ac52 e-con-full e-ecs-flex e-flex e-con e-child\" data-id=\"327ac52\" data-element_type=\"container\" data-e-type=\"container\" data-settings=\"{&quot;background_background&quot;:&quot;classic&quot;,&quot;ecs_container_type&quot;:&quot;flex&quot;}\">\n\t\t\t\t<\/div>\n\t\t<div class=\"elementor-element elementor-element-41fbad5 e-con-full e-ecs-flex e-flex e-con e-child\" data-id=\"41fbad5\" data-element_type=\"container\" data-e-type=\"container\" data-settings=\"{&quot;background_background&quot;:&quot;classic&quot;,&quot;ecs_container_type&quot;:&quot;flex&quot;}\">\n\t\t\t\t<div class=\"elementor-element elementor-element-2ece74b elementor-widget elementor-widget-image\" data-id=\"2ece74b\" data-element_type=\"widget\" data-e-type=\"widget\" data-widget_type=\"image.default\">\n\t\t\t\t\t\t\t\t\t\t\t\t\t\t\t<img fetchpriority=\"high\" decoding=\"async\" width=\"800\" height=\"679\" src=\"https:\/\/nordrest.fi\/wp-content\/uploads\/2025\/02\/SVG-Pocket-By-Nordrest-Logotyp-RGB-Vit.svg\" class=\"attachment-large size-large wp-image-17983\" alt=\"\" \/>\t\t\t\t\t\t\t\t\t\t\t\t\t\t\t<\/div>\n\t\t\t\t<\/div>\n\t\t\t\t<\/div>\n\t\t<div class=\"elementor-element elementor-element-a853378 e-con-full e-ecs-flex e-flex e-con e-child\" data-id=\"a853378\" data-element_type=\"container\" data-e-type=\"container\" data-settings=\"{&quot;ecs_container_type&quot;:&quot;flex&quot;}\">\n\t\t\t\t<div class=\"elementor-element elementor-element-bb120e7 elementor-widget elementor-widget-heading\" data-id=\"bb120e7\" data-element_type=\"widget\" data-e-type=\"widget\" data-widget_type=\"heading.default\">\n\t\t\t\t\t<h2 class=\"elementor-heading-title elementor-size-default\">Bistro<\/h2>\t\t\t\t<\/div>\n\t\t\t\t<div class=\"elementor-element elementor-element-568af88 elementor-widget__width-initial elementor-widget-tablet__width-inherit elementor-widget elementor-widget-heading\" data-id=\"568af88\" data-element_type=\"widget\" data-e-type=\"widget\" data-widget_type=\"heading.default\">\n\t\t\t\t\t<h2 class=\"elementor-heading-title elementor-size-default\">\u2013 Smaker att stanna f\u00f6r.<\/h2>\t\t\t\t<\/div>\n\t\t<div class=\"elementor-element elementor-element-311053b e-con-full e-ecs-flex e-flex e-con e-child\" data-id=\"311053b\" data-element_type=\"container\" data-e-type=\"container\" data-settings=\"{&quot;ecs_container_type&quot;:&quot;flex&quot;}\">\n\t\t<div data-dce-background-image-url=\"https:\/\/nordrest.fi\/wp-content\/uploads\/2023\/03\/in-the-par-1-1000px.webp\" class=\"elementor-element elementor-element-e436f50 e-con-full elementor-hidden-tablet elementor-hidden-mobile e-ecs-flex e-flex e-con e-child\" data-id=\"e436f50\" data-element_type=\"container\" data-e-type=\"container\" data-settings=\"{&quot;background_background&quot;:&quot;classic&quot;,&quot;ecs_container_type&quot;:&quot;flex&quot;}\">\n\t\t\t\t<\/div>\n\t\t<div class=\"elementor-element elementor-element-394d69d e-con-full e-ecs-flex e-flex e-con e-child\" data-id=\"394d69d\" data-element_type=\"container\" data-e-type=\"container\" data-settings=\"{&quot;ecs_container_type&quot;:&quot;flex&quot;}\">\n\t\t\t\t<div class=\"elementor-element elementor-element-ee4a4c6 elementor-widget elementor-widget-text-editor\" data-id=\"ee4a4c6\" data-element_type=\"widget\" data-e-type=\"widget\" data-widget_type=\"text-editor.default\">\n\t\t\t\t\t\t\t\t\t<p>Perfekt f\u00f6r aff\u00e4rsluncher och en avkopplande afterwork. Med en meny som f\u00f6ljer s\u00e4songerna och ett genomt\u00e4nkt servicekoncept skapas en atmosf\u00e4r d\u00e4r g\u00e4sterna vill stanna kvar och komma tillbaka.<\/p>\t\t\t\t\t\t\t\t<\/div>\n\t\t\t\t<div class=\"elementor-element elementor-element-214cdde elementor-mobile-align-justify elementor-tablet-align-justify elementor-widget elementor-widget-button\" data-id=\"214cdde\" data-element_type=\"widget\" data-e-type=\"widget\" data-widget_type=\"button.default\">\n\t\t\t\t\t\t\t\t\t\t<a class=\"elementor-button elementor-button-link elementor-size-sm\" href=\"https:\/\/nordrest.fi\/sv\/om-oss\/kontakt\/\">\n\t\t\t\t\t\t<span class=\"elementor-button-content-wrapper\">\n\t\t\t\t\t\t<span class=\"elementor-button-icon\">\n\t\t\t\t<i aria-hidden=\"true\" class=\"fas fa-arrow-right\"><\/i>\t\t\t<\/span>\n\t\t\t\t\t\t\t\t\t<span class=\"elementor-button-text\">Boka ett f\u00f6rsta m\u00f6te<\/span>\n\t\t\t\t\t<\/span>\n\t\t\t\t\t<\/a>\n\t\t\t\t\t\t\t\t<\/div>\n\t\t\t\t<\/div>\n\t\t\t\t<\/div>\n\t\t\t\t<\/div>\n\t\t\t\t\t<\/div>\n\t\t\t\t<\/div>\n\t\t<div class=\"elementor-element elementor-element-967b3de e-ecs-flex e-flex e-con-boxed e-con e-parent\" data-id=\"967b3de\" data-element_type=\"container\" data-e-type=\"container\" data-settings=\"{&quot;background_background&quot;:&quot;classic&quot;,&quot;ecs_container_type&quot;:&quot;flex&quot;}\">\n\t\t\t\t\t<div class=\"e-con-inner\">\n\t\t\t\t<div class=\"elementor-element elementor-element-32bd063 elementor-widget elementor-widget-heading\" data-id=\"32bd063\" data-element_type=\"widget\" data-e-type=\"widget\" data-widget_type=\"heading.default\">\n\t\t\t\t\t<h2 class=\"elementor-heading-title elementor-size-default\">Varf\u00f6r Bistro?<\/h2>\t\t\t\t<\/div>\n\t\t<div class=\"elementor-element elementor-element-d10a46e e-con-full e-ecs-flex e-flex e-con e-child\" data-id=\"d10a46e\" data-element_type=\"container\" data-e-type=\"container\" data-settings=\"{&quot;ecs_container_type&quot;:&quot;flex&quot;}\">\n\t\t<div class=\"elementor-element elementor-element-27e4f58 e-con-full e-ecs-flex e-flex e-con e-child\" data-id=\"27e4f58\" data-element_type=\"container\" data-e-type=\"container\" data-settings=\"{&quot;background_background&quot;:&quot;classic&quot;,&quot;ecs_container_type&quot;:&quot;flex&quot;}\">\n\t\t\t\t<div class=\"elementor-element elementor-element-e3b3fa2 elementor-widget elementor-widget-heading\" data-id=\"e3b3fa2\" data-element_type=\"widget\" data-e-type=\"widget\" data-widget_type=\"heading.default\">\n\t\t\t\t\t<h3 class=\"elementor-heading-title elementor-size-default\">Smakfull bistroupplevelse<\/h3>\t\t\t\t<\/div>\n\t\t\t\t<div class=\"elementor-element elementor-element-d048482 elementor-widget elementor-widget-text-editor\" data-id=\"d048482\" data-element_type=\"widget\" data-e-type=\"widget\" data-widget_type=\"text-editor.default\">\n\t\t\t\t\t\t\t\t\t<p>V\u00e4llagad mat med noggrant utvalda r\u00e5varor.<\/p>\t\t\t\t\t\t\t\t<\/div>\n\t\t\t\t<\/div>\n\t\t<div class=\"elementor-element elementor-element-eb9207b e-con-full e-ecs-flex e-flex e-con e-child\" data-id=\"eb9207b\" data-element_type=\"container\" data-e-type=\"container\" data-settings=\"{&quot;background_background&quot;:&quot;classic&quot;,&quot;ecs_container_type&quot;:&quot;flex&quot;}\">\n\t\t\t\t<div class=\"elementor-element elementor-element-7225089 elementor-widget elementor-widget-heading\" data-id=\"7225089\" data-element_type=\"widget\" data-e-type=\"widget\" data-widget_type=\"heading.default\">\n\t\t\t\t\t<h3 class=\"elementor-heading-title elementor-size-default\">S\u00e4songsbaserad meny<\/h3>\t\t\t\t<\/div>\n\t\t\t\t<div class=\"elementor-element elementor-element-3186ed5 elementor-widget elementor-widget-text-editor\" data-id=\"3186ed5\" data-element_type=\"widget\" data-e-type=\"widget\" data-widget_type=\"text-editor.default\">\n\t\t\t\t\t\t\t\t\t<p>R\u00e4tter som f\u00f6ljer \u00e5rstidernas smaker.<\/p>\t\t\t\t\t\t\t\t<\/div>\n\t\t\t\t<\/div>\n\t\t<div class=\"elementor-element elementor-element-bd3fc28 e-con-full e-ecs-flex e-flex e-con e-child\" data-id=\"bd3fc28\" data-element_type=\"container\" data-e-type=\"container\" data-settings=\"{&quot;background_background&quot;:&quot;classic&quot;,&quot;ecs_container_type&quot;:&quot;flex&quot;}\">\n\t\t\t\t<div class=\"elementor-element elementor-element-cf1e1da elementor-widget elementor-widget-heading\" data-id=\"cf1e1da\" data-element_type=\"widget\" data-e-type=\"widget\" data-widget_type=\"heading.default\">\n\t\t\t\t\t<h3 class=\"elementor-heading-title elementor-size-default\">Avslappnad och inbjudande atmosf\u00e4r<\/h3>\t\t\t\t<\/div>\n\t\t\t\t<div class=\"elementor-element elementor-element-65c1bc2 elementor-widget elementor-widget-text-editor\" data-id=\"65c1bc2\" data-element_type=\"widget\" data-e-type=\"widget\" data-widget_type=\"text-editor.default\">\n\t\t\t\t\t\t\t\t\t<p>Perfekt f\u00f6r lunch, afterwork och middagar.<\/p>\t\t\t\t\t\t\t\t<\/div>\n\t\t\t\t<\/div>\n\t\t<div class=\"elementor-element elementor-element-16b8577 e-con-full e-ecs-flex e-flex e-con e-child\" data-id=\"16b8577\" data-element_type=\"container\" data-e-type=\"container\" data-settings=\"{&quot;background_background&quot;:&quot;classic&quot;,&quot;ecs_container_type&quot;:&quot;flex&quot;}\">\n\t\t\t\t<div class=\"elementor-element elementor-element-6b869a3 elementor-widget elementor-widget-heading\" data-id=\"6b869a3\" data-element_type=\"widget\" data-e-type=\"widget\" data-widget_type=\"heading.default\">\n\t\t\t\t\t<h3 class=\"elementor-heading-title elementor-size-default\">Redo att ta \u2028n\u00e4sta steg?<\/h3>\t\t\t\t<\/div>\n\t\t\t\t<div class=\"elementor-element elementor-element-02d1b8f elementor-widget elementor-widget-text-editor\" data-id=\"02d1b8f\" data-element_type=\"widget\" data-e-type=\"widget\" data-widget_type=\"text-editor.default\">\n\t\t\t\t\t\t\t\t\t<p>Vi hj\u00e4lper dig hela v\u00e4gen fr\u00e5n id\u00e9 till drift.<\/p>\t\t\t\t\t\t\t\t<\/div>\n\t\t\t\t<div class=\"elementor-element elementor-element-81aebbd elementor-align-center elementor-widget elementor-widget-button\" data-id=\"81aebbd\" data-element_type=\"widget\" data-e-type=\"widget\" data-widget_type=\"button.default\">\n\t\t\t\t\t\t\t\t\t\t<a class=\"elementor-button elementor-button-link elementor-size-sm\" href=\"https:\/\/nordrest.fi\/sv\/om-oss\/kontakt\/\">\n\t\t\t\t\t\t<span class=\"elementor-button-content-wrapper\">\n\t\t\t\t\t\t<span class=\"elementor-button-icon\">\n\t\t\t\t<i aria-hidden=\"true\" class=\"fas fa-arrow-right\"><\/i>\t\t\t<\/span>\n\t\t\t\t\t\t\t\t\t<span class=\"elementor-button-text\">Kontakta oss<\/span>\n\t\t\t\t\t<\/span>\n\t\t\t\t\t<\/a>\n\t\t\t\t\t\t\t\t<\/div>\n\t\t\t\t<\/div>\n\t\t\t\t<\/div>\n\t\t\t\t\t<\/div>\n\t\t\t\t<\/div>\n\t\t<div class=\"elementor-element elementor-element-c90233d e-ecs-flex e-flex e-con-boxed e-con e-parent\" data-id=\"c90233d\" data-element_type=\"container\" data-e-type=\"container\" data-settings=\"{&quot;background_background&quot;:&quot;classic&quot;,&quot;ecs_container_type&quot;:&quot;flex&quot;}\">\n\t\t\t\t\t<div class=\"e-con-inner\">\n\t\t<div class=\"elementor-element elementor-element-b15bf88 e-con-full e-ecs-flex e-flex e-con e-child\" data-id=\"b15bf88\" data-element_type=\"container\" data-e-type=\"container\" data-settings=\"{&quot;ecs_container_type&quot;:&quot;flex&quot;}\">\n\t\t\t\t<div class=\"elementor-element elementor-element-9cc513c elementor-widget elementor-widget-heading\" data-id=\"9cc513c\" data-element_type=\"widget\" data-e-type=\"widget\" data-widget_type=\"heading.default\">\n\t\t\t\t\t<h3 class=\"elementor-heading-title elementor-size-default\">\"Med Bistro-konceptet vill vi skapa en matupplevelse d\u00e4r kvalitet och smak st\u00e5r i centrum \u2013 en plats d\u00e4r g\u00e4sterna trivs, stannar kvar och g\u00e4rna kommer tillbaka.\"<\/h3>\t\t\t\t<\/div>\n\t\t\t\t<div class=\"elementor-element elementor-element-e427e19 elementor-widget elementor-widget-heading\" data-id=\"e427e19\" data-element_type=\"widget\" data-e-type=\"widget\" data-widget_type=\"heading.default\">\n\t\t\t\t\t<h4 class=\"elementor-heading-title elementor-size-default\">Michael B\u00fchring, VD Nordrest<\/h4>\t\t\t\t<\/div>\n\t\t\t\t<\/div>\n\t\t<div class=\"elementor-element elementor-element-7a504e0 e-con-full e-ecs-flex e-flex e-con e-child\" data-id=\"7a504e0\" data-element_type=\"container\" data-e-type=\"container\" data-settings=\"{&quot;ecs_container_type&quot;:&quot;flex&quot;}\">\n\t\t\t\t<div class=\"elementor-element elementor-element-5849998 elementor-widget elementor-widget-image\" data-id=\"5849998\" data-element_type=\"widget\" data-e-type=\"widget\" data-widget_type=\"image.default\">\n\t\t\t\t\t\t\t\t\t\t\t\t\t\t\t<img decoding=\"async\" width=\"1500\" height=\"2000\" src=\"https:\/\/nordrest.fi\/wp-content\/uploads\/2023\/08\/Nordrest-Michael-1.webp\" class=\"attachment-full size-full wp-image-6426\" alt=\"Nordrest - Michael B\u00fchring\" srcset=\"https:\/\/nordrest.fi\/wp-content\/uploads\/2023\/08\/Nordrest-Michael-1.webp 1500w, https:\/\/nordrest.fi\/wp-content\/uploads\/2023\/08\/Nordrest-Michael-1-750x1000.webp 750w, https:\/\/nordrest.fi\/wp-content\/uploads\/2023\/08\/Nordrest-Michael-1-1000x1333.webp 1000w, https:\/\/nordrest.fi\/wp-content\/uploads\/2023\/08\/Nordrest-Michael-1-768x1024.webp 768w, https:\/\/nordrest.fi\/wp-content\/uploads\/2023\/08\/Nordrest-Michael-1-1152x1536.webp 1152w, https:\/\/nordrest.fi\/wp-content\/uploads\/2023\/08\/elementor\/thumbs\/Nordrest-Michael-1-qbmg1vardkc9b9uuq2k37641t1060mpzlflpsrklkw.webp 600w\" sizes=\"(max-width: 1500px) 100vw, 1500px\" \/>\t\t\t\t\t\t\t\t\t\t\t\t\t\t\t<\/div>\n\t\t\t\t<\/div>\n\t\t\t\t\t<\/div>\n\t\t\t\t<\/div>\n\t\t<div class=\"elementor-element elementor-element-e46cb74 e-ecs-flex e-flex e-con-boxed e-con e-parent\" data-id=\"e46cb74\" data-element_type=\"container\" data-e-type=\"container\" data-settings=\"{&quot;background_background&quot;:&quot;classic&quot;,&quot;ecs_container_type&quot;:&quot;flex&quot;}\">\n\t\t\t\t\t<div class=\"e-con-inner\">\n\t\t<div data-dce-background-image-url=\"https:\/\/nordrest.fi\/wp-content\/uploads\/2025\/02\/IMG-3625.webp\" class=\"elementor-element elementor-element-29be71a e-con-full e-ecs-flex e-flex e-con e-child\" data-id=\"29be71a\" data-element_type=\"container\" data-e-type=\"container\" data-settings=\"{&quot;background_background&quot;:&quot;classic&quot;,&quot;ecs_container_type&quot;:&quot;flex&quot;}\">\n\t\t\t\t<\/div>\n\t\t<div class=\"elementor-element elementor-element-ca35d80 e-con-full e-ecs-flex e-flex e-con e-child\" data-id=\"ca35d80\" data-element_type=\"container\" data-e-type=\"container\" data-settings=\"{&quot;ecs_container_type&quot;:&quot;flex&quot;}\">\n\t\t\t\t<div class=\"elementor-element elementor-element-60775f0 elementor-widget elementor-widget-heading\" data-id=\"60775f0\" data-element_type=\"widget\" data-e-type=\"widget\" data-widget_type=\"heading.default\">\n\t\t\t\t\t<h2 class=\"elementor-heading-title elementor-size-default\">Bistro i praktiken: <strong>Pocket<\/strong><\/h2>\t\t\t\t<\/div>\n\t\t\t\t<div class=\"elementor-element elementor-element-c51a0ad elementor-widget elementor-widget-heading\" data-id=\"c51a0ad\" data-element_type=\"widget\" data-e-type=\"widget\" data-widget_type=\"heading.default\">\n\t\t\t\t\t<h2 class=\"elementor-heading-title elementor-size-default\">En bistro med karakt\u00e4r<\/h2>\t\t\t\t<\/div>\n\t\t\t\t<div class=\"elementor-element elementor-element-a9e40e1 elementor-widget elementor-widget-text-editor\" data-id=\"a9e40e1\" data-element_type=\"widget\" data-e-type=\"widget\" data-widget_type=\"text-editor.default\">\n\t\t\t\t\t\t\t\t\t<div class=\"\" data-block=\"true\" data-editor=\"dvdvb\" data-offset-key=\"4g5f3-0-0\"><div class=\"public-DraftStyleDefault-block public-DraftStyleDefault-ltr\" data-offset-key=\"4g5f3-0-0\"><strong>Pocket \u00e4r Nordrests moderna bistrokoncept, d\u00e4r avslappnad atmosf\u00e4r m\u00f6ter v\u00e4llagad mat av h\u00f6g kvalitet. <\/strong>H\u00e4r upplever du n\u00e4rheten till k\u00f6ket och mathantverket \u2013 d\u00e4r dofterna, smakerna och de omsorgsfullt tillagade r\u00e5varorna skapar en genuin upplevelse.<\/div><div data-offset-key=\"4g5f3-0-0\">\u00a0<\/div><\/div><div class=\"\" data-block=\"true\" data-editor=\"dvdvb\" data-offset-key=\"7j4se-0-0\"><div class=\"public-DraftStyleDefault-block public-DraftStyleDefault-ltr\" data-offset-key=\"7j4se-0-0\"><span data-offset-key=\"7j4se-0-0\"><strong>I en stilren och inbjudande milj\u00f6 kan g\u00e4ster njuta av smakrika luncher och en varm, personlig service.<\/strong> Klassiska r\u00e4tter m\u00f6ter moderna influenser, och menyn f\u00f6ljer s\u00e4songens b\u00e4sta r\u00e5varor med h\u00e5llbara val i fokus.<\/span><\/div><div data-offset-key=\"7j4se-0-0\">\u00a0<\/div><\/div><div class=\"\" data-block=\"true\" data-editor=\"dvdvb\" data-offset-key=\"3a6ra-0-0\"><div class=\"public-DraftStyleDefault-block public-DraftStyleDefault-ltr\" data-offset-key=\"3a6ra-0-0\"><span data-offset-key=\"3a6ra-0-0\">Oavsett om du \u00e4r ute efter en snabb aff\u00e4rslunch eller en plats att koppla av en stund, bjuder Pocket p\u00e5 en upplevelse d\u00e4r maten och hantverket st\u00e5r i centrum.<\/span><\/div><div data-offset-key=\"3a6ra-0-0\">\u00a0<\/div><div data-offset-key=\"3a6ra-0-0\"><strong>V\u00e4lkommen till Pocket \u2013 d\u00e4r god mat och bra st\u00e4mning g\u00e5r hand i ficka.<\/strong><\/div><\/div>\t\t\t\t\t\t\t\t<\/div>\n\t\t\t\t<div class=\"elementor-element elementor-element-0336582 elementor-widget elementor-widget-button\" data-id=\"0336582\" data-element_type=\"widget\" data-e-type=\"widget\" data-widget_type=\"button.default\">\n\t\t\t\t\t\t\t\t\t\t<a class=\"elementor-button elementor-button-link elementor-size-sm\" href=\"https:\/\/www.nordrest.se\/restaurang\/pocket-arenastaden\/\" target=\"_blank\" rel=\"noopener\">\n\t\t\t\t\t\t<span class=\"elementor-button-content-wrapper\">\n\t\t\t\t\t\t\t\t\t<span class=\"elementor-button-text\">nordrest.se<\/span>\n\t\t\t\t\t<\/span>\n\t\t\t\t\t<\/a>\n\t\t\t\t\t\t\t\t<\/div>\n\t\t\t\t<\/div>\n\t\t\t\t\t<\/div>\n\t\t\t\t<\/div>\n\t\t\t\t<\/div>\n\t\t","protected":false},"excerpt":{"rendered":"<p>Bistro Bistro-konceptet erbjuder en avslappnad men h\u00f6gkvalitativ matupplevelse d\u00e4r v\u00e4llagad mat och noggrant utvalda r\u00e5varor st\u00e5r i fokus. H\u00e4r kombineras klassiska smaker med moderna influenser i en stilren och inbjudande milj\u00f6. Boka ett m\u00f6te Bistro \u2013 Smaker att stanna f\u00f6r. Perfekt f\u00f6r aff\u00e4rsluncher och en avkopplande afterwork. Med en meny som f\u00f6ljer s\u00e4songerna och ett [&hellip;]<\/p>\n","protected":false},"author":5,"featured_media":0,"parent":4047,"menu_order":10,"comment_status":"closed","ping_status":"closed","template":"","meta":{"_acf_changed":false,"footnotes":""},"class_list":["post-16837","page","type-page","status-publish","hentry"],"acf":[],"_links":{"self":[{"href":"https:\/\/nordrest.fi\/sv\/wp-json\/wp\/v2\/pages\/16837","targetHints":{"allow":["GET"]}}],"collection":[{"href":"https:\/\/nordrest.fi\/sv\/wp-json\/wp\/v2\/pages"}],"about":[{"href":"https:\/\/nordrest.fi\/sv\/wp-json\/wp\/v2\/types\/page"}],"author":[{"embeddable":true,"href":"https:\/\/nordrest.fi\/sv\/wp-json\/wp\/v2\/users\/5"}],"replies":[{"embeddable":true,"href":"https:\/\/nordrest.fi\/sv\/wp-json\/wp\/v2\/comments?post=16837"}],"version-history":[{"count":0,"href":"https:\/\/nordrest.fi\/sv\/wp-json\/wp\/v2\/pages\/16837\/revisions"}],"up":[{"embeddable":true,"href":"https:\/\/nordrest.fi\/sv\/wp-json\/wp\/v2\/pages\/4047"}],"wp:attachment":[{"href":"https:\/\/nordrest.fi\/sv\/wp-json\/wp\/v2\/media?parent=16837"}],"curies":[{"name":"wp","href":"https:\/\/api.w.org\/{rel}","templated":true}]}}