{"id":13944,"date":"2024-03-27T13:14:17","date_gmt":"2024-03-27T12:14:17","guid":{"rendered":"https:\/\/www.nordrest.se\/?page_id=13944"},"modified":"2025-07-08T08:25:57","modified_gmt":"2025-07-08T06:25:57","slug":"catering","status":"publish","type":"page","link":"https:\/\/nordrest.fi\/sv\/catering\/","title":{"rendered":"Catering by Nordrest"},"content":{"rendered":"\t\t<div data-elementor-type=\"wp-page\" data-elementor-id=\"13944\" class=\"elementor elementor-13944\" data-elementor-post-type=\"page\">\n\t\t\t\t<div data-dce-background-overlay-color=\"#080808\" class=\"elementor-element elementor-element-ece3706 e-ecs-flex e-flex e-con-boxed e-con e-parent\" data-id=\"ece3706\" data-element_type=\"container\" data-e-type=\"container\" data-settings=\"{&quot;background_background&quot;:&quot;video&quot;,&quot;background_video_link&quot;:&quot;https:\\\/\\\/nordrest.fi\\\/wp-content\\\/uploads\\\/2025\\\/02\\\/Nordrest-catering-webb.mp4&quot;,&quot;background_play_on_mobile&quot;:&quot;yes&quot;,&quot;ecs_container_type&quot;:&quot;flex&quot;}\">\n\t\t\t\t\t<div class=\"e-con-inner\">\n\t\t<div class=\"elementor-background-video-container\">\n\t\t\t\t\t\t\t<video class=\"elementor-background-video-hosted\" role=\"presentation\" autoplay muted playsinline loop><\/video>\n\t\t\t\t\t<\/div>\t\t<div class=\"elementor-element elementor-element-6408f61 elementor-widget elementor-widget-heading\" data-id=\"6408f61\" data-element_type=\"widget\" data-e-type=\"widget\" data-widget_type=\"heading.default\">\n\t\t\t\t\t<h1 class=\"elementor-heading-title elementor-size-default\">Catering<\/h1>\t\t\t\t<\/div>\n\t\t\t\t<div data-dce-text-color=\"#FFFFFF\" class=\"elementor-element elementor-element-6d2fdfc elementor-widget__width-initial elementor-widget-tablet__width-inherit elementor-widget-mobile__width-inherit elementor-widget elementor-widget-text-editor\" data-id=\"6d2fdfc\" data-element_type=\"widget\" data-e-type=\"widget\" data-widget_type=\"text-editor.default\">\n\t\t\t\t\t\t\t\t\t<p>Nordrest erbjuder flexibla och h\u00f6gkvalitativa cateringl\u00f6sningar f\u00f6r f\u00f6retag och organisationer. V\u00e5ra menyer anpassas alltid efter ert specifika evenemang, med fokus p\u00e5 smak, kvalitet och h\u00e5llbarhet.<\/p>\t\t\t\t\t\t\t\t<\/div>\n\t\t\t\t<div class=\"elementor-element elementor-element-3703fe7 elementor-mobile-align-justify elementor-tablet-align-justify elementor-widget elementor-widget-button\" data-id=\"3703fe7\" data-element_type=\"widget\" data-e-type=\"widget\" data-widget_type=\"button.default\">\n\t\t\t\t\t\t\t\t\t\t<a class=\"elementor-button elementor-button-link elementor-size-sm\" href=\"#kontakt\">\n\t\t\t\t\t\t<span class=\"elementor-button-content-wrapper\">\n\t\t\t\t\t\t<span class=\"elementor-button-icon\">\n\t\t\t\t<i aria-hidden=\"true\" class=\"fas fa-arrow-down\"><\/i>\t\t\t<\/span>\n\t\t\t\t\t\t\t\t\t<span class=\"elementor-button-text\">Boka ett m\u00f6te<\/span>\n\t\t\t\t\t<\/span>\n\t\t\t\t\t<\/a>\n\t\t\t\t\t\t\t\t<\/div>\n\t\t\t\t\t<\/div>\n\t\t\t\t<\/div>\n\t\t<div class=\"elementor-element elementor-element-4fbc072 e-ecs-flex e-flex e-con-boxed e-con e-parent\" data-id=\"4fbc072\" data-element_type=\"container\" data-e-type=\"container\" data-settings=\"{&quot;background_background&quot;:&quot;classic&quot;,&quot;ecs_container_type&quot;:&quot;flex&quot;}\">\n\t\t\t\t\t<div class=\"e-con-inner\">\n\t\t<div class=\"elementor-element elementor-element-ecd6a8f e-con-full e-ecs-flex e-flex e-con e-child\" data-id=\"ecd6a8f\" data-element_type=\"container\" data-e-type=\"container\" data-settings=\"{&quot;ecs_container_type&quot;:&quot;flex&quot;}\">\n\t\t<div data-dce-background-image-url=\"https:\/\/nordrest.fi\/wp-content\/uploads\/2023\/03\/engin-akyurt-eqMHmoe550Y-unsplash.jpg\" class=\"elementor-element elementor-element-a99d561 e-con-full e-ecs-flex e-flex e-con e-child\" data-id=\"a99d561\" data-element_type=\"container\" data-e-type=\"container\" data-settings=\"{&quot;background_background&quot;:&quot;classic&quot;,&quot;ecs_container_type&quot;:&quot;flex&quot;}\">\n\t\t\t\t<\/div>\n\t\t<div data-dce-background-image-url=\"https:\/\/nordrest.fi\/wp-content\/uploads\/2025\/02\/Nordrest-Catering-54.webp\" class=\"elementor-element elementor-element-ccaa411 e-con-full e-ecs-flex e-flex e-con e-child\" data-id=\"ccaa411\" data-element_type=\"container\" data-e-type=\"container\" data-settings=\"{&quot;background_background&quot;:&quot;classic&quot;,&quot;ecs_container_type&quot;:&quot;flex&quot;}\">\n\t\t\t\t<\/div>\n\t\t\t\t<\/div>\n\t\t<div class=\"elementor-element elementor-element-9c2fd17 e-con-full e-ecs-flex e-flex e-con e-child\" data-id=\"9c2fd17\" data-element_type=\"container\" data-e-type=\"container\" data-settings=\"{&quot;ecs_container_type&quot;:&quot;flex&quot;}\">\n\t\t\t\t<div class=\"elementor-element elementor-element-532d4e4 elementor-widget elementor-widget-heading\" data-id=\"532d4e4\" data-element_type=\"widget\" data-e-type=\"widget\" data-widget_type=\"heading.default\">\n\t\t\t\t\t<h2 class=\"elementor-heading-title elementor-size-default\">Skr\u00e4ddarsydd catering<\/h2>\t\t\t\t<\/div>\n\t\t\t\t<div class=\"elementor-element elementor-element-ae741cc elementor-widget__width-initial elementor-widget-tablet__width-inherit elementor-widget elementor-widget-heading\" data-id=\"ae741cc\" data-element_type=\"widget\" data-e-type=\"widget\" data-widget_type=\"heading.default\">\n\t\t\t\t\t<h2 class=\"elementor-heading-title elementor-size-default\">F\u00f6r alla tillf\u00e4llen<\/h2>\t\t\t\t<\/div>\n\t\t<div class=\"elementor-element elementor-element-76139f1 e-con-full e-ecs-flex e-flex e-con e-child\" data-id=\"76139f1\" data-element_type=\"container\" data-e-type=\"container\" data-settings=\"{&quot;ecs_container_type&quot;:&quot;flex&quot;}\">\n\t\t<div data-dce-background-image-url=\"https:\/\/nordrest.fi\/wp-content\/uploads\/2025\/02\/Nordrest-Catering-68.webp\" class=\"elementor-element elementor-element-290735e e-con-full elementor-hidden-tablet elementor-hidden-mobile e-ecs-flex e-flex e-con e-child\" data-id=\"290735e\" data-element_type=\"container\" data-e-type=\"container\" data-settings=\"{&quot;background_background&quot;:&quot;classic&quot;,&quot;ecs_container_type&quot;:&quot;flex&quot;}\">\n\t\t\t\t<\/div>\n\t\t<div class=\"elementor-element elementor-element-b5d257d e-con-full e-ecs-flex e-flex e-con e-child\" data-id=\"b5d257d\" data-element_type=\"container\" data-e-type=\"container\" data-settings=\"{&quot;ecs_container_type&quot;:&quot;flex&quot;}\">\n\t\t\t\t<div class=\"elementor-element elementor-element-9085321 elementor-widget elementor-widget-text-editor\" data-id=\"9085321\" data-element_type=\"widget\" data-e-type=\"widget\" data-widget_type=\"text-editor.default\">\n\t\t\t\t\t\t\t\t\t<div class=\"\" data-block=\"true\" data-editor=\"ddcdj\" data-offset-key=\"cm3gd-0-0\"><div class=\"public-DraftStyleDefault-block public-DraftStyleDefault-ltr\" data-offset-key=\"cm3gd-0-0\"><strong>Oavsett om det g\u00e4ller en aff\u00e4rslunch, en f\u00f6retagsfest eller en st\u00f6rre sammankomst, skapar vi en matupplevelse som passar era behov och g\u00e4sters f\u00f6rv\u00e4ntningar.<\/strong><\/div><\/div><div data-offset-key=\"cm3gd-0-0\">\u00a0<\/div><div class=\"\" data-block=\"true\" data-editor=\"ddcdj\" data-offset-key=\"a5ao2-0-0\"><div class=\"public-DraftStyleDefault-block public-DraftStyleDefault-ltr\" data-offset-key=\"a5ao2-0-0\"><span data-offset-key=\"a5ao2-0-0\">Med l\u00e5ng erfarenhet av att leverera catering till allt fr\u00e5n mindre m\u00f6ten till stora evenemang, samarbetar vi med f\u00f6retag, kommuner, idrottsarrang\u00f6rer och andra akt\u00f6rer f\u00f6r att s\u00e4kerst\u00e4lla en smidig och professionell upplevelse. Vare sig det handlar om ett exklusivt mingel eller en stor konferens ser vi till att maten blir en minnesv\u00e4rd del av ert arrangemang.<\/span><\/div><div data-offset-key=\"a5ao2-0-0\"><div class=\"\" data-block=\"true\" data-editor=\"ddcdj\" data-offset-key=\"d9lvb-0-0\"><div data-offset-key=\"d9lvb-0-0\">\u00a0<\/div><div class=\"public-DraftStyleDefault-block public-DraftStyleDefault-ltr\" data-offset-key=\"d9lvb-0-0\"><strong>Vill ni veta mer om hur vi kan skapa en cateringl\u00f6sning som passar just er? <\/strong><\/div><\/div><div class=\"\" data-block=\"true\" data-editor=\"ddcdj\" data-offset-key=\"108lm-0-0\"><div data-offset-key=\"108lm-0-0\">\u00a0<\/div><div class=\"public-DraftStyleDefault-block public-DraftStyleDefault-ltr\" data-offset-key=\"108lm-0-0\"><strong>Kontakta oss s\u00e5 ber\u00e4ttar vi mer!<\/strong><\/div><\/div><\/div><\/div>\t\t\t\t\t\t\t\t<\/div>\n\t\t\t\t<div class=\"elementor-element elementor-element-97820d6 elementor-mobile-align-justify elementor-tablet-align-justify elementor-widget elementor-widget-button\" data-id=\"97820d6\" data-element_type=\"widget\" data-e-type=\"widget\" data-widget_type=\"button.default\">\n\t\t\t\t\t\t\t\t\t\t<a class=\"elementor-button elementor-button-link elementor-size-sm\" href=\"#kontakt\">\n\t\t\t\t\t\t<span class=\"elementor-button-content-wrapper\">\n\t\t\t\t\t\t<span class=\"elementor-button-icon\">\n\t\t\t\t<i aria-hidden=\"true\" class=\"fas fa-arrow-down\"><\/i>\t\t\t<\/span>\n\t\t\t\t\t\t\t\t\t<span class=\"elementor-button-text\">kontakta oss<\/span>\n\t\t\t\t\t<\/span>\n\t\t\t\t\t<\/a>\n\t\t\t\t\t\t\t\t<\/div>\n\t\t\t\t<\/div>\n\t\t\t\t<\/div>\n\t\t\t\t<\/div>\n\t\t\t\t\t<\/div>\n\t\t\t\t<\/div>\n\t\t<div data-dce-background-image-url=\"https:\/\/nordrest.fi\/wp-content\/uploads\/2025\/02\/Nordrest-Catering-18.webp\" class=\"elementor-element elementor-element-25eca54 e-ecs-flex e-flex e-con-boxed e-con e-parent\" data-id=\"25eca54\" data-element_type=\"container\" data-e-type=\"container\" data-settings=\"{&quot;background_background&quot;:&quot;classic&quot;,&quot;ecs_container_type&quot;:&quot;flex&quot;}\">\n\t\t\t\t\t<div class=\"e-con-inner\">\n\t\t\t\t<div class=\"elementor-element elementor-element-67663c2 elementor-widget__width-initial elementor-widget-tablet__width-inherit elementor-widget elementor-widget-heading\" data-id=\"67663c2\" data-element_type=\"widget\" data-e-type=\"widget\" data-widget_type=\"heading.default\">\n\t\t\t\t\t<h2 class=\"elementor-heading-title elementor-size-default\">Arenans matupplevelse \u2013 anpassad f\u00f6r varje evenemang<\/h2>\t\t\t\t<\/div>\n\t\t\t\t<div class=\"elementor-element elementor-element-b06267e elementor-widget__width-initial elementor-widget-tablet__width-inherit elementor-widget elementor-widget-text-editor\" data-id=\"b06267e\" data-element_type=\"widget\" data-e-type=\"widget\" data-widget_type=\"text-editor.default\">\n\t\t\t\t\t\t\t\t\t<div class=\"\" data-block=\"true\" data-editor=\"758jc\" data-offset-key=\"cfd77-0-0\"><div class=\"public-DraftStyleDefault-block public-DraftStyleDefault-ltr\" data-offset-key=\"cfd77-0-0\"><span data-offset-key=\"cfd77-0-0\"><strong>Vantaan Energia-Areena \u00e4r en arena f\u00f6r stora och varierade evenemang.<\/strong> H\u00e4r arrangeras b\u00e5de nationella och internationella t\u00e4vlingar i sporter som innebandy, futsal, basket och badminton. Ut\u00f6ver idrottsevenemang st\u00e5r arenan \u00e4ven v\u00e4rd f\u00f6r m\u00e4ssor och utst\u00e4llningar, fr\u00e5n f\u00f6retagsevent till djurutst\u00e4llningar.<\/span><\/div><div data-offset-key=\"cfd77-0-0\">\u00a0<\/div><\/div><div class=\"\" data-block=\"true\" data-editor=\"758jc\" data-offset-key=\"9758f-0-0\"><div class=\"public-DraftStyleDefault-block public-DraftStyleDefault-ltr\" data-offset-key=\"9758f-0-0\"><span data-offset-key=\"9758f-0-0\"><strong>Nordrest finns p\u00e5 plats vid varje evenemang f\u00f6r att leverera h\u00f6gkvalitativ mat och service.<\/strong> Fr\u00e5n v\u00e5rt caf\u00e9 erbjuder vi caf\u00e9service, matservering och VIP-l\u00f6sningar \u2013 allt anpassat efter arenans och bes\u00f6karnas behov. Vi har fullst\u00e4ndiga serveringsr\u00e4ttigheter i hallen och ser till att maten blir en naturlig del av evenemangsupplevelsen.<\/span><\/div><\/div><div class=\"\" data-block=\"true\" data-editor=\"758jc\" data-offset-key=\"67b49-0-0\"><div class=\"public-DraftStyleDefault-block public-DraftStyleDefault-ltr\" data-offset-key=\"67b49-0-0\"><span data-offset-key=\"67b49-0-0\">Sedan b\u00f6rjan av 2024 \u00e4r vi stolta \u00f6ver att vara den fasta restaurat\u00f6ren p\u00e5 Energia-Arenan.<\/span><\/div><div data-offset-key=\"67b49-0-0\">\u00a0<\/div><\/div><div class=\"\" data-block=\"true\" data-editor=\"758jc\" data-offset-key=\"coung-0-0\"><div class=\"public-DraftStyleDefault-block public-DraftStyleDefault-ltr\" data-offset-key=\"coung-0-0\"><strong>Planerar du ett evenemang?<br \/>Kontakta oss s\u00e5 skapar vi en skr\u00e4ddarsydd matupplevelse f\u00f6r dig och dina g\u00e4ster!<\/strong><\/div><\/div>\t\t\t\t\t\t\t\t<\/div>\n\t\t\t\t<div class=\"elementor-element elementor-element-5ea9cd1 elementor-mobile-align-justify elementor-tablet-align-left elementor-widget elementor-widget-button\" data-id=\"5ea9cd1\" data-element_type=\"widget\" data-e-type=\"widget\" data-widget_type=\"button.default\">\n\t\t\t\t\t\t\t\t\t\t<a class=\"elementor-button elementor-button-link elementor-size-sm\" href=\"#kontakt\">\n\t\t\t\t\t\t<span class=\"elementor-button-content-wrapper\">\n\t\t\t\t\t\t<span class=\"elementor-button-icon\">\n\t\t\t\t<i aria-hidden=\"true\" class=\"fas fa-arrow-down\"><\/i>\t\t\t<\/span>\n\t\t\t\t\t\t\t\t\t<span class=\"elementor-button-text\">Kontakta oss<\/span>\n\t\t\t\t\t<\/span>\n\t\t\t\t\t<\/a>\n\t\t\t\t\t\t\t\t<\/div>\n\t\t\t\t\t<\/div>\n\t\t\t\t<\/div>\n\t\t<div class=\"elementor-element elementor-element-872bce0 e-ecs-flex e-flex e-con-boxed e-con e-parent\" data-id=\"872bce0\" data-element_type=\"container\" data-e-type=\"container\" data-settings=\"{&quot;background_background&quot;:&quot;classic&quot;,&quot;ecs_container_type&quot;:&quot;flex&quot;}\">\n\t\t\t\t\t<div class=\"e-con-inner\">\n\t\t<div class=\"elementor-element elementor-element-bd0500c e-con-full e-ecs-flex e-flex e-con e-child\" data-id=\"bd0500c\" data-element_type=\"container\" data-e-type=\"container\" data-settings=\"{&quot;background_background&quot;:&quot;classic&quot;,&quot;ecs_container_type&quot;:&quot;flex&quot;}\">\n\t\t\t\t<div class=\"elementor-element elementor-element-60e5067 elementor-widget elementor-widget-menu-anchor\" data-id=\"60e5067\" data-element_type=\"widget\" data-e-type=\"widget\" data-widget_type=\"menu-anchor.default\">\n\t\t\t\t\t\t\t<div class=\"elementor-menu-anchor\" id=\"kontakt\"><\/div>\n\t\t\t\t\t\t<\/div>\n\t\t\t\t<div class=\"elementor-element elementor-element-2efd759 elementor-widget elementor-widget-heading\" data-id=\"2efd759\" data-element_type=\"widget\" data-e-type=\"widget\" data-widget_type=\"heading.default\">\n\t\t\t\t\t<h3 class=\"elementor-heading-title elementor-size-default\">Kontakta oss\n<\/h3>\t\t\t\t<\/div>\n\t\t\t\t<div class=\"elementor-element elementor-element-46b79da elementor-widget elementor-widget-text-editor\" data-id=\"46b79da\" data-element_type=\"widget\" data-e-type=\"widget\" data-widget_type=\"text-editor.default\">\n\t\t\t\t\t\t\t\t\t<p>Vill du veta mer om v\u00e5ra cateringl\u00f6sningar eller diskutera en skr\u00e4ddarsydd meny f\u00f6r ditt event? H\u00f6r av dig till oss s\u00e5 tar vi fram ett uppl\u00e4gg som passar\u2028 dina behov. Vi ser fram emot att skapa en minnesv\u00e4rd matupplevelse tillsammans med dig!<\/p>\t\t\t\t\t\t\t\t<\/div>\n\t\t\t\t<div class=\"elementor-element elementor-element-48ceff7 elementor-button-align-stretch elementor-widget elementor-widget-form\" data-id=\"48ceff7\" data-element_type=\"widget\" data-e-type=\"widget\" data-settings=\"{&quot;step_next_label&quot;:&quot;N\\u00e4sta&quot;,&quot;step_previous_label&quot;:&quot;F\\u00f6reg\\u00e5ende&quot;,&quot;button_width&quot;:&quot;100&quot;,&quot;step_type&quot;:&quot;number_text&quot;,&quot;step_icon_shape&quot;:&quot;circle&quot;}\" data-widget_type=\"form.default\">\n\t\t\t\t\t\t\t<form class=\"elementor-form\" method=\"post\" name=\"Nytt formul\u00e4r\" aria-label=\"Nytt formul\u00e4r\">\n\t\t\t<input type=\"hidden\" name=\"post_id\" value=\"13944\"\/>\n\t\t\t<input type=\"hidden\" name=\"form_id\" value=\"48ceff7\"\/>\n\t\t\t<input type=\"hidden\" name=\"referer_title\" value=\"Catering by Nordrest - Nordrest\" \/>\n\n\t\t\t\t\t\t\t<input type=\"hidden\" name=\"queried_id\" value=\"13944\"\/>\n\t\t\t\n\t\t\t<div class=\"elementor-form-fields-wrapper elementor-labels-above\">\n\t\t\t\t\t\t\t\t<div class=\"elementor-field-type-text elementor-field-group elementor-column elementor-field-group-name elementor-col-100\">\n\t\t\t\t\t\t\t\t\t\t\t\t<label for=\"form-field-name\" class=\"elementor-field-label\">\n\t\t\t\t\t\t\t\tNamn\t\t\t\t\t\t\t<\/label>\n\t\t\t\t\t\t\t\t\t\t\t\t\t\t<input size=\"1\" type=\"text\" name=\"form_fields[name]\" id=\"form-field-name\" class=\"elementor-field elementor-size-sm  elementor-field-textual\" placeholder=\"Namn\">\n\t\t\t\t\t\t\t\t\t\t\t<\/div>\n\t\t\t\t\t\t\t\t<div class=\"elementor-field-type-email elementor-field-group elementor-column elementor-field-group-email elementor-col-100 elementor-field-required\">\n\t\t\t\t\t\t\t\t\t\t\t\t<label for=\"form-field-email\" class=\"elementor-field-label\">\n\t\t\t\t\t\t\t\tE-post\t\t\t\t\t\t\t<\/label>\n\t\t\t\t\t\t\t\t\t\t\t\t\t\t<input size=\"1\" type=\"email\" name=\"form_fields[email]\" id=\"form-field-email\" class=\"elementor-field elementor-size-sm  elementor-field-textual\" placeholder=\"E-post\" required=\"required\">\n\t\t\t\t\t\t\t\t\t\t\t<\/div>\n\t\t\t\t\t\t\t\t<div class=\"elementor-field-type-tel elementor-field-group elementor-column elementor-field-group-field_b9f01bb elementor-col-100 elementor-field-required\">\n\t\t\t\t\t\t\t\t\t\t\t\t<label for=\"form-field-field_b9f01bb\" class=\"elementor-field-label\">\n\t\t\t\t\t\t\t\tTelefonnummer\t\t\t\t\t\t\t<\/label>\n\t\t\t\t\t\t\t\t<input size=\"1\" type=\"tel\" name=\"form_fields[field_b9f01bb]\" id=\"form-field-field_b9f01bb\" class=\"elementor-field elementor-size-sm  elementor-field-textual\" placeholder=\"Telefonnummer\" required=\"required\" pattern=\"[0-9()#&amp;+*-=.]+\" title=\"Endast siffror och telefontecken (#, -, *, etc) accepteras.\">\n\n\t\t\t\t\t\t<\/div>\n\t\t\t\t\t\t\t\t<div class=\"elementor-field-type-textarea elementor-field-group elementor-column elementor-field-group-message elementor-col-100\">\n\t\t\t\t\t\t\t\t\t\t\t\t<label for=\"form-field-message\" class=\"elementor-field-label\">\n\t\t\t\t\t\t\t\tMeddelande\t\t\t\t\t\t\t<\/label>\n\t\t\t\t\t\t<textarea class=\"elementor-field-textual elementor-field  elementor-size-sm\" name=\"form_fields[message]\" id=\"form-field-message\" rows=\"4\" placeholder=\"Meddelande\"><\/textarea>\t\t\t\t<\/div>\n\t\t\t\t\t\t\t\t<div class=\"elementor-field-group elementor-column elementor-field-type-submit elementor-col-100 e-form__buttons\">\n\t\t\t\t\t<button class=\"elementor-button elementor-size-sm\" type=\"submit\">\n\t\t\t\t\t\t<span class=\"elementor-button-content-wrapper\">\n\t\t\t\t\t\t\t\t\t\t\t\t\t\t\t\t\t\t\t\t\t\t<span class=\"elementor-button-text\">Skicka<\/span>\n\t\t\t\t\t\t\t\t\t\t\t\t\t<\/span>\n\t\t\t\t\t<\/button>\n\t\t\t\t<\/div>\n\t\t\t<\/div>\n\t\t<\/form>\n\t\t\t\t\t\t<\/div>\n\t\t\t\t<\/div>\n\t\t\t\t\t<\/div>\n\t\t\t\t<\/div>\n\t\t\t\t<\/div>\n\t\t","protected":false},"excerpt":{"rendered":"<p>Catering Nordrest erbjuder flexibla och h\u00f6gkvalitativa cateringl\u00f6sningar f\u00f6r f\u00f6retag och organisationer. V\u00e5ra menyer anpassas alltid efter ert specifika evenemang, med fokus p\u00e5 smak, kvalitet och h\u00e5llbarhet. Boka ett m\u00f6te Skr\u00e4ddarsydd catering F\u00f6r alla tillf\u00e4llen Oavsett om det g\u00e4ller en aff\u00e4rslunch, en f\u00f6retagsfest eller en st\u00f6rre sammankomst, skapar vi en matupplevelse som passar era behov och [&hellip;]<\/p>\n","protected":false},"author":10,"featured_media":0,"parent":0,"menu_order":45,"comment_status":"closed","ping_status":"closed","template":"","meta":{"_acf_changed":false,"footnotes":""},"class_list":["post-13944","page","type-page","status-publish","hentry"],"acf":[],"_links":{"self":[{"href":"https:\/\/nordrest.fi\/sv\/wp-json\/wp\/v2\/pages\/13944","targetHints":{"allow":["GET"]}}],"collection":[{"href":"https:\/\/nordrest.fi\/sv\/wp-json\/wp\/v2\/pages"}],"about":[{"href":"https:\/\/nordrest.fi\/sv\/wp-json\/wp\/v2\/types\/page"}],"author":[{"embeddable":true,"href":"https:\/\/nordrest.fi\/sv\/wp-json\/wp\/v2\/users\/10"}],"replies":[{"embeddable":true,"href":"https:\/\/nordrest.fi\/sv\/wp-json\/wp\/v2\/comments?post=13944"}],"version-history":[{"count":0,"href":"https:\/\/nordrest.fi\/sv\/wp-json\/wp\/v2\/pages\/13944\/revisions"}],"wp:attachment":[{"href":"https:\/\/nordrest.fi\/sv\/wp-json\/wp\/v2\/media?parent=13944"}],"curies":[{"name":"wp","href":"https:\/\/api.w.org\/{rel}","templated":true}]}}